{"id":1093,"date":"2013-09-06T09:42:48","date_gmt":"2013-09-06T08:42:48","guid":{"rendered":"http:\/\/www.mundolingua.org\/?page_id=1093"},"modified":"2026-01-30T14:42:57","modified_gmt":"2026-01-30T13:42:57","slug":"tarifs","status":"publish","type":"page","link":"https:\/\/www.mundolingua.org\/zh-hans\/tarifs\/","title":{"rendered":"TARIFS"},"content":{"rendered":"<p><strong>CONDITIONS ET TARIFS<\/strong><\/p>\n<ul>\n<li>ADULTE :\u00a0 10\u20ac<\/li>\n<li>ENFANT (4 \u00e0 12 ANS) : 7\u20ac<\/li>\n<li>TARIF R\u00c9DUIT* :\u00a0 8\u20ac<\/li>\n<\/ul>\n<p>* Jeunes (moins de 26 ans), seniors (plus de 65 ans) et ch\u00f4meurs, sur pr\u00e9sentation d\u2019un justificatif.<\/p>\n<p><strong>CONDITIONS GROUPES<\/strong><\/p>\n<p><strong>Visites autonomes<\/strong><\/p>\n<ul>\n<li>\u00a0Tarif r\u00e9duit 8\u20ac\/pers. \u00e0 partir de 10 personnes.<\/li>\n<\/ul>\n<p><strong>Visites guid\u00e9es<\/strong><\/p>\n<ul>\n<li>A partir de 5 personnes, avec un suppl\u00e9ment de 3\u20ac\/pers. \u00a0Gratuit\u00e9 pour les accompagnateurs des groupes scolaires.<\/li>\n<\/ul>\n<p><strong>PASS MUNDOLINGUA PASSION<\/strong><\/p>\n<p>Le Pass Mundolingua Passion vous donne un acc\u00e8s illimit\u00e9 \u00e0 Mundolingua, pendant un an (\u00e0 compter de la date d\u2019achat) et vous informe de nos \u00e9v\u00e9nements,\u00a0en avant-premi\u00e8re, pour lesquels vous pourrez b\u00e9n\u00e9ficier de r\u00e9ductions (annonce de la r\u00e9duction lors de l&#8217;\u00e9v\u00e9nement). \u00a0Le Pass est personnel et non cessible.<\/p>\n<ul>\n<li>PASS ADULTE :\u00a0 \u00a0 \u00a0 \u00a0 \u00a0 \u00a0 \u00a0 \u00a0 \u00a0 \u00a0 \u00a0 \u00a0 \u00a0 \u00a0 \u00a030 \u20ac<\/li>\n<li>PASS TARIF REDUIT :\u00a0 \u00a0 \u00a020 \u20ac<\/li>\n<li>PASS DUO : 50\u20ac<\/li>\n<\/ul>\n","protected":false},"excerpt":{"rendered":"<p>CONDITIONS ET TARIFS ADULTE :\u00a0 10\u20ac ENFANT (4 \u00e0 12 ANS)  [&hellip;]<\/p>\n","protected":false},"author":3,"featured_media":0,"parent":0,"menu_order":0,"comment_status":"closed","ping_status":"closed","template":"","meta":{"footnotes":""},"_links":{"self":[{"href":"https:\/\/www.mundolingua.org\/zh-hans\/wp-json\/wp\/v2\/pages\/1093"}],"collection":[{"href":"https:\/\/www.mundolingua.org\/zh-hans\/wp-json\/wp\/v2\/pages"}],"about":[{"href":"https:\/\/www.mundolingua.org\/zh-hans\/wp-json\/wp\/v2\/types\/page"}],"author":[{"embeddable":true,"href":"https:\/\/www.mundolingua.org\/zh-hans\/wp-json\/wp\/v2\/users\/3"}],"replies":[{"embeddable":true,"href":"https:\/\/www.mundolingua.org\/zh-hans\/wp-json\/wp\/v2\/comments?post=1093"}],"version-history":[{"count":10,"href":"https:\/\/www.mundolingua.org\/zh-hans\/wp-json\/wp\/v2\/pages\/1093\/revisions"}],"predecessor-version":[{"id":7072,"href":"https:\/\/www.mundolingua.org\/zh-hans\/wp-json\/wp\/v2\/pages\/1093\/revisions\/7072"}],"wp:attachment":[{"href":"https:\/\/www.mundolingua.org\/zh-hans\/wp-json\/wp\/v2\/media?parent=1093"}],"curies":[{"name":"wp","href":"https:\/\/api.w.org\/{rel}","templated":true}]}}