{"id":1063,"date":"2015-08-31T09:55:53","date_gmt":"2015-08-31T08:55:53","guid":{"rendered":"http:\/\/www.mundolingua.org\/?page_id=1063"},"modified":"2019-07-18T10:51:23","modified_gmt":"2019-07-18T09:51:23","slug":"1063-2","status":"publish","type":"page","link":"https:\/\/www.mundolingua.org\/zh-hans\/","title":{"rendered":"BIENVENUE"},"content":{"rendered":"<div id='av-layout-grid-1'  class='av-layout-grid-container av-av_layout_row-47be469afe8b40b0e817c87181d3e528 entry-content-wrapper main_color av-flex-cells  avia-builder-el-0  el_before_av_one_half  avia-builder-el-first   container_wrap sidebar_right'  >\n\n<style type=\"text\/css\" data-created_by=\"avia_inline_auto\" id=\"style-css-av-av_cell_one_half-39fbb552954328fcc50ac6e03a2b9005\">\n.flex_cell.av-av_cell_one_half-39fbb552954328fcc50ac6e03a2b9005{\nvertical-align:middle;\nheight:400px;\nmin-height:400px;\nbackground-color:#780d14;\n}\n.responsive #top #wrap_all .flex_cell.av-av_cell_one_half-39fbb552954328fcc50ac6e03a2b9005{\npadding:80px 80px 80px 80px !important;\n}\n<\/style>\n<div class='flex_cell av-av_cell_one_half-39fbb552954328fcc50ac6e03a2b9005 av-gridrow-cell av_one_half no_margin  avia-builder-el-1  el_before_av_cell_one_half  avia-builder-el-first '  ><div class='flex_cell_inner'><p>\n<style type=\"text\/css\" data-created_by=\"avia_inline_auto\" id=\"style-css-av-av_heading-8135563a83e9f21079b0d645c099a9d1\">\n#top .av-special-heading.av-av_heading-8135563a83e9f21079b0d645c099a9d1{\npadding-bottom:10px;\ncolor:#ffffff;\nfont-size:50px;\n}\nbody .av-special-heading.av-av_heading-8135563a83e9f21079b0d645c099a9d1 .av-special-heading-tag .heading-char{\nfont-size:25px;\n}\n#top #wrap_all .av-special-heading.av-av_heading-8135563a83e9f21079b0d645c099a9d1 .av-special-heading-tag{\nfont-size:50px;\n}\n.av-special-heading.av-av_heading-8135563a83e9f21079b0d645c099a9d1 .special-heading-inner-border{\nborder-color:#ffffff;\n}\n.av-special-heading.av-av_heading-8135563a83e9f21079b0d645c099a9d1 .av-subheading{\nfont-size:15px;\n}\n\n@media only screen and (min-width: 480px) and (max-width: 767px){ \n#top #wrap_all .av-special-heading.av-av_heading-8135563a83e9f21079b0d645c099a9d1 .av-special-heading-tag{\nfont-size:0.8em;\n}\n}\n\n@media only screen and (max-width: 479px){ \n#top #wrap_all .av-special-heading.av-av_heading-8135563a83e9f21079b0d645c099a9d1 .av-special-heading-tag{\nfont-size:0.8em;\n}\n}\n<\/style>\n<div  class='av-special-heading av-av_heading-8135563a83e9f21079b0d645c099a9d1 av-special-heading-h1 custom-color-heading blockquote modern-quote  avia-builder-el-2  el_before_av_textblock  avia-builder-el-first  av-inherit-size'><div class='av_custom_color av-subheading av-subheading_above'><p>Bienvenue dans le monde des langues, du langage et de la linguistique<\/p>\n<\/div><h1 class='av-special-heading-tag '  itemprop=\"headline\"  >le Mus\u00e9e des Langues<\/h1><div class=\"special-heading-border\"><div class=\"special-heading-inner-border\"><\/div><\/div><\/div><br \/>\n\n<style type=\"text\/css\" data-created_by=\"avia_inline_auto\" id=\"style-css-av-av_textblock-b20b913b1d663f69b63d4fc9c2aa1afb\">\n#top .av_textblock_section.av-av_textblock-b20b913b1d663f69b63d4fc9c2aa1afb .avia_textblock{\nfont-size:20px;\ncolor:#ffffff;\n}\n<\/style>\n<section  class='av_textblock_section av-av_textblock-b20b913b1d663f69b63d4fc9c2aa1afb '   itemscope=\"itemscope\" itemtype=\"https:\/\/schema.org\/CreativeWork\" ><div class='avia_textblock av_inherit_color'  itemprop=\"text\" ><p>Omnipr\u00e9sent jusqu\u2019\u00e0 l\u2019intimit\u00e9 de nos r\u00eaves, le langage joue un r\u00f4le d\u00e9terminant dans notre vie.<\/p>\n<p>Sur pr\u00e8s de 170m\u00b2, l\u2019exposition permanente MUNDOLINGUA vous invite \u00e0 d\u00e9couvrir ses secrets \u00e0 travers une visite insolite de ses nombreuses alc\u00f4ves th\u00e9matiques.<\/p>\n<\/div><\/section><br \/>\n<div  class='avia-button-wrap av-av_button-5b95eb03ffd42821445acf0378e11d21-wrap avia-button-center  avia-builder-el-4  el_after_av_textblock  avia-builder-el-last '><a href='https:\/\/www.mundolingua.org\/le-musee-des-langues\/'  class='avia-button av-av_button-5b95eb03ffd42821445acf0378e11d21 av-link-btn avia-icon_select-yes-left-icon avia-size-x-large avia-position-center av-icon-on-hover avia-color-light'   aria-label=\"Suivez le guide...\"><span class='avia_button_icon avia_button_icon_left' aria-hidden='true' data-av_icon='\ue832' data-av_iconfont='entypo-fontello'><\/span><span class='avia_iconbox_title' >Suivez le guide...<\/span><\/a><\/div><\/p>\n<\/div><\/div>\n<style type=\"text\/css\" data-created_by=\"avia_inline_auto\" id=\"style-css-av-av_cell_one_half-e905835c647b20b23f67544347d4e8e6\">\n.flex_cell.av-av_cell_one_half-e905835c647b20b23f67544347d4e8e6{\nvertical-align:top;\nheight:400px;\nmin-height:400px;\nbackground-color:#780d14;\n}\n.responsive #top #wrap_all .flex_cell.av-av_cell_one_half-e905835c647b20b23f67544347d4e8e6{\npadding:0px 0px 0px 0px !important;\n}\n<\/style>\n<div class='flex_cell av-av_cell_one_half-e905835c647b20b23f67544347d4e8e6 av-gridrow-cell av_one_half no_margin  avia-builder-el-5  el_after_av_cell_one_half  avia-builder-el-last  av-zero-padding'  ><div class='flex_cell_inner'><div  class='avia-slideshow av-av_slideshow-5b42eb84df3970bbb889463536e32d6f avia-slideshow-no scaling av_slideshow avia-slide-slider  avia-builder-el-6  avia-builder-el-no-sibling  av-slideshow-ui av-control-default av-slideshow-autoplay av-loop-endless av-loop-manual-endless av-default-height-applied avia-slideshow-1' data-slideshow-options=\"{&quot;animation&quot;:&quot;slide&quot;,&quot;autoplay&quot;:true,&quot;loop_autoplay&quot;:&quot;endless&quot;,&quot;interval&quot;:5,&quot;loop_manual&quot;:&quot;manual-endless&quot;,&quot;autoplay_stopper&quot;:false,&quot;noNavigation&quot;:false,&quot;bg_slider&quot;:false,&quot;keep_padding&quot;:false,&quot;hoverpause&quot;:false,&quot;show_slide_delay&quot;:0}\"  itemprop=\"image\" itemscope=\"itemscope\" itemtype=\"https:\/\/schema.org\/ImageObject\" ><ul class='avia-slideshow-inner ' style='padding-bottom: 75%;'><li  class='avia-slideshow-slide av-av_slideshow-5b42eb84df3970bbb889463536e32d6f__0  slide-1 slide-odd'><div data-rel='slideshow-1' class='avia-slide-wrap '   ><img decoding=\"async\" fetchpriority=\"high\" class=\"wp-image-5572 avia-img-lazy-loading-not-5572\"  src=\"https:\/\/www.mundolingua.org\/wp-content\/uploads\/2013\/09\/gopr0661w1400.jpg\" width=\"800\" height=\"600\" title='DCIM100GOPROGOPR0661.' alt=''  itemprop=\"thumbnailUrl\" srcset=\"https:\/\/www.mundolingua.org\/wp-content\/uploads\/2013\/09\/gopr0661w1400.jpg 800w, https:\/\/www.mundolingua.org\/wp-content\/uploads\/2013\/09\/gopr0661w1400-300x225.jpg 300w, https:\/\/www.mundolingua.org\/wp-content\/uploads\/2013\/09\/gopr0661w1400-705x529.jpg 705w, https:\/\/www.mundolingua.org\/wp-content\/uploads\/2013\/09\/gopr0661w1400-450x338.jpg 450w\" sizes=\"(max-width: 800px) 100vw, 800px\" \/><\/div><\/li><li  class='avia-slideshow-slide av-av_slideshow-5b42eb84df3970bbb889463536e32d6f__1  slide-2 slide-even'><div data-rel='slideshow-1' class='avia-slide-wrap '   ><img decoding=\"async\" fetchpriority=\"high\" class=\"wp-image-5596 avia-img-lazy-loading-not-5596\"  src=\"https:\/\/www.mundolingua.org\/wp-content\/uploads\/2013\/09\/GOPR0715.jpg\" width=\"4000\" height=\"3000\" title='DCIM100GOPROGOPR0715.' alt=''  itemprop=\"thumbnailUrl\" srcset=\"https:\/\/www.mundolingua.org\/wp-content\/uploads\/2013\/09\/GOPR0715.jpg 4000w, https:\/\/www.mundolingua.org\/wp-content\/uploads\/2013\/09\/GOPR0715-300x225.jpg 300w, https:\/\/www.mundolingua.org\/wp-content\/uploads\/2013\/09\/GOPR0715-1030x773.jpg 1030w, https:\/\/www.mundolingua.org\/wp-content\/uploads\/2013\/09\/GOPR0715-1500x1125.jpg 1500w, https:\/\/www.mundolingua.org\/wp-content\/uploads\/2013\/09\/GOPR0715-705x529.jpg 705w, https:\/\/www.mundolingua.org\/wp-content\/uploads\/2013\/09\/GOPR0715-450x338.jpg 450w\" sizes=\"(max-width: 4000px) 100vw, 4000px\" \/><\/div><\/li><li  class='avia-slideshow-slide av-av_slideshow-5b42eb84df3970bbb889463536e32d6f__2  slide-3 slide-odd'><div data-rel='slideshow-1' class='avia-slide-wrap '   ><img decoding=\"async\" fetchpriority=\"high\" class=\"wp-image-5566 avia-img-lazy-loading-not-5566\"  src=\"https:\/\/www.mundolingua.org\/wp-content\/uploads\/2013\/09\/gopr0657w1400.jpg\" width=\"800\" height=\"600\" title='DCIM100GOPROGOPR0657.' alt=''  itemprop=\"thumbnailUrl\" srcset=\"https:\/\/www.mundolingua.org\/wp-content\/uploads\/2013\/09\/gopr0657w1400.jpg 800w, https:\/\/www.mundolingua.org\/wp-content\/uploads\/2013\/09\/gopr0657w1400-300x225.jpg 300w, https:\/\/www.mundolingua.org\/wp-content\/uploads\/2013\/09\/gopr0657w1400-705x529.jpg 705w, https:\/\/www.mundolingua.org\/wp-content\/uploads\/2013\/09\/gopr0657w1400-450x338.jpg 450w\" sizes=\"(max-width: 800px) 100vw, 800px\" \/><\/div><\/li><\/ul><div class='avia-slideshow-arrows avia-slideshow-controls' ><a href='#prev' class='prev-slide ' aria-hidden='true' data-av_icon='\ue87c' data-av_iconfont='entypo-fontello'  tabindex='-1'>\u4e0a\u4e00\u9875<\/a><a href='#next' class='next-slide ' aria-hidden='true' data-av_icon='\ue87d' data-av_iconfont='entypo-fontello'  tabindex='-1'>\u4e0b\u4e00\u9875<\/a><\/div><div class='avia-slideshow-dots avia-slideshow-controls'><a href='#1' class='goto-slide active' >1<\/a><a href='#2' class='goto-slide ' >2<\/a><a href='#3' class='goto-slide ' >3<\/a><\/div><\/div>\n<\/div><\/div>\n<\/div><div id='after_grid_row_1'  class='main_color av_default_container_wrap container_wrap sidebar_right'  ><div class='container av-section-cont-open' ><div class='template-page content  av-content-small alpha units'><div class='post-entry post-entry-type-page post-entry-1063'><div class='entry-content-wrapper clearfix'>\n\n<style type=\"text\/css\" data-created_by=\"avia_inline_auto\" id=\"style-css-av-av_one_half-6126cab7d8fab8d08143dd2dacdf673c\">\n.flex_column.av-av_one_half-6126cab7d8fab8d08143dd2dacdf673c{\nborder-radius:0px 0px 0px 0px;\npadding:0px 0px 0px 0px;\n}\n<\/style>\n<div  class='flex_column av-av_one_half-6126cab7d8fab8d08143dd2dacdf673c av_one_half  avia-builder-el-7  el_after_av_layout_row  el_before_av_one_half  avia-builder-el-first  first flex_column_div av-zero-column-padding  '     ><style type=\"text\/css\" data-created_by=\"avia_inline_auto\" id=\"style-css-av-av_heading-1ac451c7e70e7a739c0642ed40acc5ba\">\n#top .av-special-heading.av-av_heading-1ac451c7e70e7a739c0642ed40acc5ba{\npadding-bottom:10px;\ncolor:#2f2872;\nfont-size:50px;\n}\nbody .av-special-heading.av-av_heading-1ac451c7e70e7a739c0642ed40acc5ba .av-special-heading-tag .heading-char{\nfont-size:25px;\n}\n#top #wrap_all .av-special-heading.av-av_heading-1ac451c7e70e7a739c0642ed40acc5ba .av-special-heading-tag{\nfont-size:50px;\n}\n.av-special-heading.av-av_heading-1ac451c7e70e7a739c0642ed40acc5ba .special-heading-inner-border{\nborder-color:#2f2872;\n}\n.av-special-heading.av-av_heading-1ac451c7e70e7a739c0642ed40acc5ba .av-subheading{\nfont-size:15px;\n}\n\n@media only screen and (min-width: 480px) and (max-width: 767px){ \n#top #wrap_all .av-special-heading.av-av_heading-1ac451c7e70e7a739c0642ed40acc5ba .av-special-heading-tag{\nfont-size:0.8em;\n}\n}\n\n@media only screen and (max-width: 479px){ \n#top #wrap_all .av-special-heading.av-av_heading-1ac451c7e70e7a739c0642ed40acc5ba .av-special-heading-tag{\nfont-size:0.8em;\n}\n}\n<\/style>\n<div  class='av-special-heading av-av_heading-1ac451c7e70e7a739c0642ed40acc5ba av-special-heading-h3 custom-color-heading blockquote modern-quote  avia-builder-el-8  avia-builder-el-no-sibling  av-inherit-size'><div class='av_custom_color av-subheading av-subheading_above'><p>OUVERT 366 jours \/ AN (sauf ann\u00e9es non-bissextiles)<\/p>\n<\/div><h3 class='av-special-heading-tag '  itemprop=\"headline\"  >Un mus\u00e9e pour s\u2019amuser<\/h3><div class=\"special-heading-border\"><div class=\"special-heading-inner-border\"><\/div><\/div><\/div><\/div>\n<style type=\"text\/css\" data-created_by=\"avia_inline_auto\" id=\"style-css-av-av_one_half-0aa7055fe62c3622faec82866afbaeb2\">\n.flex_column.av-av_one_half-0aa7055fe62c3622faec82866afbaeb2{\nborder-radius:0px 0px 0px 0px;\npadding:0px 0px 0px 0px;\n}\n<\/style>\n<div  class='flex_column av-av_one_half-0aa7055fe62c3622faec82866afbaeb2 av_one_half  avia-builder-el-9  el_after_av_one_half  el_before_av_masonry_gallery  avia-builder-el-last  flex_column_div av-zero-column-padding  '     ><style type=\"text\/css\" data-created_by=\"avia_inline_auto\" id=\"style-css-av-av_promobox-1af834bfff46d32afe1230668616a3db\">\n.av_promobox.av-av_promobox-1af834bfff46d32afe1230668616a3db{\ncolor:#ffffff;\nbackground:#b02b2c;\nborder-color:#b02b2c;\n}\n<\/style>\n<div  class='av_promobox av-av_promobox-1af834bfff46d32afe1230668616a3db avia-button-yes  avia-builder-el-10  avia-builder-el-no-sibling '><div class='avia-promocontent'><\/p>\n<p style=\"text-align: center;\">Le programme de nos soir\u00e9es a \u00e9t\u00e9 mis \u00e0 jour, n&#8217;h\u00e9sitez pas \u00e0 aller le consulter dans la rubrique &#8220;News et Ev\u00e9nements&#8221;<\/p>\n<p>\n<\/div><div  class='avia-button-wrap av-av_button-8163ffa6897beaaef91beea73b258597-wrap avia-button-right '><a href='https:\/\/www.mundolingua.org\/news-evenements\/'  class='avia-button av-av_button-8163ffa6897beaaef91beea73b258597 av-link-btn avia-icon_select-yes-left-icon avia-size-large avia-position-right avia-color-theme-color-subtle'   aria-label=\"News &amp; Ev\u00e8nements\"><span class='avia_button_icon avia_button_icon_left' aria-hidden='true' data-av_icon='\ue832' data-av_iconfont='entypo-fontello'><\/span><span class='avia_iconbox_title' >News &amp; Ev\u00e8nements<\/span><\/a><\/div><\/div><\/div><\/p>\n\n<style type=\"text\/css\" data-created_by=\"avia_inline_auto\" id=\"style-css-av-av_masonry_gallery-d6e71975c4424d3381c00b3b60c80031\">\n#top .av-masonry.av-av_masonry_gallery-d6e71975c4424d3381c00b3b60c80031{\nbackground-color:#ffffff;\n}\n<\/style>\n<div id='hp-services' class='av-masonry av-av_masonry_gallery-d6e71975c4424d3381c00b3b60c80031 noHover av-fixed-size av-large-gap av-hover-overlay- av-masonry-animation-active av-masonry-col-4 av-caption-always av-caption-style- av-masonry-gallery ' data-post_id=\"1063\"><div class=\"av-masonry-container isotope av-js-disabled\"><div class='av-masonry-entry isotope-item av-masonry-item-no-image '><\/div><div id='av-masonry-1-item-5542' data-av-masonry-item='5542' class='av-masonry-entry isotope-item post-5542 attachment type-attachment status-inherit hentry  av-masonry-item-with-image'    itemprop=\"thumbnailUrl\" ><div class='av-inner-masonry-sizer'><\/div><figure class='av-inner-masonry main_color'><div class=\"av-masonry-outerimage-container\"><div class='av-masonry-image-container' style=\"background-image: url(https:\/\/www.mundolingua.org\/wp-content\/uploads\/2017\/05\/20170623_0847021-705x464.jpg);\"  title=\"PREPAREZ VOTRE VISITE\" ><\/div><\/div><figcaption class='av-inner-masonry-content site-background'><div class='av-inner-masonry-content-pos'><div class='av-inner-masonry-content-pos-content'><div class='avia-arrow'><\/div><h3 class='av-masonry-entry-title entry-title '  itemprop=\"headline\" >PREPAREZ VOTRE VISITE<\/h3><div class='av-masonry-entry-content entry-content'  itemprop=\"text\" >Tarifs, horaires et acc\u00e8s<\/div><\/div><\/div><\/figcaption><\/figure><\/div><!--end av-masonry entry--><div id='av-masonry-1-item-5194' data-av-masonry-item='5194' class='av-masonry-entry isotope-item post-5194 attachment type-attachment status-inherit hentry  av-masonry-item-with-image'    itemprop=\"thumbnailUrl\" ><div class='av-inner-masonry-sizer'><\/div><figure class='av-inner-masonry main_color'><div class=\"av-masonry-outerimage-container\"><div class='av-masonry-image-container' style=\"background-image: url(https:\/\/www.mundolingua.org\/wp-content\/uploads\/2017\/07\/ateliers-pedagogiques-mundolingua-705x559.jpg);\"  title=\"SCOLAIRES \/ ATELIERS\" ><\/div><\/div><figcaption class='av-inner-masonry-content site-background'><div class='av-inner-masonry-content-pos'><div class='av-inner-masonry-content-pos-content'><div class='avia-arrow'><\/div><h3 class='av-masonry-entry-title entry-title '  itemprop=\"headline\" >SCOLAIRES \/ ATELIERS<\/h3><div class='av-masonry-entry-content entry-content'  itemprop=\"text\" >Pour les enseignants , ateliers , visites autonomes<\/div><\/div><\/div><\/figcaption><\/figure><\/div><!--end av-masonry entry--><div id='av-masonry-1-item-4797' data-av-masonry-item='4797' class='av-masonry-entry isotope-item post-4797 attachment type-attachment status-inherit hentry  av-masonry-item-with-image'    itemprop=\"thumbnailUrl\" ><div class='av-inner-masonry-sizer'><\/div><figure class='av-inner-masonry main_color'><div class=\"av-masonry-outerimage-container\"><div class='av-masonry-image-container' style=\"background-image: url(https:\/\/www.mundolingua.org\/wp-content\/uploads\/2015\/10\/birthday-cake-380178_640.jpg);\"  title=\"FETE ANNIVERSAIRE\" ><\/div><\/div><figcaption class='av-inner-masonry-content site-background'><div class='av-inner-masonry-content-pos'><div class='av-inner-masonry-content-pos-content'><div class='avia-arrow'><\/div><h3 class='av-masonry-entry-title entry-title '  itemprop=\"headline\" >FETE ANNIVERSAIRE<\/h3><div class='av-masonry-entry-content entry-content'  itemprop=\"text\" >Organisation de f\u00eates d'anniversaires<\/div><\/div><\/div><\/figcaption><\/figure><\/div><!--end av-masonry entry--><div id='av-masonry-1-item-4749' data-av-masonry-item='4749' class='av-masonry-entry isotope-item post-4749 attachment type-attachment status-inherit hentry  av-masonry-item-with-image'    itemprop=\"thumbnailUrl\" ><div class='av-inner-masonry-sizer'><\/div><figure class='av-inner-masonry main_color'><div class=\"av-masonry-outerimage-container\"><div class='av-masonry-image-container' style=\"background-image: url(https:\/\/www.mundolingua.org\/wp-content\/uploads\/2015\/07\/location.jpg);\"  title=\"LOCATION D&#8217;ESPACE\" ><\/div><\/div><figcaption class='av-inner-masonry-content site-background'><div class='av-inner-masonry-content-pos'><div class='av-inner-masonry-content-pos-content'><div class='avia-arrow'><\/div><h3 class='av-masonry-entry-title entry-title '  itemprop=\"headline\" >LOCATION D&#8217;ESPACE<\/h3><div class='av-masonry-entry-content entry-content'  itemprop=\"text\" >Location ponctuelle ou r\u00e9guli\u00e8re<\/div><\/div><\/div><\/figcaption><\/figure><\/div><!--end av-masonry entry--><\/div><\/div>\n\n<style type=\"text\/css\" data-created_by=\"avia_inline_auto\" id=\"style-css-av-av_section-159c3bef48011ff24e3b726a4acbd462\">\n.avia-section.av-av_section-159c3bef48011ff24e3b726a4acbd462 .av-parallax .av-parallax-inner{\nbackground-color:#eaeaea;\nbackground-image:url(https:\/\/www.mundolingua.org\/wp-content\/uploads\/2017\/04\/tryptique-slide.jpg);\nbackground-repeat:no-repeat;\nbackground-position:0% 0%;\nbackground-attachment:scroll;\n}\n.avia-section.av-av_section-159c3bef48011ff24e3b726a4acbd462 .av-section-color-overlay{\nopacity:0.8;\nbackground-color:#ffffff;\n}\n<\/style>\n<div id='av_section_1'  class='avia-section av-av_section-159c3bef48011ff24e3b726a4acbd462 main_color avia-section-default avia-no-shadow  avia-builder-el-12  el_after_av_masonry_gallery  avia-builder-el-last  av-parallax-section avia-bg-style-parallax av-section-color-overlay-active av-section-with-video-bg container_wrap sidebar_right'  data-section-bg-repeat='no-repeat' data-section-video-ratio='16:9'><div  class='avia-slideshow av_slideshow_obj-1-69de3af9ccdbf avia-slideshow-featured av_slideshow avia-slide-slider av-slideshow-ui av-control-default av-slideshow-manual av-loop-once av-loop-manual-endless av-default-height-applied  av-section-video-bg avia-slideshow-2' data-slideshow-options=\"{&quot;animation&quot;:&quot;slide&quot;,&quot;autoplay&quot;:false,&quot;loop_autoplay&quot;:&quot;once&quot;,&quot;interval&quot;:5,&quot;loop_manual&quot;:&quot;manual-endless&quot;,&quot;autoplay_stopper&quot;:false,&quot;noNavigation&quot;:false,&quot;bg_slider&quot;:false,&quot;keep_padding&quot;:false,&quot;hoverpause&quot;:false,&quot;show_slide_delay&quot;:0}\"  itemprop=\"image\" itemscope=\"itemscope\" itemtype=\"https:\/\/schema.org\/ImageObject\" ><ul class='avia-slideshow-inner ' style='padding-bottom: 28.666666666667%;'><li  data-controls='disabled' data-mute='aviaTBaviaTBvideo_mute' data-loop='1' data-disable-autoplay=''  data-video-ratio='1.7777777777778' class='avia-slideshow-slide av_slideshow_obj-1-69de3af9ccdbf__0  av-video-slide  av-video-service-html5  av-hide-video-controls av-mute-video av-loop-video  av-single-slide slide-1 slide-odd'><div data-rel='slideshow-2' class='avia-slide-wrap '    itemprop=\"video\" itemtype=\"https:\/\/schema.org\/VideoObject\" ><div class='av-click-overlay'><\/div><video class='avia_video'  autoplay playsinline loop preload=\"metadata\" muted  id='player_1063_809595730_701917169'><source src=\"https:\/\/www.mundolingua.org\/wp-content\/uploads\/2013\/09\/Finished-vid-2.mp4\" type=\"video\/mp4\" \/><\/video><div class=\"av-click-to-play-overlay\"><div class=\"avia_playpause_icon\"><\/div><\/div><\/div><\/li><\/ul><\/div><div class='av-parallax' data-avia-parallax-ratio='0.3' ><div class='av-parallax-inner main_color avia-full-stretch'><\/div><\/div><div class=\"av-section-color-overlay-wrap\"><div class=\"av-section-color-overlay\"><\/div><div class='container av-section-cont-open' ><div class='template-page content  av-content-small alpha units'><div class='post-entry post-entry-type-page post-entry-1063'><div class='entry-content-wrapper clearfix'>\n\n<style type=\"text\/css\" data-created_by=\"avia_inline_auto\" id=\"style-css-av-av_one_half-6126cab7d8fab8d08143dd2dacdf673c\">\n.flex_column.av-av_one_half-6126cab7d8fab8d08143dd2dacdf673c{\nborder-radius:0px 0px 0px 0px;\npadding:0px 0px 0px 0px;\n}\n<\/style>\n<div  class='flex_column av-av_one_half-6126cab7d8fab8d08143dd2dacdf673c av_one_half  avia-builder-el-13  el_before_av_one_half  avia-builder-el-first  first flex_column_div av-zero-column-padding  '     ><p>\n<style type=\"text\/css\" data-created_by=\"avia_inline_auto\" id=\"style-css-av-av_heading-fa7e4fc464a08f92829abe1df0f03a6d\">\n#top .av-special-heading.av-av_heading-fa7e4fc464a08f92829abe1df0f03a6d{\npadding-bottom:10px;\n}\nbody .av-special-heading.av-av_heading-fa7e4fc464a08f92829abe1df0f03a6d .av-special-heading-tag .heading-char{\nfont-size:25px;\n}\n.av-special-heading.av-av_heading-fa7e4fc464a08f92829abe1df0f03a6d .av-subheading{\nfont-size:15px;\n}\n<\/style>\n<div  class='av-special-heading av-av_heading-fa7e4fc464a08f92829abe1df0f03a6d av-special-heading-h2 blockquote modern-quote  avia-builder-el-14  el_before_av_textblock  avia-builder-el-first '><h2 class='av-special-heading-tag '  itemprop=\"headline\"  >Un mus\u00e9e accessible \u00e0 tous !<\/h2><div class=\"special-heading-border\"><div class=\"special-heading-inner-border\"><\/div><\/div><\/div><br \/>\n\n<style type=\"text\/css\" data-created_by=\"avia_inline_auto\" id=\"style-css-av-av_textblock-78053a814379703d97f6b9d952c790ca\">\n#top .av_textblock_section.av-av_textblock-78053a814379703d97f6b9d952c790ca .avia_textblock{\nfont-size:16px;\n}\n<\/style>\n<section  class='av_textblock_section av-av_textblock-78053a814379703d97f6b9d952c790ca '   itemscope=\"itemscope\" itemtype=\"https:\/\/schema.org\/CreativeWork\" ><div class='avia_textblock'  itemprop=\"text\" ><p><span class='av_dropcap1 av-av_dropcap1-3cd9da5fea0ef5fb27aee617571c39a3'>Q<\/span>ue vous soyez <strong>d\u00e9butant ou initi\u00e9, l&#8217;exposition est accessible \u00e0 tous<\/strong>. Elle comporte divers niveaux d&#8217;entr\u00e9e, \u00e0 travers des lectures et des \u00e9coutes sur des \u00e9crans tactiles, des jeux, des interactions avec de nombreux objets insolites : t\u00eate sonore, arbres des langues, cubes et briques syntaxiques, divers instruments utilis\u00e9s par les linguistes de terrain, fac-simil\u00e9 de la <strong>Pierre de Rosette<\/strong>, machine de cryptage <strong>Enigma<\/strong> etc.<\/p>\n<p><span class='av_dropcap1 av-av_dropcap1-3cd9da5fea0ef5fb27aee617571c39a3'>N<\/span>ous tenons \u00e0 vous offrir un confort de visite maximal, que vous choisissiez la <strong>visite libre<\/strong> (pr\u00eat de casques audio pour profiter des vid\u00e9os et bandes sons), ou la <strong>visite guid\u00e9e<\/strong>.<\/p>\n<p>N\u2019h\u00e9sitez pas \u00e0 <strong>suivre notre actualit\u00e9 pour \u00eatre inform\u00e9s de nos \u00e9v\u00e9nements<\/strong> (conf\u00e9rence, d\u00e9bats, stages&#8230;). <strong>Bonne visite\u00a0!<\/strong><\/p>\n<\/div><\/section><\/p><\/div>\n<style type=\"text\/css\" data-created_by=\"avia_inline_auto\" id=\"style-css-av-av_one_half-0aa7055fe62c3622faec82866afbaeb2\">\n.flex_column.av-av_one_half-0aa7055fe62c3622faec82866afbaeb2{\nborder-radius:0px 0px 0px 0px;\npadding:0px 0px 0px 0px;\n}\n<\/style>\n<div  class='flex_column av-av_one_half-0aa7055fe62c3622faec82866afbaeb2 av_one_half  avia-builder-el-16  el_after_av_one_half  avia-builder-el-last  flex_column_div av-zero-column-padding  '     ><style type=\"text\/css\" data-created_by=\"avia_inline_auto\" id=\"style-css-av-av_image-a6f19d7605eb6e90c87c6fb14778fbbf\">\n.avia-image-container.av-av_image-a6f19d7605eb6e90c87c6fb14778fbbf img.avia_image{\nbox-shadow:none;\n}\n.avia-image-container.av-av_image-a6f19d7605eb6e90c87c6fb14778fbbf .av-image-caption-overlay-center{\ncolor:#ffffff;\n}\n<\/style>\n<div  class='avia-image-container av-av_image-a6f19d7605eb6e90c87c6fb14778fbbf av-styling- avia-align-center  avia-builder-el-17  avia-builder-el-no-sibling '   itemprop=\"image\" itemscope=\"itemscope\" itemtype=\"https:\/\/schema.org\/ImageObject\" ><div class=\"avia-image-container-inner\"><div class=\"avia-image-overlay-wrap\"><img decoding=\"async\" fetchpriority=\"high\" class='wp-image-5548 avia-img-lazy-loading-not-5548 avia_image ' src=\"https:\/\/www.mundolingua.org\/wp-content\/uploads\/2017\/05\/20170623_084635-w1400-495x400.jpg\" alt='' title='20170623_084635-w1400'  height=\"400\" width=\"495\"  itemprop=\"thumbnailUrl\"  \/><\/div><\/div><\/div><\/div>\n<\/div><\/div><\/div><!-- close content main div --><\/div><\/div><\/div><div id='after_section_1'  class='main_color av_default_container_wrap container_wrap sidebar_right'  ><div class='container av-section-cont-open' ><div class='template-page content  av-content-small alpha units'><div class='post-entry post-entry-type-page post-entry-1063'><div class='entry-content-wrapper clearfix'>\n","protected":false},"excerpt":{"rendered":"","protected":false},"author":3,"featured_media":0,"parent":0,"menu_order":0,"comment_status":"closed","ping_status":"closed","template":"","meta":{"footnotes":""},"_links":{"self":[{"href":"https:\/\/www.mundolingua.org\/zh-hans\/wp-json\/wp\/v2\/pages\/1063"}],"collection":[{"href":"https:\/\/www.mundolingua.org\/zh-hans\/wp-json\/wp\/v2\/pages"}],"about":[{"href":"https:\/\/www.mundolingua.org\/zh-hans\/wp-json\/wp\/v2\/types\/page"}],"author":[{"embeddable":true,"href":"https:\/\/www.mundolingua.org\/zh-hans\/wp-json\/wp\/v2\/users\/3"}],"replies":[{"embeddable":true,"href":"https:\/\/www.mundolingua.org\/zh-hans\/wp-json\/wp\/v2\/comments?post=1063"}],"version-history":[{"count":18,"href":"https:\/\/www.mundolingua.org\/zh-hans\/wp-json\/wp\/v2\/pages\/1063\/revisions"}],"predecessor-version":[{"id":2965,"href":"https:\/\/www.mundolingua.org\/zh-hans\/wp-json\/wp\/v2\/pages\/1063\/revisions\/2965"}],"wp:attachment":[{"href":"https:\/\/www.mundolingua.org\/zh-hans\/wp-json\/wp\/v2\/media?parent=1063"}],"curies":[{"name":"wp","href":"https:\/\/api.w.org\/{rel}","templated":true}]}}