{"id":488,"date":"2014-04-28T17:47:35","date_gmt":"2014-04-28T16:47:35","guid":{"rendered":"http:\/\/www.mundolingua.org\/?page_id=488"},"modified":"2022-08-31T13:40:28","modified_gmt":"2022-08-31T11:40:28","slug":"bienvenido","status":"publish","type":"page","link":"https:\/\/www.mundolingua.org\/es\/","title":{"rendered":"Bienvenido"},"content":{"rendered":"<div id='av-layout-grid-1'  class='av-layout-grid-container av-2i0q9s-215fefa054b99e9e758258477f356d53 entry-content-wrapper main_color av-flex-cells  avia-builder-el-0  el_before_av_section  avia-builder-el-first   container_wrap sidebar_right'  >\n\n<style type=\"text\/css\" data-created_by=\"avia_inline_auto\" id=\"style-css-av-2g677k-46652dda91d27be0ee179d57aba5d65a\">\n.flex_cell.av-2g677k-46652dda91d27be0ee179d57aba5d65a{\nvertical-align:middle;\nheight:400px;\nmin-height:400px;\nbackground-color:#780d14;\n}\n.responsive #top #wrap_all .flex_cell.av-2g677k-46652dda91d27be0ee179d57aba5d65a{\npadding:80px 80px 80px 80px !important;\n}\n<\/style>\n<div class='flex_cell av-2g677k-46652dda91d27be0ee179d57aba5d65a av-gridrow-cell av_one_half no_margin  avia-builder-el-1  el_before_av_cell_one_half  avia-builder-el-first '  ><div class='flex_cell_inner'><p>\n<style type=\"text\/css\" data-created_by=\"avia_inline_auto\" id=\"style-css-av-26te7k-889e5c2144f288bf7e3f85696a2122a7\">\n#top .av-special-heading.av-26te7k-889e5c2144f288bf7e3f85696a2122a7{\npadding-bottom:10px;\ncolor:#ffffff;\nfont-size:50px;\n}\nbody .av-special-heading.av-26te7k-889e5c2144f288bf7e3f85696a2122a7 .av-special-heading-tag .heading-char{\nfont-size:25px;\n}\n#top #wrap_all .av-special-heading.av-26te7k-889e5c2144f288bf7e3f85696a2122a7 .av-special-heading-tag{\nfont-size:50px;\n}\n.av-special-heading.av-26te7k-889e5c2144f288bf7e3f85696a2122a7 .special-heading-inner-border{\nborder-color:#ffffff;\n}\n.av-special-heading.av-26te7k-889e5c2144f288bf7e3f85696a2122a7 .av-subheading{\nfont-size:15px;\n}\n\n@media only screen and (min-width: 480px) and (max-width: 767px){ \n#top #wrap_all .av-special-heading.av-26te7k-889e5c2144f288bf7e3f85696a2122a7 .av-special-heading-tag{\nfont-size:0.8em;\n}\n}\n\n@media only screen and (max-width: 479px){ \n#top #wrap_all .av-special-heading.av-26te7k-889e5c2144f288bf7e3f85696a2122a7 .av-special-heading-tag{\nfont-size:0.8em;\n}\n}\n<\/style>\n<div  class='av-special-heading av-26te7k-889e5c2144f288bf7e3f85696a2122a7 av-special-heading-h1 custom-color-heading blockquote modern-quote modern-centered  avia-builder-el-2  el_before_av_textblock  avia-builder-el-first  av-inherit-size'><div class='av_custom_color av-subheading av-subheading_above'><p>Bienvenido al Museo de las lenguas, el lenguaje y la ling\u00fc\u00edstica<\/p>\n<p>Abierto todos los d\u00edas de 10 a 19h pero jueves et viernes solo con cita previa<\/p>\n<\/div><h1 class='av-special-heading-tag '  itemprop=\"headline\"  >El Museo de las Lenguas<\/h1><div class=\"special-heading-border\"><div class=\"special-heading-inner-border\"><\/div><\/div><\/div><br \/>\n<section  class='av_textblock_section av-l7hjfxgj-e8314fe445ae28100e5f764e9fe8e55b '   itemscope=\"itemscope\" itemtype=\"https:\/\/schema.org\/CreativeWork\" ><div class='avia_textblock'  itemprop=\"text\" ><div>\n<div class=\"_1t_p clearfix\">\n<div class=\"_41ud\">\n<div class=\"clearfix _o46 _3erg _29_7 direction_ltr text_align_ltr\">\n<div id=\"js_3p\" class=\"_3058 _ui9 _hh7 _6ybn _s1- _52mr _3oh-\" data-tooltip-content=\"14:09\" data-hover=\"tooltip\" data-tooltip-position=\"left\"><\/div>\n<\/div>\n<\/div>\n<\/div>\n<\/div>\n<p style=\"text-align: center;\">\n<p>Omnipresente hasta en la intimidad de nuestros sue\u00f1os, el lenguaje juega un papel determinante en nuestra vida.<br \/>\nEn casi 170 metros cuadrados, la exposici\u00f3n permanente Mundolingua les invita a descubrir sus secretos a trav\u00e9s de una visita ins\u00f3lita de sus numerosas alcobas tem\u00e1ticas.<\/p>\n<\/div><\/section><br \/>\n<div  class='avia-button-wrap av-20jygw-8fc39c06dd8c92edbc114b66141c03e1-wrap avia-button-center  avia-builder-el-4  el_after_av_textblock  avia-builder-el-last '><a href='https:\/\/www.mundolingua.org\/es\/actualidad\/'  class='avia-button av-20jygw-8fc39c06dd8c92edbc114b66141c03e1 av-link-btn avia-icon_select-yes-left-icon avia-size-x-large avia-position-center avia-color-light'   aria-label=\"Siga la gu\u00eda...\"><span class='avia_button_icon avia_button_icon_left' aria-hidden='true' data-av_icon='\ue832' data-av_iconfont='entypo-fontello'><\/span><span class='avia_iconbox_title' >Siga la gu\u00eda...<\/span><\/a><\/div><\/p>\n<\/div><\/div>\n<style type=\"text\/css\" data-created_by=\"avia_inline_auto\" id=\"style-css-av-1xd5r4-4e193840711d79cbea98bfe70c8f81bd\">\n.flex_cell.av-1xd5r4-4e193840711d79cbea98bfe70c8f81bd{\nvertical-align:top;\nheight:400px;\nmin-height:400px;\nbackground-color:#780d14;\n}\n.responsive #top #wrap_all .flex_cell.av-1xd5r4-4e193840711d79cbea98bfe70c8f81bd{\npadding:0px 0px 0px 0px !important;\n}\n<\/style>\n<div class='flex_cell av-1xd5r4-4e193840711d79cbea98bfe70c8f81bd av-gridrow-cell av_one_half no_margin  avia-builder-el-5  el_after_av_cell_one_half  avia-builder-el-last  av-zero-padding'  ><div class='flex_cell_inner'><div  class='avia-slideshow av-1rnc14-fc06c2043b9706731819a75ef277ef99 avia-slideshow-no scaling av_slideshow avia-slide-slider  avia-builder-el-6  avia-builder-el-no-sibling  av-slideshow-ui av-control-default av-slideshow-autoplay av-loop-endless av-loop-manual-endless av-default-height-applied avia-slideshow-1' data-slideshow-options=\"{&quot;animation&quot;:&quot;slide&quot;,&quot;autoplay&quot;:true,&quot;loop_autoplay&quot;:&quot;endless&quot;,&quot;interval&quot;:5,&quot;loop_manual&quot;:&quot;manual-endless&quot;,&quot;autoplay_stopper&quot;:false,&quot;noNavigation&quot;:false,&quot;bg_slider&quot;:false,&quot;keep_padding&quot;:false,&quot;hoverpause&quot;:false,&quot;show_slide_delay&quot;:0}\"  itemprop=\"image\" itemscope=\"itemscope\" itemtype=\"https:\/\/schema.org\/ImageObject\" ><ul class='avia-slideshow-inner ' style='padding-bottom: 75%;'><li  class='avia-slideshow-slide av-1rnc14-fc06c2043b9706731819a75ef277ef99__0  slide-1 slide-odd'><div data-rel='slideshow-1' class='avia-slide-wrap '   ><img decoding=\"async\" fetchpriority=\"high\" class=\"wp-image-5576 avia-img-lazy-loading-not-5576\"  src=\"https:\/\/www.mundolingua.org\/wp-content\/uploads\/2013\/09\/gopr0661w1400.jpg\" width=\"800\" height=\"600\" title='DCIM100GOPROGOPR0661.' alt=''  itemprop=\"thumbnailUrl\" srcset=\"https:\/\/www.mundolingua.org\/wp-content\/uploads\/2013\/09\/gopr0661w1400.jpg 800w, https:\/\/www.mundolingua.org\/wp-content\/uploads\/2013\/09\/gopr0661w1400-300x225.jpg 300w, https:\/\/www.mundolingua.org\/wp-content\/uploads\/2013\/09\/gopr0661w1400-705x529.jpg 705w, https:\/\/www.mundolingua.org\/wp-content\/uploads\/2013\/09\/gopr0661w1400-450x338.jpg 450w\" sizes=\"(max-width: 800px) 100vw, 800px\" \/><\/div><\/li><li  class='avia-slideshow-slide av-1rnc14-fc06c2043b9706731819a75ef277ef99__1  slide-2 slide-even'><div data-rel='slideshow-1' class='avia-slide-wrap '   ><img decoding=\"async\" fetchpriority=\"high\" class=\"wp-image-5600 avia-img-lazy-loading-not-5600\"  src=\"https:\/\/www.mundolingua.org\/wp-content\/uploads\/2013\/09\/GOPR0715.jpg\" width=\"4000\" height=\"3000\" title='DCIM100GOPROGOPR0715.' alt=''  itemprop=\"thumbnailUrl\" srcset=\"https:\/\/www.mundolingua.org\/wp-content\/uploads\/2013\/09\/GOPR0715.jpg 4000w, https:\/\/www.mundolingua.org\/wp-content\/uploads\/2013\/09\/GOPR0715-300x225.jpg 300w, https:\/\/www.mundolingua.org\/wp-content\/uploads\/2013\/09\/GOPR0715-1030x773.jpg 1030w, https:\/\/www.mundolingua.org\/wp-content\/uploads\/2013\/09\/GOPR0715-1500x1125.jpg 1500w, https:\/\/www.mundolingua.org\/wp-content\/uploads\/2013\/09\/GOPR0715-705x529.jpg 705w, https:\/\/www.mundolingua.org\/wp-content\/uploads\/2013\/09\/GOPR0715-450x338.jpg 450w\" sizes=\"(max-width: 4000px) 100vw, 4000px\" \/><\/div><\/li><li  class='avia-slideshow-slide av-1rnc14-fc06c2043b9706731819a75ef277ef99__2  slide-3 slide-odd'><div data-rel='slideshow-1' class='avia-slide-wrap '   ><img decoding=\"async\" fetchpriority=\"high\" class=\"wp-image-5570 avia-img-lazy-loading-not-5570\"  src=\"https:\/\/www.mundolingua.org\/wp-content\/uploads\/2013\/09\/gopr0657w1400.jpg\" width=\"800\" height=\"600\" title='DCIM100GOPROGOPR0657.' alt=''  itemprop=\"thumbnailUrl\" srcset=\"https:\/\/www.mundolingua.org\/wp-content\/uploads\/2013\/09\/gopr0657w1400.jpg 800w, https:\/\/www.mundolingua.org\/wp-content\/uploads\/2013\/09\/gopr0657w1400-300x225.jpg 300w, https:\/\/www.mundolingua.org\/wp-content\/uploads\/2013\/09\/gopr0657w1400-705x529.jpg 705w, https:\/\/www.mundolingua.org\/wp-content\/uploads\/2013\/09\/gopr0657w1400-450x338.jpg 450w\" sizes=\"(max-width: 800px) 100vw, 800px\" \/><\/div><\/li><\/ul><div class='avia-slideshow-arrows avia-slideshow-controls' ><a href='#prev' class='prev-slide ' aria-hidden='true' data-av_icon='\ue87c' data-av_iconfont='entypo-fontello'  tabindex='-1'>Anterior<\/a><a href='#next' class='next-slide ' aria-hidden='true' data-av_icon='\ue87d' data-av_iconfont='entypo-fontello'  tabindex='-1'>Posterior<\/a><\/div><div class='avia-slideshow-dots avia-slideshow-controls'><a href='#1' class='goto-slide active' >1<\/a><a href='#2' class='goto-slide ' >2<\/a><a href='#3' class='goto-slide ' >3<\/a><\/div><\/div>\n<\/div><\/div><\/div>\n<style type=\"text\/css\" data-created_by=\"avia_inline_auto\" id=\"style-css-av-136v9s-c02518536b3bdf88cd8cc03e114bab2a\">\n.avia-section.av-136v9s-c02518536b3bdf88cd8cc03e114bab2a .av-parallax .av-parallax-inner{\nbackground-color:#eaeaea;\nbackground-image:url(https:\/\/www.mundolingua.org\/wp-content\/uploads\/2017\/04\/tryptique-slide.jpg);\nbackground-repeat:no-repeat;\nbackground-position:0% 0%;\nbackground-attachment:scroll;\n}\n.avia-section.av-136v9s-c02518536b3bdf88cd8cc03e114bab2a .av-section-color-overlay{\nopacity:0.8;\nbackground-color:#ffffff;\n}\n<\/style>\n<div id='av_section_1'  class='avia-section av-136v9s-c02518536b3bdf88cd8cc03e114bab2a main_color avia-section-default avia-no-shadow  avia-builder-el-7  el_after_av_layout_row  avia-builder-el-last  av-parallax-section avia-bg-style-parallax av-section-color-overlay-active av-section-with-video-bg container_wrap sidebar_right'  data-section-bg-repeat='no-repeat' data-section-video-ratio='16:9'><div  class='avia-slideshow av_slideshow_obj-1-69f89400ecd24 avia-slideshow-featured av_slideshow avia-slide-slider av-slideshow-ui av-control-default av-slideshow-manual av-loop-once av-loop-manual-endless av-default-height-applied  av-section-video-bg avia-slideshow-2' data-slideshow-options=\"{&quot;animation&quot;:&quot;slide&quot;,&quot;autoplay&quot;:false,&quot;loop_autoplay&quot;:&quot;once&quot;,&quot;interval&quot;:5,&quot;loop_manual&quot;:&quot;manual-endless&quot;,&quot;autoplay_stopper&quot;:false,&quot;noNavigation&quot;:false,&quot;bg_slider&quot;:false,&quot;keep_padding&quot;:false,&quot;hoverpause&quot;:false,&quot;show_slide_delay&quot;:0}\"  itemprop=\"image\" itemscope=\"itemscope\" itemtype=\"https:\/\/schema.org\/ImageObject\" ><ul class='avia-slideshow-inner ' style='padding-bottom: 28.666666666667%;'><li  data-controls='disabled' data-mute='aviaTBaviaTBvideo_mute' data-loop='1' data-disable-autoplay=''  data-video-ratio='1.7777777777778' class='avia-slideshow-slide av_slideshow_obj-1-69f89400ecd24__0  av-video-slide  av-video-service-html5  av-hide-video-controls av-mute-video av-loop-video  av-single-slide slide-1 slide-odd'><div data-rel='slideshow-2' class='avia-slide-wrap '    itemprop=\"video\" itemtype=\"https:\/\/schema.org\/VideoObject\" ><div class='av-click-overlay'><\/div><video class='avia_video'  autoplay playsinline loop preload=\"metadata\" muted  id='player_488_1606675361_1550059362'><source src=\"https:\/\/www.mundolingua.org\/wp-content\/uploads\/2013\/09\/Finished-vid-2.mp4\" type=\"video\/mp4\" \/><\/video><div class=\"av-click-to-play-overlay\"><div class=\"avia_playpause_icon\"><\/div><\/div><\/div><\/li><\/ul><\/div><div class='av-parallax' data-avia-parallax-ratio='0.3' ><div class='av-parallax-inner main_color avia-full-stretch'><\/div><\/div><div class=\"av-section-color-overlay-wrap\"><div class=\"av-section-color-overlay\"><\/div><div class='container av-section-cont-open' ><div class='template-page content  av-content-small alpha units'><div class='post-entry post-entry-type-page post-entry-488'><div class='entry-content-wrapper clearfix'>\n\n<style type=\"text\/css\" data-created_by=\"avia_inline_auto\" id=\"style-css-av-zd1uo-de54917956ea3c65b9e365f163dec158\">\n.flex_column.av-zd1uo-de54917956ea3c65b9e365f163dec158{\nborder-radius:0px 0px 0px 0px;\npadding:0px 0px 0px 0px;\n}\n<\/style>\n<div  class='flex_column av-zd1uo-de54917956ea3c65b9e365f163dec158 av_one_half  avia-builder-el-8  el_before_av_one_half  avia-builder-el-first  first flex_column_div av-zero-column-padding  '     ><p>\n<style type=\"text\/css\" data-created_by=\"avia_inline_auto\" id=\"style-css-av-pfk94-098c37adbc0861af213e1944394c998e\">\n#top .av-special-heading.av-pfk94-098c37adbc0861af213e1944394c998e{\npadding-bottom:10px;\n}\nbody .av-special-heading.av-pfk94-098c37adbc0861af213e1944394c998e .av-special-heading-tag .heading-char{\nfont-size:25px;\n}\n.av-special-heading.av-pfk94-098c37adbc0861af213e1944394c998e .av-subheading{\nfont-size:15px;\n}\n<\/style>\n<div  class='av-special-heading av-pfk94-098c37adbc0861af213e1944394c998e av-special-heading-h2 blockquote modern-quote  avia-builder-el-9  el_before_av_textblock  avia-builder-el-first '><h2 class='av-special-heading-tag '  itemprop=\"headline\"  >\u00a1Mundolingua es accesible a todo el mundo!<\/h2><div class=\"special-heading-border\"><div class=\"special-heading-inner-border\"><\/div><\/div><\/div><br \/>\n\n<style type=\"text\/css\" data-created_by=\"avia_inline_auto\" id=\"style-css-av-j3eio-bb1418c5e3b4255fd0b21154a3c3cdd3\">\n#top .av_textblock_section.av-j3eio-bb1418c5e3b4255fd0b21154a3c3cdd3 .avia_textblock{\nfont-size:16px;\n}\n<\/style>\n<section  class='av_textblock_section av-j3eio-bb1418c5e3b4255fd0b21154a3c3cdd3 '   itemscope=\"itemscope\" itemtype=\"https:\/\/schema.org\/CreativeWork\" ><div class='avia_textblock'  itemprop=\"text\" ><p><span class='av_dropcap1 av-av_dropcap1-3cd9da5fea0ef5fb27aee617571c39a3'>Y<\/span>a sea que elijas la\u00a0<b>visita libre<\/b>\u00a0(pr\u00e9stamo de auriculares para disfrutar de los videos y las bandas sonoras), o la\u00a0<b>visita guiada,\u00a0<\/b>queremos brindarte una comodidad de visita m\u00e1xima.<\/p>\n<p>No dudes en\u00a0<b>ponerte al tanto de nuestra actualidad para estar informado de nuestros acontecimientos\u00a0<\/b>(conferencias, debates, pr\u00e1cticas de trabajo\u2026). \u00a1Qu\u00e9 lo disfrutes!<\/p>\n<\/div><\/section><\/p><\/div>\n<style type=\"text\/css\" data-created_by=\"avia_inline_auto\" id=\"style-css-av-1nbeo-1db332092645f7f25f921fa097ec6b3a\">\n.flex_column.av-1nbeo-1db332092645f7f25f921fa097ec6b3a{\nborder-radius:0px 0px 0px 0px;\npadding:0px 0px 0px 0px;\n}\n<\/style>\n<div  class='flex_column av-1nbeo-1db332092645f7f25f921fa097ec6b3a av_one_half  avia-builder-el-11  el_after_av_one_half  avia-builder-el-last  flex_column_div av-zero-column-padding  '     ><style type=\"text\/css\" data-created_by=\"avia_inline_auto\" id=\"style-css-av-ancj4-b24d52e24bcaa3cf1be9e01fe7cdf8f5\">\n.avia-image-container.av-ancj4-b24d52e24bcaa3cf1be9e01fe7cdf8f5 img.avia_image{\nbox-shadow:none;\n}\n.avia-image-container.av-ancj4-b24d52e24bcaa3cf1be9e01fe7cdf8f5 .av-image-caption-overlay-center{\ncolor:#ffffff;\n}\n<\/style>\n<div  class='avia-image-container av-ancj4-b24d52e24bcaa3cf1be9e01fe7cdf8f5 av-styling- avia-align-center  avia-builder-el-12  avia-builder-el-no-sibling '   itemprop=\"image\" itemscope=\"itemscope\" itemtype=\"https:\/\/schema.org\/ImageObject\" ><div class=\"avia-image-container-inner\"><div class=\"avia-image-overlay-wrap\"><img decoding=\"async\" fetchpriority=\"high\" class='wp-image-5552 avia-img-lazy-loading-not-5552 avia_image ' src=\"https:\/\/www.mundolingua.org\/wp-content\/uploads\/2017\/05\/20170623_084635-w1400-495x400.jpg\" alt='' title='20170623_084635-w1400'  height=\"400\" width=\"495\"  itemprop=\"thumbnailUrl\"  \/><\/div><\/div><\/div><\/div>\n<\/div><\/div><\/div><!-- close content main div --><\/div><\/div><\/div><div id='after_section_1'  class='main_color av_default_container_wrap container_wrap sidebar_right'  ><div class='container av-section-cont-open' ><div class='template-page content  av-content-small alpha units'><div class='post-entry post-entry-type-page post-entry-488'><div class='entry-content-wrapper clearfix'><\/p>\n","protected":false},"excerpt":{"rendered":"","protected":false},"author":7,"featured_media":0,"parent":0,"menu_order":0,"comment_status":"closed","ping_status":"closed","template":"","meta":{"footnotes":""},"_links":{"self":[{"href":"https:\/\/www.mundolingua.org\/es\/wp-json\/wp\/v2\/pages\/488"}],"collection":[{"href":"https:\/\/www.mundolingua.org\/es\/wp-json\/wp\/v2\/pages"}],"about":[{"href":"https:\/\/www.mundolingua.org\/es\/wp-json\/wp\/v2\/types\/page"}],"author":[{"embeddable":true,"href":"https:\/\/www.mundolingua.org\/es\/wp-json\/wp\/v2\/users\/7"}],"replies":[{"embeddable":true,"href":"https:\/\/www.mundolingua.org\/es\/wp-json\/wp\/v2\/comments?post=488"}],"version-history":[{"count":16,"href":"https:\/\/www.mundolingua.org\/es\/wp-json\/wp\/v2\/pages\/488\/revisions"}],"predecessor-version":[{"id":5956,"href":"https:\/\/www.mundolingua.org\/es\/wp-json\/wp\/v2\/pages\/488\/revisions\/5956"}],"wp:attachment":[{"href":"https:\/\/www.mundolingua.org\/es\/wp-json\/wp\/v2\/media?parent=488"}],"curies":[{"name":"wp","href":"https:\/\/api.w.org\/{rel}","templated":true}]}}