{"id":2573,"date":"2017-05-10T08:31:58","date_gmt":"2017-05-10T07:31:58","guid":{"rendered":"http:\/\/www.mundolingua.org\/informations-pratiques\/"},"modified":"2022-08-31T13:42:35","modified_gmt":"2022-08-31T11:42:35","slug":"prepare-su-visita","status":"publish","type":"page","link":"https:\/\/www.mundolingua.org\/es\/prepare-su-visita\/","title":{"rendered":"Prepare su visita"},"content":{"rendered":"<div id='av-layout-grid-1'  class='av-layout-grid-container av-av_layout_row-28470ec218bd6fe0b164d5e38f3de341 entry-content-wrapper main_color av-flex-cells  avia-builder-el-0  el_before_av_layout_row  avia-builder-el-first   container_wrap sidebar_right'  >\n\n<style type=\"text\/css\" data-created_by=\"avia_inline_auto\" id=\"style-css-av-av_cell_one_half-f2c66b26facf4abb5274edb1617be028\">\n.flex_cell.av-av_cell_one_half-f2c66b26facf4abb5274edb1617be028{\nvertical-align:top;\nheight:300px;\nmin-height:300px;\nbackground-color:#780d14;\n}\n.responsive #top #wrap_all .flex_cell.av-av_cell_one_half-f2c66b26facf4abb5274edb1617be028{\npadding:80px 80px 0px 80px !important;\n}\n<\/style>\n<div class='flex_cell av-av_cell_one_half-f2c66b26facf4abb5274edb1617be028 av-gridrow-cell av_one_half no_margin  avia-builder-el-1  el_before_av_cell_one_half  avia-builder-el-first '  ><div class='flex_cell_inner'>\n<style type=\"text\/css\" data-created_by=\"avia_inline_auto\" id=\"style-css-av-av_heading-57ef4019245834d4c72ad5718443f227\">\n#top .av-special-heading.av-av_heading-57ef4019245834d4c72ad5718443f227{\npadding-bottom:10px;\ncolor:#ffffff;\nfont-size:50px;\n}\nbody .av-special-heading.av-av_heading-57ef4019245834d4c72ad5718443f227 .av-special-heading-tag .heading-char{\nfont-size:25px;\n}\n#top #wrap_all .av-special-heading.av-av_heading-57ef4019245834d4c72ad5718443f227 .av-special-heading-tag{\nfont-size:50px;\n}\n.av-special-heading.av-av_heading-57ef4019245834d4c72ad5718443f227 .special-heading-inner-border{\nborder-color:#ffffff;\n}\n.av-special-heading.av-av_heading-57ef4019245834d4c72ad5718443f227 .av-subheading{\nfont-size:20px;\n}\n\n@media only screen and (min-width: 480px) and (max-width: 767px){ \n#top #wrap_all .av-special-heading.av-av_heading-57ef4019245834d4c72ad5718443f227 .av-special-heading-tag{\nfont-size:0.8em;\n}\n}\n\n@media only screen and (max-width: 479px){ \n#top #wrap_all .av-special-heading.av-av_heading-57ef4019245834d4c72ad5718443f227 .av-special-heading-tag{\nfont-size:0.8em;\n}\n}\n<\/style>\n<div  class='av-special-heading av-av_heading-57ef4019245834d4c72ad5718443f227 av-special-heading-h1 custom-color-heading blockquote modern-quote  avia-builder-el-2  avia-builder-el-no-sibling  av-inherit-size'><div class='av_custom_color av-subheading av-subheading_above'><p>Informaci\u00f3nes pr\u00e1cticas (horarios, accesos y tarifas)<\/p>\n<\/div><h1 class='av-special-heading-tag '  itemprop=\"headline\"  >PREPARE SU VISITA<\/h1><div class=\"special-heading-border\"><div class=\"special-heading-inner-border\"><\/div><\/div><\/div>\n<\/div><\/div>\n<style type=\"text\/css\" data-created_by=\"avia_inline_auto\" id=\"style-css-av-av_cell_one_half-ad2c8bfa7b4bef06dc10518204719a11\">\n.flex_cell.av-av_cell_one_half-ad2c8bfa7b4bef06dc10518204719a11{\nvertical-align:top;\nheight:300px;\nmin-height:300px;\nbackground:url(https:\/\/www.mundolingua.org\/wp-content\/uploads\/2017\/05\/20170623_0847021-845x684.jpg) 50% 50% no-repeat scroll #780d14;\n}\n.responsive #top #wrap_all .flex_cell.av-av_cell_one_half-ad2c8bfa7b4bef06dc10518204719a11{\npadding:0px 0px 0px 0px !important;\n}\n<\/style>\n<div class='flex_cell av-av_cell_one_half-ad2c8bfa7b4bef06dc10518204719a11 av-gridrow-cell av_one_half no_margin  avia-builder-el-3  el_after_av_cell_one_half  avia-builder-el-last  av-zero-padding avia-full-stretch'  ><div class='flex_cell_inner'><\/div><\/div>\n<\/div>\n<div id='av-layout-grid-2'  class='av-layout-grid-container av-av_layout_row-47be469afe8b40b0e817c87181d3e528 entry-content-wrapper main_color av-flex-cells  avia-builder-el-4  el_after_av_layout_row  el_before_av_layout_row  grid-row-not-first  container_wrap sidebar_right'  >\n\n<style type=\"text\/css\" data-created_by=\"avia_inline_auto\" id=\"style-css-av-av_cell_one_half-a15f6bc32c0fb1c8e22741cf23b16e8e\">\n.flex_cell.av-av_cell_one_half-a15f6bc32c0fb1c8e22741cf23b16e8e{\nvertical-align:top;\nheight:400px;\nmin-height:400px;\n}\n.responsive #top #wrap_all .flex_cell.av-av_cell_one_half-a15f6bc32c0fb1c8e22741cf23b16e8e{\npadding:0px 0px 0px 0px !important;\n}\n<\/style>\n<div class='flex_cell av-av_cell_one_half-a15f6bc32c0fb1c8e22741cf23b16e8e av-gridrow-cell av_one_half no_margin  avia-builder-el-5  el_before_av_cell_one_half  avia-builder-el-first  av-zero-padding'  ><div class='flex_cell_inner'><div  class='av_gmaps_sc_main_wrap av_gmaps_main_wrap '><div id='av_gmap_0' class='avia-google-map-container avia-google-map-sc av_gmaps_show_unconditionally av-no-fallback-img ' data-mapid='av_gmap_0'  style='height: 560px;'><a class=\"av_gmaps_browser_disabled av_text_confirm_link av_text_confirm_link_visible\" href=\"https:\/\/www.google.com\/maps\/search\/?api=1&#038;query=10%20rue%20Servandoni%20\u2013%2075006%20Paris%20%20Paris%20%20France\" target=\"_blank\" rel=\"noopener\">Maps were disabled by the visitor on this site. Click to open the map in a new window.<\/a><\/div><\/div>\n<\/div><\/div>\n<style type=\"text\/css\" data-created_by=\"avia_inline_auto\" id=\"style-css-av-av_cell_one_half-0262edf768b13343a42b077dee754add\">\n.flex_cell.av-av_cell_one_half-0262edf768b13343a42b077dee754add{\nvertical-align:top;\nheight:400px;\nmin-height:400px;\n}\n.responsive #top #wrap_all .flex_cell.av-av_cell_one_half-0262edf768b13343a42b077dee754add{\npadding:30px 30px 30px 30px !important;\n}\n<\/style>\n<div class='flex_cell av-av_cell_one_half-0262edf768b13343a42b077dee754add av-gridrow-cell av_one_half no_margin  avia-builder-el-7  el_after_av_cell_one_half  avia-builder-el-last  avia-full-contain'  ><div class='flex_cell_inner'><p>\n<style type=\"text\/css\" data-created_by=\"avia_inline_auto\" id=\"style-css-av-av_heading-35f032fba84133dd6b4fdee54d0a4d4f\">\n#top .av-special-heading.av-av_heading-35f032fba84133dd6b4fdee54d0a4d4f{\npadding-bottom:10px;\nfont-size:40px;\n}\nbody .av-special-heading.av-av_heading-35f032fba84133dd6b4fdee54d0a4d4f .av-special-heading-tag .heading-char{\nfont-size:25px;\n}\n#top #wrap_all .av-special-heading.av-av_heading-35f032fba84133dd6b4fdee54d0a4d4f .av-special-heading-tag{\nfont-size:40px;\n}\n.av-special-heading.av-av_heading-35f032fba84133dd6b4fdee54d0a4d4f .av-subheading{\nfont-size:15px;\n}\n\n@media only screen and (min-width: 480px) and (max-width: 767px){ \n#top #wrap_all .av-special-heading.av-av_heading-35f032fba84133dd6b4fdee54d0a4d4f .av-special-heading-tag{\nfont-size:0.8em;\n}\n}\n\n@media only screen and (max-width: 479px){ \n#top #wrap_all .av-special-heading.av-av_heading-35f032fba84133dd6b4fdee54d0a4d4f .av-special-heading-tag{\nfont-size:0.8em;\n}\n}\n<\/style>\n<div  class='av-special-heading av-av_heading-35f032fba84133dd6b4fdee54d0a4d4f av-special-heading-h2 blockquote modern-quote modern-centered  avia-builder-el-8  el_before_av_textblock  avia-builder-el-first  av-inherit-size'><h2 class='av-special-heading-tag '  itemprop=\"headline\"  >Horarios <span class='special_amp'>&amp;<\/span> Acceso<\/h2><div class=\"special-heading-border\"><div class=\"special-heading-inner-border\"><\/div><\/div><\/div><br \/>\n<section  class='av_textblock_section av-l7hjts5c-b96b0b3cf4a2e7d6dbc0b61e5fd4ef01 '   itemscope=\"itemscope\" itemtype=\"https:\/\/schema.org\/CreativeWork\" ><div class='avia_textblock'  itemprop=\"text\" ><p id=\"tw-target-text\" class=\"tw-data-text tw-ta tw-text-medium\" dir=\"ltr\" data-placeholder=\"Traduction\"><span lang=\"es\">Abierto todos los d\u00edas de 10 a 19h pero jueves y viernes solo con cita previa.<\/span><\/p>\n<p id=\"tw-target-text\" class=\"tw-data-text tw-ta tw-text-medium\" dir=\"ltr\" data-placeholder=\"Traduction\"><span lang=\"es\">NUESTRA DIRECCI\u00d3N<\/span><strong> :<\/strong> \u00a010 rue Servandoni \u2013 75006 Paris<\/p>\n<p><strong>METRO\/RER \u00a0<\/strong><\/p>\n<ul>\n<li>Saint Sulpice \u2013 L\u00ednea\u00a04<\/li>\n<li>Mabillon \u2013 L\u00ednea 10<\/li>\n<li>Od\u00e9on \u2013L\u00edneas 4 y 10<\/li>\n<li>S\u00e8vres-Babylone \u2013 L\u00ednea 12<\/li>\n<li>Luxembourg \u2013 RER B<\/li>\n<\/ul>\n<p><strong>BUS \u00a0<\/strong><\/p>\n<ul>\n<li>Parada\u00a0S\u00e9nat\u00a0: Lignes 58, 84 et 89<\/li>\n<li>Parada Eglise Saint Sulpice\u00a0: Lignes 63, 70, 86, 87 et 96<\/li>\n<\/ul>\n<p><strong>VELIB<\/strong><\/p>\n<ul>\n<li>\n<p id=\"tw-target-text\" class=\"tw-data-text tw-ta tw-text-large\" dir=\"ltr\" data-placeholder=\"Traduction\"><span lang=\"es\">Estaci\u00f3n\u00a0<\/span>N\u00b06022 \u2013 17 rue Lobineau<\/p>\n<\/li>\n<li>Estaci\u00f3n N\u00b06017 \u2013 34 rue de Cond\u00e9<\/li>\n<\/ul>\n<\/div><\/section><\/p>\n<\/div><\/div><\/div><div id='av-layout-grid-3'  class='av-layout-grid-container av-av_layout_row-47be469afe8b40b0e817c87181d3e528 entry-content-wrapper main_color av-flex-cells  avia-builder-el-10  el_after_av_layout_row  avia-builder-el-last  grid-row-not-first  container_wrap sidebar_right'  >\n\n<style type=\"text\/css\" data-created_by=\"avia_inline_auto\" id=\"style-css-av-av_cell_one_half-bdcf2334a2d97418c29afd148b85bf37\">\n.flex_cell.av-av_cell_one_half-bdcf2334a2d97418c29afd148b85bf37{\nvertical-align:top;\nheight:400px;\nmin-height:400px;\nbackground-color:#c0d2e2;\n}\n.responsive #top #wrap_all .flex_cell.av-av_cell_one_half-bdcf2334a2d97418c29afd148b85bf37{\npadding:30px 30px 30px 30px !important;\n}\n<\/style>\n<div class='flex_cell av-av_cell_one_half-bdcf2334a2d97418c29afd148b85bf37 av-gridrow-cell av_one_half no_margin  avia-builder-el-11  el_before_av_cell_one_half  avia-builder-el-first '  ><div class='flex_cell_inner'><p>\n<style type=\"text\/css\" data-created_by=\"avia_inline_auto\" id=\"style-css-av-av_heading-0cdb82950afaaa4a025a46b85dbcec5f\">\n#top .av-special-heading.av-av_heading-0cdb82950afaaa4a025a46b85dbcec5f{\npadding-bottom:10px;\nfont-size:40px;\n}\nbody .av-special-heading.av-av_heading-0cdb82950afaaa4a025a46b85dbcec5f .av-special-heading-tag .heading-char{\nfont-size:25px;\n}\n#top #wrap_all .av-special-heading.av-av_heading-0cdb82950afaaa4a025a46b85dbcec5f .av-special-heading-tag{\nfont-size:40px;\n}\n.av-special-heading.av-av_heading-0cdb82950afaaa4a025a46b85dbcec5f .av-subheading{\nfont-size:15px;\n}\n\n@media only screen and (min-width: 480px) and (max-width: 767px){ \n#top #wrap_all .av-special-heading.av-av_heading-0cdb82950afaaa4a025a46b85dbcec5f .av-special-heading-tag{\nfont-size:0.8em;\n}\n}\n\n@media only screen and (max-width: 479px){ \n#top #wrap_all .av-special-heading.av-av_heading-0cdb82950afaaa4a025a46b85dbcec5f .av-special-heading-tag{\nfont-size:0.8em;\n}\n}\n<\/style>\n<div  class='av-special-heading av-av_heading-0cdb82950afaaa4a025a46b85dbcec5f av-special-heading-h2 blockquote modern-quote modern-centered  avia-builder-el-12  el_before_av_textblock  avia-builder-el-first  av-inherit-size'><h2 class='av-special-heading-tag '  itemprop=\"headline\"  >Tarifas<\/h2><div class=\"special-heading-border\"><div class=\"special-heading-inner-border\"><\/div><\/div><\/div><br \/>\n<section  class='av_textblock_section av-av_textblock-51fce3458189a8d116edb782df38bca4 '   itemscope=\"itemscope\" itemtype=\"https:\/\/schema.org\/CreativeWork\" ><div class='avia_textblock'  itemprop=\"text\" ><p><strong>Condiciones y tarifas de entrada<\/strong><\/p>\n<ul>\n<li>ADULTO : \u00a07\u20ac<\/li>\n<li>NI\u00d1OS (4 \u00e0 12 ANS)\u00a0 : 4\u20ac<\/li>\n<li>TARIFA REDUCIDA* : \u00a05\u20ac<\/li>\n<li>GRATIS: Ni\u00f1os de menos de 4 a\u00f1os<\/li>\n<\/ul>\n<p>*Estudiantes (hasta 25 a\u00f1os de edad), personas mayores (m\u00e1s de 65 a\u00f1os de edad) y solicitantes de empleo con la presentaci\u00f3n de un justificativo.<\/p>\n<p><strong>CONDICIONES DE GRUPOS<\/strong><\/p>\n<p><strong>Visitas aut\u00f3nomas<\/strong><\/p>\n<ul>\n<li>Entrada Reducida: \u00a05\u20ac\/por persona a partir de 10 personas.<\/li>\n<\/ul>\n<p><strong>Visitas guiadas<\/strong><\/p>\n<ul>\n<li>A partir de 10 personas, con un suplemento de 3\u20ac por persona. Gratis para los acompa\u00f1antes de grupos escolares.<\/li>\n<\/ul>\n<p><strong>PASE MUNDOLINGUA PASI\u00d3N<\/strong><\/p>\n<p>El pase Mundolingua Pasi\u00f3n te da acceso ilimigado a Mundolingua durante un a\u00f1o (a partir de la fecha de compra) y ser\u00e1s el primero en ser informado de nuestros eventos por los cuales podr\u00e1s recibir un descuento. El Pase es personal y no transferible.<\/p>\n<ul>\n<li>PAES ADULTO : \u00a0 \u00a0 \u00a0 \u00a0 \u00a0 \u00a0 \u00a025 \u20ac<\/li>\n<li>PASE NI\u00d1O (4\/12 ANS) : \u00a0 \u00a0 15 \u20ac<\/li>\n<\/ul>\n<\/div><\/section><\/p>\n<\/div><\/div>\n<style type=\"text\/css\" data-created_by=\"avia_inline_auto\" id=\"style-css-av-av_cell_one_half-43670ca804baac614e0d082e279fec33\">\n.flex_cell.av-av_cell_one_half-43670ca804baac614e0d082e279fec33{\nvertical-align:top;\nheight:400px;\nmin-height:400px;\nbackground:url(https:\/\/www.mundolingua.org\/wp-content\/uploads\/2017\/05\/20170622_104252w1400-1030x580.jpg) 50% 50% no-repeat scroll ;\n}\n.responsive #top #wrap_all .flex_cell.av-av_cell_one_half-43670ca804baac614e0d082e279fec33{\npadding:30px 30px 30px 30px !important;\n}\n<\/style>\n<div class='flex_cell av-av_cell_one_half-43670ca804baac614e0d082e279fec33 av-gridrow-cell av_one_half no_margin  avia-builder-el-14  el_after_av_cell_one_half  avia-builder-el-last  avia-full-stretch'  ><div class='flex_cell_inner'><\/div><\/div>\n<\/div><\/p>\n","protected":false},"excerpt":{"rendered":"","protected":false},"author":2,"featured_media":0,"parent":0,"menu_order":0,"comment_status":"closed","ping_status":"closed","template":"","meta":{"footnotes":""},"_links":{"self":[{"href":"https:\/\/www.mundolingua.org\/es\/wp-json\/wp\/v2\/pages\/2573"}],"collection":[{"href":"https:\/\/www.mundolingua.org\/es\/wp-json\/wp\/v2\/pages"}],"about":[{"href":"https:\/\/www.mundolingua.org\/es\/wp-json\/wp\/v2\/types\/page"}],"author":[{"embeddable":true,"href":"https:\/\/www.mundolingua.org\/es\/wp-json\/wp\/v2\/users\/2"}],"replies":[{"embeddable":true,"href":"https:\/\/www.mundolingua.org\/es\/wp-json\/wp\/v2\/comments?post=2573"}],"version-history":[{"count":6,"href":"https:\/\/www.mundolingua.org\/es\/wp-json\/wp\/v2\/pages\/2573\/revisions"}],"predecessor-version":[{"id":3836,"href":"https:\/\/www.mundolingua.org\/es\/wp-json\/wp\/v2\/pages\/2573\/revisions\/3836"}],"wp:attachment":[{"href":"https:\/\/www.mundolingua.org\/es\/wp-json\/wp\/v2\/media?parent=2573"}],"curies":[{"name":"wp","href":"https:\/\/api.w.org\/{rel}","templated":true}]}}