{"id":1701,"date":"2016-06-22T14:57:01","date_gmt":"2016-06-22T13:57:01","guid":{"rendered":"http:\/\/www.mundolingua.org\/es\/?page_id=1701"},"modified":"2025-03-18T13:54:31","modified_gmt":"2025-03-18T12:54:31","slug":"profesores","status":"publish","type":"page","link":"https:\/\/www.mundolingua.org\/es\/profesores\/","title":{"rendered":"PROFESORES"},"content":{"rendered":"<\/p>\n<p>El museo Mundolingua desea despertar la curiosidad de los m\u00e1s j\u00f3venes en las cuestiones de lenguaje y los idiomas del mundo .<\/p>\n<p>Para ello, hemos desarrollado un taller y una documentaci\u00f3n educativa para el recorrido autoguiado (disponible en dos niveles de dificultad) . Por otra parte, una visita guiada de aproximadamente una hora, tambi\u00e9n es posible.<\/p>\n<p><strong>EL TALLER<\/strong><\/p>\n<p><strong><a href=\"https:\/\/www.mundolingua.org\/wp-content\/uploads\/2014\/03\/\u00ab-Articulation-et-diversit\u00e9-sonore-des-langues-\u00bb.pdf\">\u00ab La articulaci\u00f3n y la diversidad de sonidos de las lenguas \u00bb<\/a>\u00a0(contiene un quiz collectivo \u00ab Adivina de d\u00f3nde viene el locutor \u00bb)<\/strong><strong>\u00a0<\/strong>\u00a0(Primaria , secundaria, preparatoria)<\/p>\n<p><strong><em>Posibilidad de taller personalizado sobre todos nuestros temas.<\/em><\/strong><\/p>\n<p>De este modo, mientras que el primer grupo participa al taller dirigido por un miembro de nuestro personal en la planta baja, el segundo descubre la otra parte de la exposici\u00f3n en el s\u00f3tano, en autonom\u00eda utilizando el cuestionario desarrollado por nuestro equipo , que pueden encontrar a continuaci\u00f3n.<\/p>\n<p>Despu\u00e9s de aproximadamente 50 minutos, los grupos se invierten.<\/p>\n<p><a href=\"https:\/\/www.mundolingua.org\/wp-content\/uploads\/2014\/03\/Questionnaire-du-sous-sol-niveau-3e-et-lyc\u00e9e.pdf\">Questionnaire du sous-sol, niveau 3e et lyc\u00e9e<\/a><\/p>\n<p><a href=\"https:\/\/www.mundolingua.org\/wp-content\/uploads\/2014\/03\/Questionnaire-du-sous-sol-niveau-6e-\u00e0-4e.docx\">Questionnaire du sous-sol, niveau 6e \u00e0 4e<\/a><\/p>\n<p><strong>VISITA INDEPENDIENTE<\/strong><\/p>\n<p><img loading=\"lazy\" decoding=\"async\" class=\"alignnone size-medium wp-image-1415\" src=\"https:\/\/www.mundolingua.org\/wp-content\/uploads\/2014\/03\/kids-300x219.jpg\" alt=\"kids\" width=\"300\" height=\"219\" \/><\/p>\n<p>En el caso de un recorrido autoguiado , los estudiantes reciben un cuestionario que abarca todo el museo. Esto permite su exploraci\u00f3n en torno a diversos temas ya que las respuestas est\u00e1n en el contenido de nuestras pantallas.<\/p>\n<p>La duraci\u00f3n aconsejada de la visita independiente es de 1h30.<\/p>\n<p><a href=\"https:\/\/www.mundolingua.org\/wp-content\/uploads\/2014\/03\/Questionnaire-de-tout-le-mus\u00e9e-niveau-3e-et-lyc\u00e9e.pdf\">Questionnaire de tout le mus\u00e9e, niveau 3e et lyc\u00e9e<\/a><\/p>\n<p><a href=\"https:\/\/www.mundolingua.org\/wp-content\/uploads\/2014\/03\/Questionnaire-de-tout-le-mus\u00e9e-niveau-6e-\u00e0-4e.pdf\">Questionnaire de tout le mus\u00e9e, niveau 6e \u00e0 4e<\/a><\/p>\n<p>Tambi\u00e9n tenemos un cuestionario de exploraci\u00f3n para los estudiantes de jard\u00ednes infantiles, antes de la visita.<\/p>\n<p><a href=\"https:\/\/www.mundolingua.org\/wp-content\/uploads\/2014\/03\/Questionnaire-avant-la-visite-au-mus\u00e9e.pdf\">Cuestionario antes de la visita al museo<\/a><\/p>\n<p><strong><em>Nota: La impresi\u00f3n de los cuestionarios es la responsabilidad del maestro supervisor.<\/em><\/strong><\/p>\n<p>Quedamos a su disposici\u00f3n para cualquier informaci\u00f3n adicional . Puede comunicarse con nosotros por correo : <span style=\"text-decoration: underline;\"><span style=\"color: #0000ff; text-decoration: underline;\">contact@mundolingua.org<\/span><\/span> o por tel\u00e9fono : 01 56 81 65 79 .<\/p>\n","protected":false},"excerpt":{"rendered":"<p>El museo Mundolingua desea despertar la curiosidad de los m\u00e1s j\u00f3venes en las cuestiones de lenguaje y los idiomas del mundo . Para ello, hemos desarrollado un taller y una documentaci\u00f3n educativa para el recorrido autoguiado (disponible en dos niveles de dificultad) . Por otra parte, una visita guiada de aproximadamente una hora, tambi\u00e9n es [&hellip;]<\/p>\n","protected":false},"author":7,"featured_media":5068,"parent":0,"menu_order":0,"comment_status":"closed","ping_status":"closed","template":"","meta":{"footnotes":""},"_links":{"self":[{"href":"https:\/\/www.mundolingua.org\/es\/wp-json\/wp\/v2\/pages\/1701"}],"collection":[{"href":"https:\/\/www.mundolingua.org\/es\/wp-json\/wp\/v2\/pages"}],"about":[{"href":"https:\/\/www.mundolingua.org\/es\/wp-json\/wp\/v2\/types\/page"}],"author":[{"embeddable":true,"href":"https:\/\/www.mundolingua.org\/es\/wp-json\/wp\/v2\/users\/7"}],"replies":[{"embeddable":true,"href":"https:\/\/www.mundolingua.org\/es\/wp-json\/wp\/v2\/comments?post=1701"}],"version-history":[{"count":3,"href":"https:\/\/www.mundolingua.org\/es\/wp-json\/wp\/v2\/pages\/1701\/revisions"}],"predecessor-version":[{"id":6751,"href":"https:\/\/www.mundolingua.org\/es\/wp-json\/wp\/v2\/pages\/1701\/revisions\/6751"}],"wp:featuredmedia":[{"embeddable":true,"href":"https:\/\/www.mundolingua.org\/es\/wp-json\/wp\/v2\/media\/5068"}],"wp:attachment":[{"href":"https:\/\/www.mundolingua.org\/es\/wp-json\/wp\/v2\/media?parent=1701"}],"curies":[{"name":"wp","href":"https:\/\/api.w.org\/{rel}","templated":true}]}}