{"id":1698,"date":"2014-11-04T14:24:54","date_gmt":"2014-11-04T13:24:54","guid":{"rendered":"http:\/\/www.mundolingua.org\/es\/possibilites-de-soutien\/"},"modified":"2016-06-22T14:33:16","modified_gmt":"2016-06-22T13:33:16","slug":"possibilites-de-soutien","status":"publish","type":"page","link":"https:\/\/www.mundolingua.org\/es\/possibilites-de-soutien\/","title":{"rendered":"APOYO \/PATROCINIO"},"content":{"rendered":"<p>Estamos convencidos que Mundolingua, un lugar \u00fanico en su g\u00e9nero, se une plenamente a la familia de las organizaciones dedicadas al patrimonio cultural de todos y deseamos preservarlo, actualizarlo y mejorarlo para las generaciones futuras.<\/p>\n<p>Su impacto ser\u00e1 mucho mayor con el apoyo de un gran n\u00famero de personas. Su contribuci\u00f3n ser\u00e1 de gran valor y permitir\u00e1 garantizar la sostenibilidad de Mundolingua.<\/p>\n<p>Usted puede convertirse en patrocinador de Mundolingua , la ley Aillagon del 1ro de agosto de 2003 sobre el patrocinio permite a los individuos y negocios que deseen apoyar el museo de beneficiarse de una reducci\u00f3n de impuestos igual al 66 % de la donaci\u00f3n hecha por las personas particulares y del 60 % por la donaci\u00f3n hecha por las empresas.<\/p>\n<p>&nbsp;<\/p>\n<p>Agradecemos a nuestros patrocinadores:<\/p>\n<p><span style=\"color: #000000;\">[pluto_column_first size=\u00bb3&#8243;]<\/span><br \/>\n<span style=\"color: #000000;\"><a style=\"color: #000000;\" href=\"https:\/\/www.mundolingua.org\/wp-content\/uploads\/2014\/09\/logo-multilangues-1.jpg\"><img loading=\"lazy\" decoding=\"async\" class=\"alignnone size-medium wp-image-1642\" src=\"https:\/\/www.mundolingua.org\/wp-content\/uploads\/2014\/09\/logo-multilangues-1-300x164.jpg\" alt=\"logo-multilangues (1)\" width=\"300\" height=\"164\" srcset=\"https:\/\/www.mundolingua.org\/wp-content\/uploads\/2014\/09\/logo-multilangues-1-300x164.jpg 300w, https:\/\/www.mundolingua.org\/wp-content\/uploads\/2014\/09\/logo-multilangues-1.jpg 425w\" sizes=\"(max-width: 300px) 100vw, 300px\" \/><\/a><\/span><\/p>\n<p><span style=\"color: #000000;\">[pluto_column_last size=\u00bb9&#8243;]\u00a0 Con 2 centros en la regi\u00f3n de Par\u00eds ( V\u00e9lizy y Rungis ), alrededor de setenta formadores cualificados, una red de aproximadamente veinte colaboradores en toda Francia y m\u00e1s de 25 a\u00f1os de experiencia ,<strong> Multilangues<\/strong> es un centro de formaci\u00f3n al servicio del rendimiento ling\u00fc\u00edstico . Multilangues tiene como objetivo ayudar a los profesionales en el aprendizaje o en el desarrollo de sus habilidades ling\u00fc\u00edsticas. Principalmente en Ingl\u00e9s, como tambi\u00e9n en franc\u00e9s, italiano, espa\u00f1ol, alem\u00e1n, portugu\u00e9s y ruso . El \u00e1rabe , chino , japon\u00e9s y lenguas m\u00e1s raras como el hindi tambi\u00e9n son parte de nuestra experiencia .<\/span><\/p>\n<p><span style=\"color: #000000;\"><a style=\"color: #000000;\" href=\"http:\/\/www.multilangues.com\/\">Para m\u00e1s informaci\u00f3n &gt;<\/a>\u00a0<\/span><\/p>\n<p>Alex Kadar (de<span style=\"color: #000000;\"><strong> Esperanto France<\/strong><\/span>)<\/p>\n","protected":false},"excerpt":{"rendered":"<p>Estamos convencidos que Mundolingua, un lugar \u00fanico en su g\u00e9nero, se une plenamente a la familia de las organizaciones dedicadas al patrimonio cultural de todos y deseamos preservarlo, actualizarlo y mejorarlo para las generaciones futuras. Su impacto ser\u00e1 mucho mayor con el apoyo de un gran n\u00famero de personas. Su contribuci\u00f3n ser\u00e1 de gran valor [&hellip;]<\/p>\n","protected":false},"author":7,"featured_media":0,"parent":0,"menu_order":0,"comment_status":"closed","ping_status":"closed","template":"","meta":{"footnotes":""},"_links":{"self":[{"href":"https:\/\/www.mundolingua.org\/es\/wp-json\/wp\/v2\/pages\/1698"}],"collection":[{"href":"https:\/\/www.mundolingua.org\/es\/wp-json\/wp\/v2\/pages"}],"about":[{"href":"https:\/\/www.mundolingua.org\/es\/wp-json\/wp\/v2\/types\/page"}],"author":[{"embeddable":true,"href":"https:\/\/www.mundolingua.org\/es\/wp-json\/wp\/v2\/users\/7"}],"replies":[{"embeddable":true,"href":"https:\/\/www.mundolingua.org\/es\/wp-json\/wp\/v2\/comments?post=1698"}],"version-history":[{"count":2,"href":"https:\/\/www.mundolingua.org\/es\/wp-json\/wp\/v2\/pages\/1698\/revisions"}],"predecessor-version":[{"id":1700,"href":"https:\/\/www.mundolingua.org\/es\/wp-json\/wp\/v2\/pages\/1698\/revisions\/1700"}],"wp:attachment":[{"href":"https:\/\/www.mundolingua.org\/es\/wp-json\/wp\/v2\/media?parent=1698"}],"curies":[{"name":"wp","href":"https:\/\/api.w.org\/{rel}","templated":true}]}}