{"id":1673,"date":"2016-06-22T10:16:45","date_gmt":"2016-06-22T09:16:45","guid":{"rendered":"http:\/\/www.mundolingua.org\/es\/?page_id=1673"},"modified":"2026-01-30T14:33:40","modified_gmt":"2026-01-30T13:33:40","slug":"tarifas","status":"publish","type":"page","link":"https:\/\/www.mundolingua.org\/es\/tarifas\/","title":{"rendered":"TARIFAS"},"content":{"rendered":"<p><strong>Condiciones y tarifas de entrada<\/strong><\/p>\n<ul>\n<li>ADULTO :\u00a0 10\u20ac<\/li>\n<li>NI\u00d1OS (4 \u00e0 12 ANS)\u00a0 : 7\u20ac<\/li>\n<li>TARIFA REDUCIDA* :\u00a0 8\u20ac<\/li>\n<\/ul>\n<p>*Estudiantes (hasta 25 a\u00f1os de edad), personas mayores (m\u00e1s de 65 a\u00f1os de edad) y solicitantes de empleo con la presentaci\u00f3n de un justificativo.<\/p>\n<p><strong>CONDICIONES DE GRUPOS<\/strong><\/p>\n<p><strong>Visitas aut\u00f3nomas<\/strong><\/p>\n<ul>\n<li>Entrada Reducida:\u00a0 8\u20ac\/por persona a partir de 10 personas.<\/li>\n<\/ul>\n<p><strong>Visitas guiadas<\/strong><\/p>\n<ul>\n<li>A partir de 5 personas, con un suplemento de 3\u20ac por persona. Gratis para los acompa\u00f1antes de grupos escolares.<\/li>\n<\/ul>\n<p><strong>PASE MUNDOLINGUA PASI\u00d3N<\/strong><\/p>\n<p>El pase Mundolingua Pasi\u00f3n te da acceso ilimigado a Mundolingua durante un a\u00f1o (a partir de la fecha de compra) y ser\u00e1s el primero en ser informado de nuestros eventos por los cuales podr\u00e1s recibir un descuento. El Pase es personal y no transferible.<\/p>\n<ul>\n<li>PAES ADULTO :\u00a0 \u00a0 \u00a0 \u00a0 \u00a0 \u00a0 \u00a0 30 \u20ac<\/li>\n<li>PASE REDUCIDA :\u00a0 \u00a0 \u00a020 \u20ac<\/li>\n<li>PASE DUO : 50\u20ac<\/li>\n<\/ul>\n","protected":false},"excerpt":{"rendered":"<p>Condiciones y tarifas de entrada ADULTO :\u00a0 10\u20ac NI\u00d1OS (4 \u00e0 12 ANS)\u00a0 : 7\u20ac TARIFA REDUCIDA* :\u00a0 8\u20ac *Estudiantes (hasta 25 a\u00f1os de edad), personas mayores (m\u00e1s de 65 a\u00f1os de edad) y solicitantes de empleo con la presentaci\u00f3n de un justificativo. CONDICIONES DE GRUPOS Visitas aut\u00f3nomas Entrada Reducida:\u00a0 8\u20ac\/por persona a partir de [&hellip;]<\/p>\n","protected":false},"author":7,"featured_media":0,"parent":0,"menu_order":0,"comment_status":"closed","ping_status":"closed","template":"","meta":{"footnotes":""},"_links":{"self":[{"href":"https:\/\/www.mundolingua.org\/es\/wp-json\/wp\/v2\/pages\/1673"}],"collection":[{"href":"https:\/\/www.mundolingua.org\/es\/wp-json\/wp\/v2\/pages"}],"about":[{"href":"https:\/\/www.mundolingua.org\/es\/wp-json\/wp\/v2\/types\/page"}],"author":[{"embeddable":true,"href":"https:\/\/www.mundolingua.org\/es\/wp-json\/wp\/v2\/users\/7"}],"replies":[{"embeddable":true,"href":"https:\/\/www.mundolingua.org\/es\/wp-json\/wp\/v2\/comments?post=1673"}],"version-history":[{"count":7,"href":"https:\/\/www.mundolingua.org\/es\/wp-json\/wp\/v2\/pages\/1673\/revisions"}],"predecessor-version":[{"id":7066,"href":"https:\/\/www.mundolingua.org\/es\/wp-json\/wp\/v2\/pages\/1673\/revisions\/7066"}],"wp:attachment":[{"href":"https:\/\/www.mundolingua.org\/es\/wp-json\/wp\/v2\/media?parent=1673"}],"curies":[{"name":"wp","href":"https:\/\/api.w.org\/{rel}","templated":true}]}}