{"id":940,"date":"2015-06-17T09:03:16","date_gmt":"2015-06-17T08:03:16","guid":{"rendered":"http:\/\/www.mundolingua.org\/?page_id=940"},"modified":"2018-09-19T12:51:26","modified_gmt":"2018-09-19T11:51:26","slug":"bonvenon","status":"publish","type":"page","link":"https:\/\/www.mundolingua.org\/eo\/","title":{"rendered":"BONVENON"},"content":{"rendered":"<div id='av-layout-grid-1'  class='av-layout-grid-container av-av_layout_row-47be469afe8b40b0e817c87181d3e528 entry-content-wrapper main_color av-flex-cells  avia-builder-el-0  el_before_av_section  avia-builder-el-first   container_wrap sidebar_right'  >\n\n<style type=\"text\/css\" data-created_by=\"avia_inline_auto\" id=\"style-css-av-av_cell_one_half-39fbb552954328fcc50ac6e03a2b9005\">\n.flex_cell.av-av_cell_one_half-39fbb552954328fcc50ac6e03a2b9005{\nvertical-align:middle;\nheight:400px;\nmin-height:400px;\nbackground-color:#780d14;\n}\n.responsive #top #wrap_all .flex_cell.av-av_cell_one_half-39fbb552954328fcc50ac6e03a2b9005{\npadding:80px 80px 80px 80px !important;\n}\n<\/style>\n<div class='flex_cell av-av_cell_one_half-39fbb552954328fcc50ac6e03a2b9005 av-gridrow-cell av_one_half no_margin  avia-builder-el-1  el_before_av_cell_one_half  avia-builder-el-first '  ><div class='flex_cell_inner'><p>\n<style type=\"text\/css\" data-created_by=\"avia_inline_auto\" id=\"style-css-av-av_heading-e26ba6110781b193ecbbbb14ef00ddf2\">\n#top .av-special-heading.av-av_heading-e26ba6110781b193ecbbbb14ef00ddf2{\npadding-bottom:10px;\ncolor:#ffffff;\nfont-size:50px;\n}\nbody .av-special-heading.av-av_heading-e26ba6110781b193ecbbbb14ef00ddf2 .av-special-heading-tag .heading-char{\nfont-size:25px;\n}\n#top #wrap_all .av-special-heading.av-av_heading-e26ba6110781b193ecbbbb14ef00ddf2 .av-special-heading-tag{\nfont-size:50px;\n}\n.av-special-heading.av-av_heading-e26ba6110781b193ecbbbb14ef00ddf2 .special-heading-inner-border{\nborder-color:#ffffff;\n}\n.av-special-heading.av-av_heading-e26ba6110781b193ecbbbb14ef00ddf2 .av-subheading{\nfont-size:15px;\n}\n\n@media only screen and (min-width: 480px) and (max-width: 767px){ \n#top #wrap_all .av-special-heading.av-av_heading-e26ba6110781b193ecbbbb14ef00ddf2 .av-special-heading-tag{\nfont-size:0.8em;\n}\n}\n\n@media only screen and (max-width: 479px){ \n#top #wrap_all .av-special-heading.av-av_heading-e26ba6110781b193ecbbbb14ef00ddf2 .av-special-heading-tag{\nfont-size:0.8em;\n}\n}\n<\/style>\n<div  class='av-special-heading av-av_heading-e26ba6110781b193ecbbbb14ef00ddf2 av-special-heading-h1 custom-color-heading blockquote modern-quote  avia-builder-el-2  el_before_av_textblock  avia-builder-el-first  av-inherit-size'><div class='av_custom_color av-subheading av-subheading_above'><p>Bonvenon en la muzeo pri lingvoj, lingva\u0135o kaj lingvistiko!<\/p>\n<\/div><h1 class='av-special-heading-tag '  itemprop=\"headline\"  >La muzeo pri Lingvoj<\/h1><div class=\"special-heading-border\"><div class=\"special-heading-inner-border\"><\/div><\/div><\/div><br \/>\n\n<style type=\"text\/css\" data-created_by=\"avia_inline_auto\" id=\"style-css-av-av_textblock-6e7e2b2a1f6157853a3c0f6fe66169da\">\n#top .av_textblock_section.av-av_textblock-6e7e2b2a1f6157853a3c0f6fe66169da .avia_textblock{\nfont-size:16px;\ncolor:#ffffff;\n}\n<\/style>\n<section  class='av_textblock_section av-av_textblock-6e7e2b2a1f6157853a3c0f6fe66169da '   itemscope=\"itemscope\" itemtype=\"https:\/\/schema.org\/CreativeWork\" ><div class='avia_textblock av_inherit_color'  itemprop=\"text\" ><p>\u0108iea en la intimeco de niaj son\u011doj, lingva\u0135o ludas kernan rolon en nia vivo.<br \/>\nSur preska\u016d 170 m\u00b2, la permanenta ekspozicio MUNDOLINGUA invitas vin malkovri siajn sekretojn tra nekutima vizito de siaj multaj temaj alkovoj.<\/p>\n<\/div><\/section><br \/>\n<div  class='avia-button-wrap av-av_button-72ac0c472a26c899da96faf770cd2af2-wrap avia-button-center  avia-builder-el-4  el_after_av_textblock  avia-builder-el-last '><a href='https:\/\/www.mundolingua.org\/eo\/aliro\/'  class='avia-button av-av_button-72ac0c472a26c899da96faf770cd2af2 av-link-btn avia-icon_select-yes-left-icon avia-size-x-large avia-position-center avia-color-light'   aria-label=\"Sekvu la gvidisto...\"><span class='avia_button_icon avia_button_icon_left' aria-hidden='true' data-av_icon='\ue832' data-av_iconfont='entypo-fontello'><\/span><span class='avia_iconbox_title' >Sekvu la gvidisto...<\/span><\/a><\/div><\/p>\n<\/div><\/div>\n<style type=\"text\/css\" data-created_by=\"avia_inline_auto\" id=\"style-css-av-av_cell_one_half-e905835c647b20b23f67544347d4e8e6\">\n.flex_cell.av-av_cell_one_half-e905835c647b20b23f67544347d4e8e6{\nvertical-align:top;\nheight:400px;\nmin-height:400px;\nbackground-color:#780d14;\n}\n.responsive #top #wrap_all .flex_cell.av-av_cell_one_half-e905835c647b20b23f67544347d4e8e6{\npadding:0px 0px 0px 0px !important;\n}\n<\/style>\n<div class='flex_cell av-av_cell_one_half-e905835c647b20b23f67544347d4e8e6 av-gridrow-cell av_one_half no_margin  avia-builder-el-5  el_after_av_cell_one_half  avia-builder-el-last  av-zero-padding'  ><div class='flex_cell_inner'><div  class='avia-slideshow av-av_slideshow-5b42eb84df3970bbb889463536e32d6f avia-slideshow-no scaling av_slideshow avia-slide-slider  avia-builder-el-6  avia-builder-el-no-sibling  av-slideshow-ui av-control-default av-slideshow-autoplay av-loop-endless av-loop-manual-endless av-default-height-applied avia-slideshow-1' data-slideshow-options=\"{&quot;animation&quot;:&quot;slide&quot;,&quot;autoplay&quot;:true,&quot;loop_autoplay&quot;:&quot;endless&quot;,&quot;interval&quot;:5,&quot;loop_manual&quot;:&quot;manual-endless&quot;,&quot;autoplay_stopper&quot;:false,&quot;noNavigation&quot;:false,&quot;bg_slider&quot;:false,&quot;keep_padding&quot;:false,&quot;hoverpause&quot;:false,&quot;show_slide_delay&quot;:0}\"  itemprop=\"image\" itemscope=\"itemscope\" itemtype=\"https:\/\/schema.org\/ImageObject\" ><ul class='avia-slideshow-inner ' style='padding-bottom: 75%;'><li  class='avia-slideshow-slide av-av_slideshow-5b42eb84df3970bbb889463536e32d6f__0  slide-1 slide-odd'><div data-rel='slideshow-1' class='avia-slide-wrap '   ><img decoding=\"async\" fetchpriority=\"high\" class=\"wp-image-5574 avia-img-lazy-loading-not-5574\"  src=\"https:\/\/www.mundolingua.org\/wp-content\/uploads\/2013\/09\/gopr0661w1400.jpg\" width=\"800\" height=\"600\" title='DCIM100GOPROGOPR0661.' alt=''  itemprop=\"thumbnailUrl\" srcset=\"https:\/\/www.mundolingua.org\/wp-content\/uploads\/2013\/09\/gopr0661w1400.jpg 800w, https:\/\/www.mundolingua.org\/wp-content\/uploads\/2013\/09\/gopr0661w1400-300x225.jpg 300w, https:\/\/www.mundolingua.org\/wp-content\/uploads\/2013\/09\/gopr0661w1400-705x529.jpg 705w, https:\/\/www.mundolingua.org\/wp-content\/uploads\/2013\/09\/gopr0661w1400-450x338.jpg 450w\" sizes=\"(max-width: 800px) 100vw, 800px\" \/><\/div><\/li><li  class='avia-slideshow-slide av-av_slideshow-5b42eb84df3970bbb889463536e32d6f__1  slide-2 slide-even'><div data-rel='slideshow-1' class='avia-slide-wrap '   ><img decoding=\"async\" fetchpriority=\"high\" class=\"wp-image-5598 avia-img-lazy-loading-not-5598\"  src=\"https:\/\/www.mundolingua.org\/wp-content\/uploads\/2013\/09\/GOPR0715.jpg\" width=\"4000\" height=\"3000\" title='DCIM100GOPROGOPR0715.' alt=''  itemprop=\"thumbnailUrl\" srcset=\"https:\/\/www.mundolingua.org\/wp-content\/uploads\/2013\/09\/GOPR0715.jpg 4000w, https:\/\/www.mundolingua.org\/wp-content\/uploads\/2013\/09\/GOPR0715-300x225.jpg 300w, https:\/\/www.mundolingua.org\/wp-content\/uploads\/2013\/09\/GOPR0715-1030x773.jpg 1030w, https:\/\/www.mundolingua.org\/wp-content\/uploads\/2013\/09\/GOPR0715-1500x1125.jpg 1500w, https:\/\/www.mundolingua.org\/wp-content\/uploads\/2013\/09\/GOPR0715-705x529.jpg 705w, https:\/\/www.mundolingua.org\/wp-content\/uploads\/2013\/09\/GOPR0715-450x338.jpg 450w\" sizes=\"(max-width: 4000px) 100vw, 4000px\" \/><\/div><\/li><li  class='avia-slideshow-slide av-av_slideshow-5b42eb84df3970bbb889463536e32d6f__2  slide-3 slide-odd'><div data-rel='slideshow-1' class='avia-slide-wrap '   ><img decoding=\"async\" fetchpriority=\"high\" class=\"wp-image-5568 avia-img-lazy-loading-not-5568\"  src=\"https:\/\/www.mundolingua.org\/wp-content\/uploads\/2013\/09\/gopr0657w1400.jpg\" width=\"800\" height=\"600\" title='DCIM100GOPROGOPR0657.' alt=''  itemprop=\"thumbnailUrl\" srcset=\"https:\/\/www.mundolingua.org\/wp-content\/uploads\/2013\/09\/gopr0657w1400.jpg 800w, https:\/\/www.mundolingua.org\/wp-content\/uploads\/2013\/09\/gopr0657w1400-300x225.jpg 300w, https:\/\/www.mundolingua.org\/wp-content\/uploads\/2013\/09\/gopr0657w1400-705x529.jpg 705w, https:\/\/www.mundolingua.org\/wp-content\/uploads\/2013\/09\/gopr0657w1400-450x338.jpg 450w\" sizes=\"(max-width: 800px) 100vw, 800px\" \/><\/div><\/li><\/ul><div class='avia-slideshow-arrows avia-slideshow-controls' ><a href='#prev' class='prev-slide ' aria-hidden='true' data-av_icon='\ue87c' data-av_iconfont='entypo-fontello'  tabindex='-1'>Previous<\/a><a href='#next' class='next-slide ' aria-hidden='true' data-av_icon='\ue87d' data-av_iconfont='entypo-fontello'  tabindex='-1'>Next<\/a><\/div><div class='avia-slideshow-dots avia-slideshow-controls'><a href='#1' class='goto-slide active' >1<\/a><a href='#2' class='goto-slide ' >2<\/a><a href='#3' class='goto-slide ' >3<\/a><\/div><\/div>\n<\/div><\/div>\n<\/div>\n\n<style type=\"text\/css\" data-created_by=\"avia_inline_auto\" id=\"style-css-av-av_section-159c3bef48011ff24e3b726a4acbd462\">\n.avia-section.av-av_section-159c3bef48011ff24e3b726a4acbd462 .av-parallax .av-parallax-inner{\nbackground-color:#eaeaea;\nbackground-image:url(https:\/\/www.mundolingua.org\/wp-content\/uploads\/2017\/04\/tryptique-slide.jpg);\nbackground-repeat:no-repeat;\nbackground-position:0% 0%;\nbackground-attachment:scroll;\n}\n.avia-section.av-av_section-159c3bef48011ff24e3b726a4acbd462 .av-section-color-overlay{\nopacity:0.8;\nbackground-color:#ffffff;\n}\n<\/style>\n<div id='av_section_1'  class='avia-section av-av_section-159c3bef48011ff24e3b726a4acbd462 main_color avia-section-default avia-no-shadow  avia-builder-el-7  el_after_av_layout_row  avia-builder-el-last  av-parallax-section avia-bg-style-parallax av-section-color-overlay-active av-section-with-video-bg container_wrap sidebar_right'  data-section-bg-repeat='no-repeat' data-section-video-ratio='16:9'><div  class='avia-slideshow av_slideshow_obj-1-69d25f8631088 avia-slideshow-featured av_slideshow avia-slide-slider av-slideshow-ui av-control-default av-slideshow-manual av-loop-once av-loop-manual-endless av-default-height-applied  av-section-video-bg avia-slideshow-2' data-slideshow-options=\"{&quot;animation&quot;:&quot;slide&quot;,&quot;autoplay&quot;:false,&quot;loop_autoplay&quot;:&quot;once&quot;,&quot;interval&quot;:5,&quot;loop_manual&quot;:&quot;manual-endless&quot;,&quot;autoplay_stopper&quot;:false,&quot;noNavigation&quot;:false,&quot;bg_slider&quot;:false,&quot;keep_padding&quot;:false,&quot;hoverpause&quot;:false,&quot;show_slide_delay&quot;:0}\"  itemprop=\"image\" itemscope=\"itemscope\" itemtype=\"https:\/\/schema.org\/ImageObject\" ><ul class='avia-slideshow-inner ' style='padding-bottom: 28.666666666667%;'><li  data-controls='disabled' data-mute='aviaTBaviaTBvideo_mute' data-loop='1' data-disable-autoplay=''  data-video-ratio='1.7777777777778' class='avia-slideshow-slide av_slideshow_obj-1-69d25f8631088__0  av-video-slide  av-video-service-html5  av-hide-video-controls av-mute-video av-loop-video  av-single-slide slide-1 slide-odd'><div data-rel='slideshow-2' class='avia-slide-wrap '    itemprop=\"video\" itemtype=\"https:\/\/schema.org\/VideoObject\" ><div class='av-click-overlay'><\/div><video class='avia_video'  autoplay playsinline loop preload=\"metadata\" muted  id='player_940_1076019906_1713153638'><source src=\"https:\/\/www.mundolingua.org\/wp-content\/uploads\/2013\/09\/Finished-vid-2.mp4\" type=\"video\/mp4\" \/><\/video><div class=\"av-click-to-play-overlay\"><div class=\"avia_playpause_icon\"><\/div><\/div><\/div><\/li><\/ul><\/div><div class='av-parallax' data-avia-parallax-ratio='0.3' ><div class='av-parallax-inner main_color avia-full-stretch'><\/div><\/div><div class=\"av-section-color-overlay-wrap\"><div class=\"av-section-color-overlay\"><\/div><div class='container av-section-cont-open' ><div class='template-page content  av-content-small alpha units'><div class='post-entry post-entry-type-page post-entry-940'><div class='entry-content-wrapper clearfix'>\n\n<style type=\"text\/css\" data-created_by=\"avia_inline_auto\" id=\"style-css-av-av_one_half-6126cab7d8fab8d08143dd2dacdf673c\">\n.flex_column.av-av_one_half-6126cab7d8fab8d08143dd2dacdf673c{\nborder-radius:0px 0px 0px 0px;\npadding:0px 0px 0px 0px;\n}\n<\/style>\n<div  class='flex_column av-av_one_half-6126cab7d8fab8d08143dd2dacdf673c av_one_half  avia-builder-el-8  el_before_av_one_half  avia-builder-el-first  first flex_column_div av-zero-column-padding  '     ><p>\n<style type=\"text\/css\" data-created_by=\"avia_inline_auto\" id=\"style-css-av-av_heading-f3087c74443b1a483fde436f47dd6d7b\">\n#top .av-special-heading.av-av_heading-f3087c74443b1a483fde436f47dd6d7b{\npadding-bottom:10px;\n}\nbody .av-special-heading.av-av_heading-f3087c74443b1a483fde436f47dd6d7b .av-special-heading-tag .heading-char{\nfont-size:25px;\n}\n.av-special-heading.av-av_heading-f3087c74443b1a483fde436f47dd6d7b .av-subheading{\nfont-size:15px;\n}\n<\/style>\n<div  class='av-special-heading av-av_heading-f3087c74443b1a483fde436f47dd6d7b av-special-heading-h2 blockquote modern-quote  avia-builder-el-9  el_before_av_textblock  avia-builder-el-first '><h2 class='av-special-heading-tag '  itemprop=\"headline\"  >Muzeo estas atingebla de \u0109iuj !<\/h2><div class=\"special-heading-border\"><div class=\"special-heading-inner-border\"><\/div><\/div><\/div><br \/>\n\n<style type=\"text\/css\" data-created_by=\"avia_inline_auto\" id=\"style-css-av-av_textblock-78053a814379703d97f6b9d952c790ca\">\n#top .av_textblock_section.av-av_textblock-78053a814379703d97f6b9d952c790ca .avia_textblock{\nfont-size:16px;\n}\n<\/style>\n<section  class='av_textblock_section av-av_textblock-78053a814379703d97f6b9d952c790ca '   itemscope=\"itemscope\" itemtype=\"https:\/\/schema.org\/CreativeWork\" ><div class='avia_textblock'  itemprop=\"text\" ><p><strong><span class='av_dropcap1 av-av_dropcap1-3cd9da5fea0ef5fb27aee617571c39a3'>\u0108<\/span><\/strong>u vi elektis\u00a0<strong>liberan viziton<\/strong>\u00a0(prunto de a\u016ddiloj por \u011dui videojn kaj sonbendojn), a\u016d\u00a0<strong>gviditan viziton<\/strong>, ni volas havigi maksimuman komforton por vizitantoj.<\/p>\n<p>Ne hezitu\u00a0<strong>sekvi niajn nova\u0135ojn por esti informitaj pri niaj eventoj<\/strong>(prelegoj, debatoj, sta\u011doj&#8230;).\u00a0<strong>Bonan viziton\u00a0!<\/strong><\/p>\n<\/div><\/section><\/p><\/div>\n<style type=\"text\/css\" data-created_by=\"avia_inline_auto\" id=\"style-css-av-av_one_half-0aa7055fe62c3622faec82866afbaeb2\">\n.flex_column.av-av_one_half-0aa7055fe62c3622faec82866afbaeb2{\nborder-radius:0px 0px 0px 0px;\npadding:0px 0px 0px 0px;\n}\n<\/style>\n<div  class='flex_column av-av_one_half-0aa7055fe62c3622faec82866afbaeb2 av_one_half  avia-builder-el-11  el_after_av_one_half  avia-builder-el-last  flex_column_div av-zero-column-padding  '     ><style type=\"text\/css\" data-created_by=\"avia_inline_auto\" id=\"style-css-av-av_image-29d5ac5222a910dd8b876a8f5e351456\">\n.avia-image-container.av-av_image-29d5ac5222a910dd8b876a8f5e351456 img.avia_image{\nbox-shadow:none;\n}\n.avia-image-container.av-av_image-29d5ac5222a910dd8b876a8f5e351456 .av-image-caption-overlay-center{\ncolor:#ffffff;\n}\n<\/style>\n<div  class='avia-image-container av-av_image-29d5ac5222a910dd8b876a8f5e351456 av-styling- avia-align-center  avia-builder-el-12  avia-builder-el-no-sibling '   itemprop=\"image\" itemscope=\"itemscope\" itemtype=\"https:\/\/schema.org\/ImageObject\" ><div class=\"avia-image-container-inner\"><div class=\"avia-image-overlay-wrap\"><img decoding=\"async\" fetchpriority=\"high\" class='wp-image-5550 avia-img-lazy-loading-not-5550 avia_image ' src=\"https:\/\/www.mundolingua.org\/wp-content\/uploads\/2017\/05\/20170623_084635-w1400-495x400.jpg\" alt='' title='20170623_084635-w1400'  height=\"400\" width=\"495\"  itemprop=\"thumbnailUrl\"  \/><\/div><\/div><\/div><\/div>\n<\/div><\/div><\/div><!-- close content main div --><\/div><\/div><\/div><div id='after_section_1'  class='main_color av_default_container_wrap container_wrap sidebar_right'  ><div class='container av-section-cont-open' ><div class='template-page content  av-content-small alpha units'><div class='post-entry post-entry-type-page post-entry-940'><div class='entry-content-wrapper clearfix'>\n","protected":false},"excerpt":{"rendered":"","protected":false},"author":2,"featured_media":0,"parent":0,"menu_order":0,"comment_status":"closed","ping_status":"closed","template":"","meta":{"footnotes":""},"_links":{"self":[{"href":"https:\/\/www.mundolingua.org\/eo\/wp-json\/wp\/v2\/pages\/940"}],"collection":[{"href":"https:\/\/www.mundolingua.org\/eo\/wp-json\/wp\/v2\/pages"}],"about":[{"href":"https:\/\/www.mundolingua.org\/eo\/wp-json\/wp\/v2\/types\/page"}],"author":[{"embeddable":true,"href":"https:\/\/www.mundolingua.org\/eo\/wp-json\/wp\/v2\/users\/2"}],"replies":[{"embeddable":true,"href":"https:\/\/www.mundolingua.org\/eo\/wp-json\/wp\/v2\/comments?post=940"}],"version-history":[{"count":10,"href":"https:\/\/www.mundolingua.org\/eo\/wp-json\/wp\/v2\/pages\/940\/revisions"}],"predecessor-version":[{"id":2909,"href":"https:\/\/www.mundolingua.org\/eo\/wp-json\/wp\/v2\/pages\/940\/revisions\/2909"}],"wp:attachment":[{"href":"https:\/\/www.mundolingua.org\/eo\/wp-json\/wp\/v2\/media?parent=940"}],"curies":[{"name":"wp","href":"https:\/\/api.w.org\/{rel}","templated":true}]}}