{"id":921,"date":"2015-06-17T08:16:00","date_gmt":"2015-06-17T07:16:00","guid":{"rendered":"http:\/\/www.mundolingua.org\/?page_id=921"},"modified":"2021-07-18T18:54:59","modified_gmt":"2021-07-18T16:54:59","slug":"tarifoj","status":"publish","type":"page","link":"https:\/\/www.mundolingua.org\/eo\/tarifoj\/","title":{"rendered":"TARIFOJ"},"content":{"rendered":"<p><strong>KONDI\u0108OJ KAJ TARIFOJ<\/strong><\/p>\n<ul>\n<li>PLENKRESKULO : 8\u20ac<\/li>\n<li>INFANO (4 \u011dis 12 jaroj) : 5\u20ac<\/li>\n<li>RABATE* : 6\u20ac<\/li>\n<li>SENPAGE : infano malpli ol 4-jara<\/li>\n<\/ul>\n<p>*Studentoj (\u011dis 25-jaraj), maljunuloj (pli ol 65-jaraj) kaj senlaboruloj, kontra\u016d prezento de \u011dustigilo.<\/p>\n<p>&nbsp;<\/p>\n<p>&nbsp;<\/p>\n<p><strong>KONDI\u0108OJ POR GRUPOJ<\/strong><\/p>\n<p><strong>Memaj vizitoj<\/strong><\/p>\n<ul>\n<li>Rabatita tarifo po 6\u20ac ekde 10 personoj.<\/li>\n<\/ul>\n<p><strong>Gviditaj vizitoj<\/strong><\/p>\n<ul>\n<li>Ekde 10 personoj, kontra\u016d suplemento po 3\u20ac. Senpage por la akompanantoj de lernejaj grupoj.<\/li>\n<\/ul>\n<p>&nbsp;<\/p>\n<p>&nbsp;<\/p>\n<p><strong>PASBILETO MUNDOLINGUA PASIO<\/strong><\/p>\n<p>La Pasbileto Mundolingua Pasio donas senliman aliron al Mundolingua, dum unu jaro (ekde la a\u0109etdato) kaj premiere informas vin pri niaj eventoj, por kiuj vi \u011duos rabatojn (anoncitajn okaze de la evento). La Pasbileto estas persona kaj ne transdonebla.<\/p>\n<ul>\n<li>PASBILETO PLENKRESKULO: 25 \u20ac<\/li>\n<li>PASBILETO INFANO (4- \u011dis 12-jara) : 15 \u20ac<\/li>\n<\/ul>\n<p>&nbsp;<\/p>\n","protected":false},"excerpt":{"rendered":"<p>KONDI\u0108OJ KAJ TARIFOJ PLENKRESKULO : 8\u20ac INFANO (4 \u011dis 12 jaroj) : 5\u20ac RABATE* : 6\u20ac SENPAGE : infano malpli ol 4-jara *Studentoj (\u011dis 25-jaraj), maljunuloj (pli ol 65-jaraj) kaj senlaboruloj, kontra\u016d prezento de \u011dustigilo. &nbsp; &nbsp; KONDI\u0108OJ POR GRUPOJ Memaj vizitoj Rabatita tarifo po 6\u20ac ekde 10 personoj. Gviditaj vizitoj Ekde 10 personoj, kontra\u016d [&hellip;]<\/p>\n","protected":false},"author":3,"featured_media":0,"parent":0,"menu_order":0,"comment_status":"closed","ping_status":"closed","template":"","meta":{"footnotes":""},"_links":{"self":[{"href":"https:\/\/www.mundolingua.org\/eo\/wp-json\/wp\/v2\/pages\/921"}],"collection":[{"href":"https:\/\/www.mundolingua.org\/eo\/wp-json\/wp\/v2\/pages"}],"about":[{"href":"https:\/\/www.mundolingua.org\/eo\/wp-json\/wp\/v2\/types\/page"}],"author":[{"embeddable":true,"href":"https:\/\/www.mundolingua.org\/eo\/wp-json\/wp\/v2\/users\/3"}],"replies":[{"embeddable":true,"href":"https:\/\/www.mundolingua.org\/eo\/wp-json\/wp\/v2\/comments?post=921"}],"version-history":[{"count":3,"href":"https:\/\/www.mundolingua.org\/eo\/wp-json\/wp\/v2\/pages\/921\/revisions"}],"predecessor-version":[{"id":3432,"href":"https:\/\/www.mundolingua.org\/eo\/wp-json\/wp\/v2\/pages\/921\/revisions\/3432"}],"wp:attachment":[{"href":"https:\/\/www.mundolingua.org\/eo\/wp-json\/wp\/v2\/media?parent=921"}],"curies":[{"name":"wp","href":"https:\/\/api.w.org\/{rel}","templated":true}]}}