{"id":3067,"date":"2023-03-10T19:30:55","date_gmt":"2023-03-10T18:30:55","guid":{"rendered":"http:\/\/www.mundolingua.org\/?page_id=3067"},"modified":"2025-12-30T18:32:59","modified_gmt":"2025-12-30T17:32:59","slug":"news-evenements","status":"publish","type":"page","link":"https:\/\/www.mundolingua.org\/en\/news-evenements\/","title":{"rendered":"News &#038; Events"},"content":{"rendered":"<div id='av-layout-grid-1'  class='av-layout-grid-container av-av_layout_row-63f340e041eab694320f731d86f62b5d entry-content-wrapper main_color av-flex-cells  avia-builder-el-0  el_before_av_heading  avia-builder-el-first   container_wrap fullsize'  >\n\n<style type=\"text\/css\" data-created_by=\"avia_inline_auto\" id=\"style-css-av-av_cell_one_half-fd7d72a6288f03e0920dbbc48509e9c1\">\n.flex_cell.av-av_cell_one_half-fd7d72a6288f03e0920dbbc48509e9c1{\nvertical-align:middle;\nheight:200px;\nmin-height:200px;\nbackground-color:#780d14;\n}\n.responsive #top #wrap_all .flex_cell.av-av_cell_one_half-fd7d72a6288f03e0920dbbc48509e9c1{\npadding:40px 40px 40px 40px !important;\n}\n<\/style>\n<div class='flex_cell av-av_cell_one_half-fd7d72a6288f03e0920dbbc48509e9c1 av-gridrow-cell av_one_half no_margin  avia-builder-el-1  el_before_av_cell_one_half  avia-builder-el-first '  ><div class='flex_cell_inner'><p>\n<style type=\"text\/css\" data-created_by=\"avia_inline_auto\" id=\"style-css-av-av_heading-232072743ad14d09100f7f40133efa52\">\n#top .av-special-heading.av-av_heading-232072743ad14d09100f7f40133efa52{\npadding-bottom:10px;\ncolor:#ffffff;\nfont-size:50px;\n}\nbody .av-special-heading.av-av_heading-232072743ad14d09100f7f40133efa52 .av-special-heading-tag .heading-char{\nfont-size:25px;\n}\n#top #wrap_all .av-special-heading.av-av_heading-232072743ad14d09100f7f40133efa52 .av-special-heading-tag{\nfont-size:50px;\n}\n.av-special-heading.av-av_heading-232072743ad14d09100f7f40133efa52 .special-heading-inner-border{\nborder-color:#ffffff;\n}\n.av-special-heading.av-av_heading-232072743ad14d09100f7f40133efa52 .av-subheading{\nfont-size:15px;\n}\n\n@media only screen and (min-width: 480px) and (max-width: 767px){ \n#top #wrap_all .av-special-heading.av-av_heading-232072743ad14d09100f7f40133efa52 .av-special-heading-tag{\nfont-size:0.8em;\n}\n}\n\n@media only screen and (max-width: 479px){ \n#top #wrap_all .av-special-heading.av-av_heading-232072743ad14d09100f7f40133efa52 .av-special-heading-tag{\nfont-size:0.8em;\n}\n}\n<\/style>\n<div  class='av-special-heading av-av_heading-232072743ad14d09100f7f40133efa52 av-special-heading-h1 custom-color-heading blockquote modern-quote  avia-builder-el-2  el_before_av_hr  avia-builder-el-first  av-inherit-size'><h1 class='av-special-heading-tag '  itemprop=\"headline\"  >NEWS <span class='special_amp'>&amp;<\/span> EVENTS<\/h1><div class=\"special-heading-border\"><div class=\"special-heading-inner-border\"><\/div><\/div><\/div><br \/>\n<div  class='hr av-av_hr-34b6fe9e9f66a46e6d69cf6e4e15f130 hr-short  avia-builder-el-3  el_after_av_heading  avia-builder-el-last  hr-center'><span class='hr-inner '><span class=\"hr-inner-style\"><\/span><\/span><\/div><\/p>\n<\/div><\/div>\n<style type=\"text\/css\" data-created_by=\"avia_inline_auto\" id=\"style-css-av-av_cell_one_half-e8ed9ba923b8ac6222b5a24cb105f844\">\n.flex_cell.av-av_cell_one_half-e8ed9ba923b8ac6222b5a24cb105f844{\nvertical-align:top;\nheight:200px;\nmin-height:200px;\nbackground:url(https:\/\/www.mundolingua.org\/wp-content\/uploads\/2013\/09\/gopr0750-w1400-495x400.jpg) 50% 50% no-repeat scroll ;\n}\n.responsive #top #wrap_all .flex_cell.av-av_cell_one_half-e8ed9ba923b8ac6222b5a24cb105f844{\npadding:30px 30px 30px 30px !important;\n}\n<\/style>\n<div class='flex_cell av-av_cell_one_half-e8ed9ba923b8ac6222b5a24cb105f844 av-gridrow-cell av_one_half no_margin  avia-builder-el-4  el_after_av_cell_one_half  avia-builder-el-last  avia-full-stretch'  ><div class='flex_cell_inner'><\/div><\/div>\n<\/div><div id='after_grid_row_1'  class='main_color av_default_container_wrap container_wrap fullsize'  ><div class='container av-section-cont-open' ><div class='template-page content  av-content-full alpha units'><div class='post-entry post-entry-type-page post-entry-3067'><div class='entry-content-wrapper clearfix'>\n\n<style type=\"text\/css\" data-created_by=\"avia_inline_auto\" id=\"style-css-av-av_heading-b6da9bac774b2a563110112f6e1bf5b5\">\n#top .av-special-heading.av-av_heading-b6da9bac774b2a563110112f6e1bf5b5{\npadding-bottom:10px;\nfont-size:50px;\n}\nbody .av-special-heading.av-av_heading-b6da9bac774b2a563110112f6e1bf5b5 .av-special-heading-tag .heading-char{\nfont-size:25px;\n}\n#top #wrap_all .av-special-heading.av-av_heading-b6da9bac774b2a563110112f6e1bf5b5 .av-special-heading-tag{\nfont-size:50px;\n}\n.av-special-heading.av-av_heading-b6da9bac774b2a563110112f6e1bf5b5 .av-subheading{\nfont-size:15px;\n}\n\n@media only screen and (min-width: 480px) and (max-width: 767px){ \n#top #wrap_all .av-special-heading.av-av_heading-b6da9bac774b2a563110112f6e1bf5b5 .av-special-heading-tag{\nfont-size:0.8em;\n}\n}\n\n@media only screen and (max-width: 479px){ \n#top #wrap_all .av-special-heading.av-av_heading-b6da9bac774b2a563110112f6e1bf5b5 .av-special-heading-tag{\nfont-size:0.8em;\n}\n}\n<\/style>\n<div  class='av-special-heading av-av_heading-b6da9bac774b2a563110112f6e1bf5b5 av-special-heading-h2 blockquote modern-quote modern-centered  avia-builder-el-5  el_after_av_layout_row  el_before_av_heading  avia-builder-el-first  av-inherit-size'><h2 class='av-special-heading-tag '  itemprop=\"headline\"  >Thursdays at Mundolingua<\/h2><div class='av-subheading av-subheading_below'><p>A special soir\u00e9e awaits you every third Thursday of the month at 19:30 at Mundolingua!<\/p>\n<\/div><div class=\"special-heading-border\"><div class=\"special-heading-inner-border\"><\/div><\/div><\/div>\n\n<section  class='av_textblock_section av-mfavmdid-5e8d4dfc360f3ff7c29d3aa5f8fa0cdb '   itemscope=\"itemscope\" itemtype=\"https:\/\/schema.org\/CreativeWork\" ><div class='avia_textblock'  itemprop=\"text\" ><p><strong>As usual; every third Thursday of the month at 19:30, we organize a soir\u00e9e with a specifc language topic.<\/strong><\/p>\n<p><span style=\"font-family: Times, serif;\"><span style=\"font-family: Garamond, serif;\"><strong>January the 15th at 7.30 pm, in French<\/strong><\/span><\/span><span style=\"font-family: Times, serif;\"><span style=\"font-family: Garamond, serif;\"><strong>\u00a0 \u00a0 <\/strong><\/span><\/span><strong><span style=\"font-family: Times, serif;\"><span style=\"font-family: Garamond, serif;\">\u00a0\u00a0<\/span><\/span><br \/>\n<\/strong><\/p>\n<p><strong>F\u00eatons les langues d&#8217;ici et d&#8217;ailleurs\u00a0<\/strong><strong>:<br \/>\nRanka Biljeljac-Babic<\/strong><\/p>\n<p>Des milliers de langues sont parl\u00e9es dans le monde. Cette richesse de l\u2019humanit\u00e9 se r\u00e9duit d\u2019ann\u00e9e en ann\u00e9e au point qu\u2019on estime que la moiti\u00e9 d\u2019entre elles pourront avoir disparu d\u2019ici la fin du si\u00e8cle.<br \/>\nDe nombreuses f\u00eates et initiatives nationales et internationales consacr\u00e9es aux langues du monde s\u2019efforcent de faire vivre, de transmettre et de d\u00e9fendre cette diversit\u00e9, tant dans les pays et continents d\u2019origine que dans les soci\u00e9t\u00e9s d\u2019accueil issues des migrations.<br \/>\nApr\u00e8s avoir \u00e9voqu\u00e9 les journ\u00e9es internationales d\u00e9di\u00e9es \u00e0 valorisation des langues maternelles, des langues europ\u00e9ennes, de la langue fran\u00e7aise, de l\u2019anglais et de l\u2019espagnol et des langues africaines, nous pr\u00e9senterons le concept et les activit\u00e9s men\u00e9es dans le cadre de la Semaine des langues en France ainsi que son \u00e9volution depuis quinze ans. Il s\u2019agira enfin de s\u2019interroger sur les moyens concrets de valoriser les langues et les cultures minor\u00e9es \u00e0 l\u2019\u00e9cole et dans la soci\u00e9t\u00e9, afin de pr\u00e9server cette diversit\u00e9 linguistique, essentielle \u00e0 la d\u00e9mocratie, \u00e0 l\u2019\u00e9galit\u00e9 et au vivre-ensemble.<\/p>\n<p><img loading=\"lazy\" decoding=\"async\" class=\"CToWUd\" src=\"https:\/\/ci3.googleusercontent.com\/meips\/ADKq_NaqeCwy1Sb_NsyDCrtjO08mdVHLrJjiDX70rWUTJ4KEiCbad9fWsdc6ds_29XuS7_iQAYq2zTEt8LpBdodd7SYejWpo-kgcoYspyTZjhGdtOLtrPTIZ2xhUK0FORrWKuYvn_NZ8xUPXzGUym_oxe2SifSTh0woGBxk=s0-d-e1-ft#https:\/\/mcusercontent.com\/b90d832529d4d62b1fc74b4ea\/images\/2901aa62-f0fe-801c-d6c7-aab9a6b433af.png\" width=\"256\" height=\"320\" data-bit=\"iit\" \/><\/p>\n<p>Notre intervenante\u00a0:\u00a0Ranka Bijeljac-Babic-psycholinguiste<br \/>\nAncienne MC-HDR de l\u2019Universit\u00e9 de Poitiers, chercheuse \u00e0\u00a0 l\u2019INCC-CNRS et Universit\u00e9 Paris Cit\u00e9, pr\u00e9sidente de l\u2019association Bilingues et Plus<\/p>\n<p><strong>\u00a0<\/strong><\/p>\n<p><em><strong>Venez nombreuses et nombreux partager ce moment ensemble !<\/strong><\/em><em><strong>\u00a0<\/strong><\/em><em><strong>\u00a0<\/strong><\/em><\/p>\n<p><strong>\u00a0<\/strong><\/p>\n<\/div><\/section>\n<div id='avia-messagebox-' class='avia_message_box av_notification av-av_notification-5c39c222c982e7392afb22a83063869b avia-color-red avia-size-large avia-icon_select-yes avia-border-  avia-builder-el-8  el_after_av_textblock  el_before_av_blog ' ><span class='avia_message_box_title' >IMPORTANT<\/span><div class=\"avia_message_box_content\"><span class='avia_message_box_icon' aria-hidden='true' data-av_icon='\ue83f' data-av_iconfont='entypo-fontello'><\/span><p>Le nombre de places \u00e9tant limit\u00e9, n&#8217;h\u00e9sitez pas \u00e0 r\u00e9server :<br \/>\nsoit par t\u00e9l\u00e9phone au : 01 56 81 65 79<br \/>\nsoit par mail : contact@mundolingua.org<br \/>\nTarif : 5 \u20ac\/personne (entr\u00e9e + ap\u00e9ro).<\/p>\n<\/div><\/div>\n<div  class='av-alb-blogposts template-blog  '  itemscope=\"itemscope\" itemtype=\"https:\/\/schema.org\/Blog\" >\t<article class=\"entry\">\n\t\t<header class=\"entry-content-header\" aria-label=\"No Posts Found\" >\n<h1 class='post-title entry-title '>Nothing Found<\/h1>\t\t<\/header>\n\n\t\t<p class=\"entry-content\"  itemprop=\"text\" >Sorry, no posts matched your criteria<\/p>\n\n\t\t<footer class=\"entry-footer\"><\/footer>\n\t<\/article>\n\n<div class='single-small'><\/div><\/div>\n","protected":false},"excerpt":{"rendered":"","protected":false},"author":7,"featured_media":0,"parent":0,"menu_order":0,"comment_status":"closed","ping_status":"closed","template":"","meta":{"footnotes":""},"_links":{"self":[{"href":"https:\/\/www.mundolingua.org\/en\/wp-json\/wp\/v2\/pages\/3067"}],"collection":[{"href":"https:\/\/www.mundolingua.org\/en\/wp-json\/wp\/v2\/pages"}],"about":[{"href":"https:\/\/www.mundolingua.org\/en\/wp-json\/wp\/v2\/types\/page"}],"author":[{"embeddable":true,"href":"https:\/\/www.mundolingua.org\/en\/wp-json\/wp\/v2\/users\/7"}],"replies":[{"embeddable":true,"href":"https:\/\/www.mundolingua.org\/en\/wp-json\/wp\/v2\/comments?post=3067"}],"version-history":[{"count":10,"href":"https:\/\/www.mundolingua.org\/en\/wp-json\/wp\/v2\/pages\/3067\/revisions"}],"predecessor-version":[{"id":7011,"href":"https:\/\/www.mundolingua.org\/en\/wp-json\/wp\/v2\/pages\/3067\/revisions\/7011"}],"wp:attachment":[{"href":"https:\/\/www.mundolingua.org\/en\/wp-json\/wp\/v2\/media?parent=3067"}],"curies":[{"name":"wp","href":"https:\/\/api.w.org\/{rel}","templated":true}]}}