{"id":2816,"date":"2017-06-02T14:12:10","date_gmt":"2017-06-02T13:12:10","guid":{"rendered":"http:\/\/www.mundolingua.org\/le-musee-des-langues\/"},"modified":"2020-12-06T10:52:54","modified_gmt":"2020-12-06T09:52:54","slug":"the-museum","status":"publish","type":"page","link":"https:\/\/www.mundolingua.org\/en\/the-museum\/","title":{"rendered":"The Museum \/ Boutique"},"content":{"rendered":"<div id='av-layout-grid-1'  class='av-layout-grid-container av-av_layout_row-47be469afe8b40b0e817c87181d3e528 entry-content-wrapper main_color av-flex-cells  avia-builder-el-0  el_before_av_section  avia-builder-el-first   container_wrap fullsize'  >\n\n<style type=\"text\/css\" data-created_by=\"avia_inline_auto\" id=\"style-css-av-av_cell_one_half-39fbb552954328fcc50ac6e03a2b9005\">\n.flex_cell.av-av_cell_one_half-39fbb552954328fcc50ac6e03a2b9005{\nvertical-align:middle;\nheight:400px;\nmin-height:400px;\nbackground-color:#780d14;\n}\n.responsive #top #wrap_all .flex_cell.av-av_cell_one_half-39fbb552954328fcc50ac6e03a2b9005{\npadding:80px 80px 80px 80px !important;\n}\n<\/style>\n<div class='flex_cell av-av_cell_one_half-39fbb552954328fcc50ac6e03a2b9005 av-gridrow-cell av_one_half no_margin  avia-builder-el-1  el_before_av_cell_one_half  avia-builder-el-first '  ><div class='flex_cell_inner'><p>\n<style type=\"text\/css\" data-created_by=\"avia_inline_auto\" id=\"style-css-av-av_heading-fb79330f16207b12ad39b3290f98e1dc\">\n#top .av-special-heading.av-av_heading-fb79330f16207b12ad39b3290f98e1dc{\npadding-bottom:10px;\ncolor:#ffffff;\nfont-size:50px;\n}\nbody .av-special-heading.av-av_heading-fb79330f16207b12ad39b3290f98e1dc .av-special-heading-tag .heading-char{\nfont-size:25px;\n}\n#top #wrap_all .av-special-heading.av-av_heading-fb79330f16207b12ad39b3290f98e1dc .av-special-heading-tag{\nfont-size:50px;\n}\n.av-special-heading.av-av_heading-fb79330f16207b12ad39b3290f98e1dc .special-heading-inner-border{\nborder-color:#ffffff;\n}\n.av-special-heading.av-av_heading-fb79330f16207b12ad39b3290f98e1dc .av-subheading{\nfont-size:15px;\n}\n\n@media only screen and (min-width: 480px) and (max-width: 767px){ \n#top #wrap_all .av-special-heading.av-av_heading-fb79330f16207b12ad39b3290f98e1dc .av-special-heading-tag{\nfont-size:0.8em;\n}\n}\n\n@media only screen and (max-width: 479px){ \n#top #wrap_all .av-special-heading.av-av_heading-fb79330f16207b12ad39b3290f98e1dc .av-special-heading-tag{\nfont-size:0.8em;\n}\n}\n<\/style>\n<div  class='av-special-heading av-av_heading-fb79330f16207b12ad39b3290f98e1dc av-special-heading-h1 custom-color-heading blockquote modern-quote  avia-builder-el-2  el_before_av_textblock  avia-builder-el-first  av-inherit-size'><div class='av_custom_color av-subheading av-subheading_above'><p>\u00e0 la d\u00e9couverte du mus\u00e9e<\/p>\n<\/div><h1 class='av-special-heading-tag '  itemprop=\"headline\"  >Pr\u00e9sentation<\/h1><div class=\"special-heading-border\"><div class=\"special-heading-inner-border\"><\/div><\/div><\/div><br \/>\n\n<style type=\"text\/css\" data-created_by=\"avia_inline_auto\" id=\"style-css-av-av_textblock-6e7e2b2a1f6157853a3c0f6fe66169da\">\n#top .av_textblock_section.av-av_textblock-6e7e2b2a1f6157853a3c0f6fe66169da .avia_textblock{\nfont-size:16px;\ncolor:#ffffff;\n}\n<\/style>\n<section  class='av_textblock_section av-av_textblock-6e7e2b2a1f6157853a3c0f6fe66169da '   itemscope=\"itemscope\" itemtype=\"https:\/\/schema.org\/CreativeWork\" ><div class='avia_textblock av_inherit_color'  itemprop=\"text\" ><p>Sur pr\u00e8s de 170m\u00b2, le mus\u00e9e des langues\u00a0MUNDOLINGUA vous invite \u00e0 d\u00e9couvrir ses secrets \u00e0 travers une visite insolite de ses nombreuses alc\u00f4ves th\u00e9matiques.<\/p>\n<p>La visite se fait du rez-de-chauss\u00e9e au sous-sol. Vous passerez devant notre micro-cin\u00e9ma en utilisant l&#8217;escalier de notre &#8220;Tour de Babel&#8221;<\/p>\n<\/div><\/section><\/p>\n<\/div><\/div>\n<style type=\"text\/css\" data-created_by=\"avia_inline_auto\" id=\"style-css-av-av_cell_one_half-244e0768511ed76028f8d71df11effe4\">\n.flex_cell.av-av_cell_one_half-244e0768511ed76028f8d71df11effe4{\nvertical-align:top;\nheight:400px;\nmin-height:400px;\nbackground:url(https:\/\/www.mundolingua.org\/wp-content\/uploads\/2017\/07\/GOPR0725-1030x773.jpg) 0% 0% no-repeat scroll ;\n}\n.responsive #top #wrap_all .flex_cell.av-av_cell_one_half-244e0768511ed76028f8d71df11effe4{\npadding:30px 30px 30px 30px !important;\n}\n<\/style>\n<div class='flex_cell av-av_cell_one_half-244e0768511ed76028f8d71df11effe4 av-gridrow-cell av_one_half no_margin  avia-builder-el-4  el_after_av_cell_one_half  avia-builder-el-last '  ><div class='flex_cell_inner'><\/div><\/div>\n<\/div>\n\n<style type=\"text\/css\" data-created_by=\"avia_inline_auto\" id=\"style-css-av-av_section-6a56fdf6f5a2e0cc6642ed5187f5c7ac\">\n.avia-section.av-av_section-6a56fdf6f5a2e0cc6642ed5187f5c7ac .av-section-color-overlay{\nopacity:0.7;\nbackground-color:#ffffff;\n}\n<\/style>\n<div id='av_section_1'  class='avia-section av-av_section-6a56fdf6f5a2e0cc6642ed5187f5c7ac main_color avia-section-no-padding avia-no-border-styling  avia-builder-el-5  el_after_av_layout_row  el_before_av_layout_row  avia-bg-style-scroll av-section-color-overlay-active container_wrap fullsize'  ><div class=\"av-section-color-overlay-wrap\"><div class=\"av-section-color-overlay\"><\/div><div class='container av-section-cont-open' ><div class='template-page content  av-content-full alpha units'><div class='post-entry post-entry-type-page post-entry-2816'><div class='entry-content-wrapper clearfix'>\n<div class='flex_column_table av-av_two_fifth-441fdbab82b200daa203ad325dc04771 sc-av_two_fifth av-equal-height-column-flextable'>\n<style type=\"text\/css\" data-created_by=\"avia_inline_auto\" id=\"style-css-av-av_two_fifth-441fdbab82b200daa203ad325dc04771\">\n#top .flex_column_table.av-equal-height-column-flextable.av-av_two_fifth-441fdbab82b200daa203ad325dc04771{\nmargin-top:-60px;\nmargin-bottom:0px;\n}\n.flex_column.av-av_two_fifth-441fdbab82b200daa203ad325dc04771{\nborder-radius:0px 0px 0px 0px;\npadding:10px 100px 0px 100px;\n}\n<\/style>\n<div  class='flex_column av-av_two_fifth-441fdbab82b200daa203ad325dc04771 av_two_fifth  avia-builder-el-6  el_before_av_one_fifth  avia-builder-el-first  first flex_column_table_cell av-equal-height-column av-align-top av-animated-generic pop-up  '     ><\/div><div class='av-flex-placeholder'><\/div>\n<style type=\"text\/css\" data-created_by=\"avia_inline_auto\" id=\"style-css-av-av_one_fifth-86ed5660c7831199e1524a00584fe675\">\n#top .flex_column_table.av-equal-height-column-flextable.av-av_one_fifth-86ed5660c7831199e1524a00584fe675{\nmargin-top:-60px;\nmargin-bottom:0px;\n}\n.flex_column.av-av_one_fifth-86ed5660c7831199e1524a00584fe675{\nborder-radius:180px 180px 0px 0px;\npadding:20px 30px 20px 30px;\nbackground-color:#ffffff;\n}\n<\/style>\n<div  class='flex_column av-av_one_fifth-86ed5660c7831199e1524a00584fe675 av_one_fifth  avia-builder-el-7  el_after_av_two_fifth  el_before_av_two_fifth  flex_column_table_cell av-equal-height-column av-align-top  '     ><style type=\"text\/css\" data-created_by=\"avia_inline_auto\" id=\"style-css-av-av_font_icon-aa16c517c38f3ed3123e88b09291672d\">\n.av_font_icon.av-av_font_icon-aa16c517c38f3ed3123e88b09291672d{\ncolor:#780d14;\nborder-color:#780d14;\n}\n.av_font_icon.av-av_font_icon-aa16c517c38f3ed3123e88b09291672d .av-icon-char{\nfont-size:40px;\nline-height:40px;\nwidth:40px;\n}\n<\/style>\n<span  class='av_font_icon av-av_font_icon-aa16c517c38f3ed3123e88b09291672d avia_animate_when_visible av-icon-style-border avia-icon-pos-center avia-icon-animate'><a href='#rdc'   class='av-icon-char' aria-hidden='false' data-av_icon='\ue87b' data-av_iconfont='entypo-fontello' data-avia-icon-tooltip=\"&lt;br \/&gt;\nSuivez-le guide !&lt;br \/&gt;\n\"><\/a><\/span><\/div><div class='av-flex-placeholder'><\/div>\n<style type=\"text\/css\" data-created_by=\"avia_inline_auto\" id=\"style-css-av-av_two_fifth-6bd4c1ddbf2e58769ebe7d637c6fd698\">\n#top .flex_column_table.av-equal-height-column-flextable.av-av_two_fifth-6bd4c1ddbf2e58769ebe7d637c6fd698{\nmargin-top:-60px;\nmargin-bottom:0px;\n}\n.flex_column.av-av_two_fifth-6bd4c1ddbf2e58769ebe7d637c6fd698{\nborder-radius:0px 0px 0px 0px;\npadding:10px 100px 0px 100px;\n}\n<\/style>\n<div  class='flex_column av-av_two_fifth-6bd4c1ddbf2e58769ebe7d637c6fd698 av_two_fifth  avia-builder-el-9  el_after_av_one_fifth  avia-builder-el-last  flex_column_table_cell av-equal-height-column av-align-top av-animated-generic pop-up  '     ><\/div><\/div><!--close column table wrapper. Autoclose: 1 --><\/div><\/div><\/div><!-- close content main div --><\/div><\/div><\/div><div id='rdc'  class='av-layout-grid-container av-av_layout_row-800f399fbf1d5dc2c213730cdb5a47d7 entry-content-wrapper main_color av-flex-cells  avia-builder-el-10  el_after_av_section  el_before_av_layout_row  grid-row-not-first  container_wrap fullsize'  >\n\n<style type=\"text\/css\" data-created_by=\"avia_inline_auto\" id=\"style-css-av-av_cell_two_fifth-81022a8e7488539e0e3702702800f67f\">\n.flex_cell.av-av_cell_two_fifth-81022a8e7488539e0e3702702800f67f{\nvertical-align:middle;\nheight:400px;\nmin-height:400px;\nbackground-color:#780d14;\n}\n.responsive #top #wrap_all .flex_cell.av-av_cell_two_fifth-81022a8e7488539e0e3702702800f67f{\npadding:80px 80px 80px 80px !important;\n}\n<\/style>\n<div class='flex_cell av-av_cell_two_fifth-81022a8e7488539e0e3702702800f67f av-gridrow-cell av_two_fifth no_margin  avia-builder-el-11  el_before_av_cell_three_fifth  avia-builder-el-first '  ><div class='flex_cell_inner'><p>\n<style type=\"text\/css\" data-created_by=\"avia_inline_auto\" id=\"style-css-av-av_heading-299a678bbad049cb8414acd987326cd5\">\n#top .av-special-heading.av-av_heading-299a678bbad049cb8414acd987326cd5{\npadding-bottom:10px;\ncolor:#ffffff;\nfont-size:50px;\n}\nbody .av-special-heading.av-av_heading-299a678bbad049cb8414acd987326cd5 .av-special-heading-tag .heading-char{\nfont-size:25px;\n}\n#top #wrap_all .av-special-heading.av-av_heading-299a678bbad049cb8414acd987326cd5 .av-special-heading-tag{\nfont-size:50px;\n}\n.av-special-heading.av-av_heading-299a678bbad049cb8414acd987326cd5 .special-heading-inner-border{\nborder-color:#ffffff;\n}\n.av-special-heading.av-av_heading-299a678bbad049cb8414acd987326cd5 .av-subheading{\nfont-size:15px;\n}\n\n@media only screen and (min-width: 480px) and (max-width: 767px){ \n#top #wrap_all .av-special-heading.av-av_heading-299a678bbad049cb8414acd987326cd5 .av-special-heading-tag{\nfont-size:0.8em;\n}\n}\n\n@media only screen and (max-width: 479px){ \n#top #wrap_all .av-special-heading.av-av_heading-299a678bbad049cb8414acd987326cd5 .av-special-heading-tag{\nfont-size:0.8em;\n}\n}\n<\/style>\n<div  class='av-special-heading av-av_heading-299a678bbad049cb8414acd987326cd5 av-special-heading-h2 custom-color-heading blockquote modern-quote  avia-builder-el-12  el_before_av_font_icon  avia-builder-el-first  av-inherit-size'><div class='av_custom_color av-subheading av-subheading_above'><p>au<\/p>\n<\/div><h2 class='av-special-heading-tag '  itemprop=\"headline\"  >Rez de chauss\u00e9e<\/h2><div class=\"special-heading-border\"><div class=\"special-heading-inner-border\"><\/div><\/div><\/div><br \/>\n\n<style type=\"text\/css\" data-created_by=\"avia_inline_auto\" id=\"style-css-av-av_font_icon-0b109cd356268ff072b073eb50a1cf1a\">\n.av_font_icon.av-av_font_icon-0b109cd356268ff072b073eb50a1cf1a{\ncolor:#ffffff;\nborder-color:#ffffff;\n}\n.av_font_icon.av-av_font_icon-0b109cd356268ff072b073eb50a1cf1a .av-icon-char{\nfont-size:40px;\nline-height:40px;\n}\n<\/style>\n<span  class='av_font_icon av-av_font_icon-0b109cd356268ff072b073eb50a1cf1a avia_animate_when_visible av-icon-style- avia-icon-pos-right avia-icon-animate'><span class='av-icon-char' aria-hidden='true' data-av_icon='\ue87d' data-av_iconfont='entypo-fontello' ><\/span><\/span><\/p>\n<\/div><\/div>\n<style type=\"text\/css\" data-created_by=\"avia_inline_auto\" id=\"style-css-av-av_cell_three_fifth-56c7214978e20fe1db3136c07c115f23\">\n.flex_cell.av-av_cell_three_fifth-56c7214978e20fe1db3136c07c115f23{\nvertical-align:top;\nheight:400px;\nmin-height:400px;\nbackground-color:#780d14;\n}\n.responsive #top #wrap_all .flex_cell.av-av_cell_three_fifth-56c7214978e20fe1db3136c07c115f23{\npadding:80px 80px 80px 80px !important;\n}\n<\/style>\n<div class='flex_cell av-av_cell_three_fifth-56c7214978e20fe1db3136c07c115f23 av-gridrow-cell av_three_fifth no_margin  avia-builder-el-14  el_after_av_cell_two_fifth  avia-builder-el-last '  ><div class='flex_cell_inner'>\n<style type=\"text\/css\" data-created_by=\"avia_inline_auto\" id=\"style-css-av-av_masonry_entries-3a64543cfe5d52b7b4303869d0eb451d\">\n#top .av-masonry.av-av_masonry_entries-3a64543cfe5d52b7b4303869d0eb451d{\nbackground-color:#780d14;\n}\n<\/style>\n<div id='av-masonry-1' class='av-masonry av-av_masonry_entries-3a64543cfe5d52b7b4303869d0eb451d noHover av-fixed-size av-large-gap av-hover-overlay- av-masonry-animation-active av-masonry-col-3 av-caption-always av-caption-style- av-masonry-entries ' data-post_id=\"2816\"><div class=\"av-masonry-container isotope av-js-disabled\"><div class='av-masonry-entry isotope-item av-masonry-item-no-image all_sort mini-cinema-mezzanine_sort '><\/div><a href=\"https:\/\/www.mundolingua.org\/en\/mini-cinema-mezzanine-261\/\"  id='av-masonry-1-item-261' data-av-masonry-item='261' class='av-masonry-entry isotope-item post-261 post type-post status-publish format-standard has-post-thumbnail hentry category-your-visit tag-mini-cinema-mezzanine all_sort mini-cinema-mezzanine_sort  av-masonry-item-with-image' title=\"Photo cin\u00e9ma by Juliette\"   itemscope=\"itemscope\" itemtype=\"https:\/\/schema.org\/CreativeWork\" ><div class='av-inner-masonry-sizer'><\/div><figure class='av-inner-masonry main_color'><div class=\"av-masonry-outerimage-container\"><div class='av-masonry-image-container' style=\"background-image: url(https:\/\/www.mundolingua.org\/wp-content\/uploads\/2013\/09\/Photo-cin\u00e9ma-by-Juliette1.jpg);\"  title=\"Photo cin\u00e9ma by Juliette\" ><\/div><\/div><figcaption class='av-inner-masonry-content site-background'><div class='av-inner-masonry-content-pos'><div class='av-inner-masonry-content-pos-content'><div class='avia-arrow'><\/div><h3 class='av-masonry-entry-title entry-title '  itemprop=\"headline\" >MICRO-CINEMA \/ Mezzanine<\/h3><span class='av-masonry-date meta-color updated'>5 October 2013<\/span><span class=\"av-masonry-text-sep text-sep-author\">\/<\/span><span class='av-masonry-author meta-color author'><span class='fn'>by mark<\/span><\/span><\/div><\/div><\/figcaption><\/figure><\/a><!--end av-masonry entry--><\/div><\/div>\n<\/div><\/div>\n<\/div><\/p>\n<div id='av-layout-grid-3'  class='av-layout-grid-container av-av_layout_row-47be469afe8b40b0e817c87181d3e528 entry-content-wrapper main_color av-flex-cells  avia-builder-el-16  el_after_av_layout_row  el_before_av_layout_row  grid-row-not-first  container_wrap fullsize'  >\n\n<style type=\"text\/css\" data-created_by=\"avia_inline_auto\" id=\"style-css-av-av_cell_two_fifth-2217efb7aa025f61419e99335411cf08\">\n.flex_cell.av-av_cell_two_fifth-2217efb7aa025f61419e99335411cf08{\nvertical-align:middle;\nheight:400px;\nmin-height:400px;\n}\n.responsive #top #wrap_all .flex_cell.av-av_cell_two_fifth-2217efb7aa025f61419e99335411cf08{\npadding:80px 80px 80px 80px !important;\n}\n<\/style>\n<div class='flex_cell av-av_cell_two_fifth-2217efb7aa025f61419e99335411cf08 av-gridrow-cell av_two_fifth no_margin  avia-builder-el-17  el_before_av_cell_three_fifth  avia-builder-el-first '  ><div class='flex_cell_inner'><p>\n<style type=\"text\/css\" data-created_by=\"avia_inline_auto\" id=\"style-css-av-av_heading-634010c42b0606ae18e8879b60299f48\">\n#top .av-special-heading.av-av_heading-634010c42b0606ae18e8879b60299f48{\npadding-bottom:10px;\nfont-size:50px;\n}\nbody .av-special-heading.av-av_heading-634010c42b0606ae18e8879b60299f48 .av-special-heading-tag .heading-char{\nfont-size:25px;\n}\n#top #wrap_all .av-special-heading.av-av_heading-634010c42b0606ae18e8879b60299f48 .av-special-heading-tag{\nfont-size:50px;\n}\n.av-special-heading.av-av_heading-634010c42b0606ae18e8879b60299f48 .av-subheading{\nfont-size:15px;\n}\n\n@media only screen and (min-width: 480px) and (max-width: 767px){ \n#top #wrap_all .av-special-heading.av-av_heading-634010c42b0606ae18e8879b60299f48 .av-special-heading-tag{\nfont-size:0.8em;\n}\n}\n\n@media only screen and (max-width: 479px){ \n#top #wrap_all .av-special-heading.av-av_heading-634010c42b0606ae18e8879b60299f48 .av-special-heading-tag{\nfont-size:0.8em;\n}\n}\n<\/style>\n<div  class='av-special-heading av-av_heading-634010c42b0606ae18e8879b60299f48 av-special-heading-h2 blockquote modern-quote  avia-builder-el-18  el_before_av_font_icon  avia-builder-el-first  av-inherit-size'><div class='av-subheading av-subheading_above'><p>Niveau<\/p>\n<\/div><h2 class='av-special-heading-tag '  itemprop=\"headline\"  >Escalier &#8211; Entre-sol<\/h2><div class=\"special-heading-border\"><div class=\"special-heading-inner-border\"><\/div><\/div><\/div><br \/>\n\n<style type=\"text\/css\" data-created_by=\"avia_inline_auto\" id=\"style-css-av-av_font_icon-b1ab95899556c566cc9d4d3bf0c17f1d\">\n.av_font_icon.av-av_font_icon-b1ab95899556c566cc9d4d3bf0c17f1d .av-icon-char{\nfont-size:40px;\nline-height:40px;\n}\n<\/style>\n<span  class='av_font_icon av-av_font_icon-b1ab95899556c566cc9d4d3bf0c17f1d avia_animate_when_visible av-icon-style- avia-icon-pos-right av-no-color avia-icon-animate'><span class='av-icon-char' aria-hidden='true' data-av_icon='\ue87d' data-av_iconfont='entypo-fontello' ><\/span><\/span><\/p>\n<\/div><\/div>\n<style type=\"text\/css\" data-created_by=\"avia_inline_auto\" id=\"style-css-av-av_cell_three_fifth-23a48efec224d3710e2891a5a1b066ae\">\n.flex_cell.av-av_cell_three_fifth-23a48efec224d3710e2891a5a1b066ae{\nvertical-align:top;\nheight:400px;\nmin-height:400px;\n}\n.responsive #top #wrap_all .flex_cell.av-av_cell_three_fifth-23a48efec224d3710e2891a5a1b066ae{\npadding:80px 80px 80px 80px !important;\n}\n<\/style>\n<div class='flex_cell av-av_cell_three_fifth-23a48efec224d3710e2891a5a1b066ae av-gridrow-cell av_three_fifth no_margin  avia-builder-el-20  el_after_av_cell_two_fifth  avia-builder-el-last '  ><div class='flex_cell_inner'>\n<style type=\"text\/css\" data-created_by=\"avia_inline_auto\" id=\"style-css-av-av_masonry_entries-7e8e33a38273f69f35b69705b47970ae\">\n#top .av-masonry.av-av_masonry_entries-7e8e33a38273f69f35b69705b47970ae{\nbackground-color:#ffffff;\n}\n<\/style>\n<div id='av-masonry-2' class='av-masonry av-av_masonry_entries-7e8e33a38273f69f35b69705b47970ae noHover av-fixed-size av-large-gap av-hover-overlay- av-masonry-animation-active av-masonry-col-3 av-caption-always av-caption-style- av-masonry-entries ' data-post_id=\"2816\"><div class=\"av-masonry-container isotope av-js-disabled\"><div class='av-masonry-entry isotope-item av-masonry-item-no-image '><\/div><a href=\"https:\/\/www.mundolingua.org\/en\/mini-cinema-mezzanine-261\/\"  id='av-masonry-2-item-261' data-av-masonry-item='261' class='av-masonry-entry isotope-item post-261 post type-post status-publish format-standard has-post-thumbnail hentry category-your-visit tag-mini-cinema-mezzanine  av-masonry-item-with-image' title=\"Photo cin\u00e9ma by Juliette\"   itemscope=\"itemscope\" itemtype=\"https:\/\/schema.org\/CreativeWork\" ><div class='av-inner-masonry-sizer'><\/div><figure class='av-inner-masonry main_color'><div class=\"av-masonry-outerimage-container\"><div class='av-masonry-image-container' style=\"background-image: url(https:\/\/www.mundolingua.org\/wp-content\/uploads\/2013\/09\/Photo-cin\u00e9ma-by-Juliette1.jpg);\"  title=\"Photo cin\u00e9ma by Juliette\" ><\/div><\/div><figcaption class='av-inner-masonry-content site-background'><div class='av-inner-masonry-content-pos'><div class='av-inner-masonry-content-pos-content'><div class='avia-arrow'><\/div><h3 class='av-masonry-entry-title entry-title '  itemprop=\"headline\" >MICRO-CINEMA \/ Mezzanine<\/h3><span class='av-masonry-date meta-color updated'>5 October 2013<\/span><span class=\"av-masonry-text-sep text-sep-author\">\/<\/span><span class='av-masonry-author meta-color author'><span class='fn'>by mark<\/span><\/span><\/div><\/div><\/figcaption><\/figure><\/a><!--end av-masonry entry--><\/div><\/div>\n<\/div><\/div>\n<\/div>\n<div id='av-layout-grid-4'  class='av-layout-grid-container av-av_layout_row-47be469afe8b40b0e817c87181d3e528 entry-content-wrapper main_color av-flex-cells  avia-builder-el-22  el_after_av_layout_row  avia-builder-el-last  grid-row-not-first  container_wrap fullsize'  >\n\n<style type=\"text\/css\" data-created_by=\"avia_inline_auto\" id=\"style-css-av-av_cell_two_fifth-81022a8e7488539e0e3702702800f67f\">\n.flex_cell.av-av_cell_two_fifth-81022a8e7488539e0e3702702800f67f{\nvertical-align:middle;\nheight:400px;\nmin-height:400px;\nbackground-color:#780d14;\n}\n.responsive #top #wrap_all .flex_cell.av-av_cell_two_fifth-81022a8e7488539e0e3702702800f67f{\npadding:80px 80px 80px 80px !important;\n}\n<\/style>\n<div class='flex_cell av-av_cell_two_fifth-81022a8e7488539e0e3702702800f67f av-gridrow-cell av_two_fifth no_margin  avia-builder-el-23  el_before_av_cell_three_fifth  avia-builder-el-first '  ><div class='flex_cell_inner'><p>\n<style type=\"text\/css\" data-created_by=\"avia_inline_auto\" id=\"style-css-av-av_heading-22ee4409cb6293e875351d6bdcefa70b\">\n#top .av-special-heading.av-av_heading-22ee4409cb6293e875351d6bdcefa70b{\npadding-bottom:10px;\ncolor:#ffffff;\nfont-size:50px;\n}\nbody .av-special-heading.av-av_heading-22ee4409cb6293e875351d6bdcefa70b .av-special-heading-tag .heading-char{\nfont-size:25px;\n}\n#top #wrap_all .av-special-heading.av-av_heading-22ee4409cb6293e875351d6bdcefa70b .av-special-heading-tag{\nfont-size:50px;\n}\n.av-special-heading.av-av_heading-22ee4409cb6293e875351d6bdcefa70b .special-heading-inner-border{\nborder-color:#ffffff;\n}\n.av-special-heading.av-av_heading-22ee4409cb6293e875351d6bdcefa70b .av-subheading{\nfont-size:15px;\n}\n\n@media only screen and (min-width: 480px) and (max-width: 767px){ \n#top #wrap_all .av-special-heading.av-av_heading-22ee4409cb6293e875351d6bdcefa70b .av-special-heading-tag{\nfont-size:0.8em;\n}\n}\n\n@media only screen and (max-width: 479px){ \n#top #wrap_all .av-special-heading.av-av_heading-22ee4409cb6293e875351d6bdcefa70b .av-special-heading-tag{\nfont-size:0.8em;\n}\n}\n<\/style>\n<div  class='av-special-heading av-av_heading-22ee4409cb6293e875351d6bdcefa70b av-special-heading-h2 custom-color-heading blockquote modern-quote  avia-builder-el-24  el_before_av_font_icon  avia-builder-el-first  av-inherit-size'><div class='av_custom_color av-subheading av-subheading_above'><p>au<\/p>\n<\/div><h2 class='av-special-heading-tag '  itemprop=\"headline\"  >Sous-sol<\/h2><div class=\"special-heading-border\"><div class=\"special-heading-inner-border\"><\/div><\/div><\/div><br \/>\n\n<style type=\"text\/css\" data-created_by=\"avia_inline_auto\" id=\"style-css-av-av_font_icon-0b109cd356268ff072b073eb50a1cf1a\">\n.av_font_icon.av-av_font_icon-0b109cd356268ff072b073eb50a1cf1a{\ncolor:#ffffff;\nborder-color:#ffffff;\n}\n.av_font_icon.av-av_font_icon-0b109cd356268ff072b073eb50a1cf1a .av-icon-char{\nfont-size:40px;\nline-height:40px;\n}\n<\/style>\n<span  class='av_font_icon av-av_font_icon-0b109cd356268ff072b073eb50a1cf1a avia_animate_when_visible av-icon-style- avia-icon-pos-right avia-icon-animate'><span class='av-icon-char' aria-hidden='true' data-av_icon='\ue87d' data-av_iconfont='entypo-fontello' ><\/span><\/span><\/p>\n<\/div><\/div>\n<style type=\"text\/css\" data-created_by=\"avia_inline_auto\" id=\"style-css-av-av_cell_three_fifth-56c7214978e20fe1db3136c07c115f23\">\n.flex_cell.av-av_cell_three_fifth-56c7214978e20fe1db3136c07c115f23{\nvertical-align:top;\nheight:400px;\nmin-height:400px;\nbackground-color:#780d14;\n}\n.responsive #top #wrap_all .flex_cell.av-av_cell_three_fifth-56c7214978e20fe1db3136c07c115f23{\npadding:80px 80px 80px 80px !important;\n}\n<\/style>\n<div class='flex_cell av-av_cell_three_fifth-56c7214978e20fe1db3136c07c115f23 av-gridrow-cell av_three_fifth no_margin  avia-builder-el-26  el_after_av_cell_two_fifth  avia-builder-el-last '  ><div class='flex_cell_inner'>\n<style type=\"text\/css\" data-created_by=\"avia_inline_auto\" id=\"style-css-av-av_masonry_entries-cb6d0d1f73f79c82fffb379d730fec16\">\n#top .av-masonry.av-av_masonry_entries-cb6d0d1f73f79c82fffb379d730fec16{\nbackground-color:#780d14;\n}\n<\/style>\n<div id='av-masonry-3' class='av-masonry av-av_masonry_entries-cb6d0d1f73f79c82fffb379d730fec16 noHover av-fixed-size av-large-gap av-hover-overlay- av-masonry-animation-active av-masonry-col-3 av-caption-always av-caption-style- av-masonry-entries ' data-post_id=\"2816\"><div class=\"av-masonry-container isotope av-js-disabled\"><div class='av-masonry-entry isotope-item av-masonry-item-no-image all_sort mini-cinema-mezzanine_sort '><\/div><a href=\"https:\/\/www.mundolingua.org\/en\/mini-cinema-mezzanine-261\/\"  id='av-masonry-3-item-261' data-av-masonry-item='261' class='av-masonry-entry isotope-item post-261 post type-post status-publish format-standard has-post-thumbnail hentry category-your-visit tag-mini-cinema-mezzanine all_sort mini-cinema-mezzanine_sort  av-masonry-item-with-image' title=\"Photo cin\u00e9ma by Juliette\"   itemscope=\"itemscope\" itemtype=\"https:\/\/schema.org\/CreativeWork\" ><div class='av-inner-masonry-sizer'><\/div><figure class='av-inner-masonry main_color'><div class=\"av-masonry-outerimage-container\"><div class='av-masonry-image-container' style=\"background-image: url(https:\/\/www.mundolingua.org\/wp-content\/uploads\/2013\/09\/Photo-cin\u00e9ma-by-Juliette1.jpg);\"  title=\"Photo cin\u00e9ma by Juliette\" ><\/div><\/div><figcaption class='av-inner-masonry-content site-background'><div class='av-inner-masonry-content-pos'><div class='av-inner-masonry-content-pos-content'><div class='avia-arrow'><\/div><h3 class='av-masonry-entry-title entry-title '  itemprop=\"headline\" >MICRO-CINEMA \/ Mezzanine<\/h3><span class='av-masonry-date meta-color updated'>5 October 2013<\/span><span class=\"av-masonry-text-sep text-sep-author\">\/<\/span><span class='av-masonry-author meta-color author'><span class='fn'>by mark<\/span><\/span><\/div><\/div><\/figcaption><\/figure><\/a><!--end av-masonry entry--><\/div><\/div>\n<\/div><\/div>\n<\/div>\n","protected":false},"excerpt":{"rendered":"","protected":false},"author":2,"featured_media":0,"parent":0,"menu_order":0,"comment_status":"closed","ping_status":"closed","template":"","meta":{"footnotes":""},"_links":{"self":[{"href":"https:\/\/www.mundolingua.org\/en\/wp-json\/wp\/v2\/pages\/2816"}],"collection":[{"href":"https:\/\/www.mundolingua.org\/en\/wp-json\/wp\/v2\/pages"}],"about":[{"href":"https:\/\/www.mundolingua.org\/en\/wp-json\/wp\/v2\/types\/page"}],"author":[{"embeddable":true,"href":"https:\/\/www.mundolingua.org\/en\/wp-json\/wp\/v2\/users\/2"}],"replies":[{"embeddable":true,"href":"https:\/\/www.mundolingua.org\/en\/wp-json\/wp\/v2\/comments?post=2816"}],"version-history":[{"count":3,"href":"https:\/\/www.mundolingua.org\/en\/wp-json\/wp\/v2\/pages\/2816\/revisions"}],"predecessor-version":[{"id":3388,"href":"https:\/\/www.mundolingua.org\/en\/wp-json\/wp\/v2\/pages\/2816\/revisions\/3388"}],"wp:attachment":[{"href":"https:\/\/www.mundolingua.org\/en\/wp-json\/wp\/v2\/media?parent=2816"}],"curies":[{"name":"wp","href":"https:\/\/api.w.org\/{rel}","templated":true}]}}