{"id":2727,"date":"2018-07-03T11:02:27","date_gmt":"2018-07-03T10:02:27","guid":{"rendered":"http:\/\/www.mundolingua.org\/?page_id=2727"},"modified":"2018-07-03T11:02:27","modified_gmt":"2018-07-03T10:02:27","slug":"location-despace","status":"publish","type":"page","link":"https:\/\/www.mundolingua.org\/ar\/location-despace\/","title":{"rendered":"Location d&#8217;Espace"},"content":{"rendered":"<div id='av-layout-grid-1'  class='av-layout-grid-container av-av_layout_row-47be469afe8b40b0e817c87181d3e528 entry-content-wrapper main_color av-flex-cells  avia-builder-el-0  avia-builder-el-no-sibling   container_wrap sidebar_right'  >\n\n<style type=\"text\/css\" data-created_by=\"avia_inline_auto\" id=\"style-css-av-av_cell_one_half-613b77aa93c96265fc470e132052aef4\">\n.flex_cell.av-av_cell_one_half-613b77aa93c96265fc470e132052aef4{\nvertical-align:middle;\nheight:400px;\nmin-height:400px;\nbackground-color:#b02b2c;\n}\n.responsive #top #wrap_all .flex_cell.av-av_cell_one_half-613b77aa93c96265fc470e132052aef4{\npadding:80px 80px 80px 80px !important;\n}\n<\/style>\n<div class='flex_cell av-av_cell_one_half-613b77aa93c96265fc470e132052aef4 av-gridrow-cell av_one_half no_margin  avia-builder-el-1  el_before_av_cell_one_half  avia-builder-el-first '  ><div class='flex_cell_inner'><p>\n<style type=\"text\/css\" data-created_by=\"avia_inline_auto\" id=\"style-css-av-av_heading-44ac79a7755e90d61bb4c60bcc74c705\">\n#top .av-special-heading.av-av_heading-44ac79a7755e90d61bb4c60bcc74c705{\npadding-bottom:10px;\ncolor:#ffffff;\nfont-size:50px;\n}\nbody .av-special-heading.av-av_heading-44ac79a7755e90d61bb4c60bcc74c705 .av-special-heading-tag .heading-char{\nfont-size:25px;\n}\n#top #wrap_all .av-special-heading.av-av_heading-44ac79a7755e90d61bb4c60bcc74c705 .av-special-heading-tag{\nfont-size:50px;\n}\n.av-special-heading.av-av_heading-44ac79a7755e90d61bb4c60bcc74c705 .special-heading-inner-border{\nborder-color:#ffffff;\n}\n.av-special-heading.av-av_heading-44ac79a7755e90d61bb4c60bcc74c705 .av-subheading{\nfont-size:15px;\n}\n\n@media only screen and (min-width: 480px) and (max-width: 767px){ \n#top #wrap_all .av-special-heading.av-av_heading-44ac79a7755e90d61bb4c60bcc74c705 .av-special-heading-tag{\nfont-size:0.8em;\n}\n}\n\n@media only screen and (max-width: 479px){ \n#top #wrap_all .av-special-heading.av-av_heading-44ac79a7755e90d61bb4c60bcc74c705 .av-special-heading-tag{\nfont-size:0.8em;\n}\n}\n<\/style>\n<div  class='av-special-heading av-av_heading-44ac79a7755e90d61bb4c60bcc74c705 av-special-heading-h1 custom-color-heading blockquote modern-quote  avia-builder-el-2  el_before_av_textblock  avia-builder-el-first  av-inherit-size'><h1 class='av-special-heading-tag '  itemprop=\"headline\"  >Location d\u2019espace<\/h1><div class=\"special-heading-border\"><div class=\"special-heading-inner-border\"><\/div><\/div><\/div><br \/>\n\n<style type=\"text\/css\" data-created_by=\"avia_inline_auto\" id=\"style-css-av-av_textblock-6e7e2b2a1f6157853a3c0f6fe66169da\">\n#top .av_textblock_section.av-av_textblock-6e7e2b2a1f6157853a3c0f6fe66169da .avia_textblock{\nfont-size:16px;\ncolor:#ffffff;\n}\n<\/style>\n<section  class='av_textblock_section av-av_textblock-6e7e2b2a1f6157853a3c0f6fe66169da '   itemscope=\"itemscope\" itemtype=\"https:\/\/schema.org\/CreativeWork\" ><div class='avia_textblock av_inherit_color'  itemprop=\"text\" ><p>Nous mettons \u00e0 votre disposition nos diff\u00e9rents espaces le soir et m\u00eame pendant les heures d&#8217;ouverture (10 heures-19 heures), pour toute organisation de diverses activit\u00e9s autour du langage et des langues, comme des cours de langues ou encore des conf\u00e9rences,\u00a0 par exemple.<\/p>\n<p>Que ce soit un \u00e9v\u00e8nement ponctuel ou r\u00e9gulier, n\u2019h\u00e9sitez pas \u00e0 nous contacter pour nous faire part de votre projet.<\/p>\n<\/div><\/section><br \/>\n<div  class='avia-button-wrap av-av_button-66c026e4d33fb09e7537719886356be9-wrap avia-button-center  avia-builder-el-4  el_after_av_textblock  avia-builder-el-last '><a href='https:\/\/www.mundolingua.org\/contact\/'  class='avia-button av-av_button-66c026e4d33fb09e7537719886356be9 av-link-btn avia-icon_select-yes-left-icon avia-size-x-large avia-position-center avia-color-light'   aria-label=\"Contactez-nous\"><span class='avia_button_icon avia_button_icon_left' aria-hidden='true' data-av_icon='\ue805' data-av_iconfont='entypo-fontello'><\/span><span class='avia_iconbox_title' >Contactez-nous<\/span><\/a><\/div><\/p>\n<\/div><\/div>\n<style type=\"text\/css\" data-created_by=\"avia_inline_auto\" id=\"style-css-av-av_cell_one_half-9f7bc05b9fa6c1f80646dbb8366e0ff5\">\n.flex_cell.av-av_cell_one_half-9f7bc05b9fa6c1f80646dbb8366e0ff5{\nvertical-align:top;\nheight:400px;\nmin-height:400px;\nbackground:url(https:\/\/www.mundolingua.org\/wp-content\/uploads\/2015\/07\/location.jpg) 50% 50% no-repeat scroll ;\n}\n.responsive #top #wrap_all .flex_cell.av-av_cell_one_half-9f7bc05b9fa6c1f80646dbb8366e0ff5{\npadding:30px 30px 30px 30px !important;\n}\n<\/style>\n<div class='flex_cell av-av_cell_one_half-9f7bc05b9fa6c1f80646dbb8366e0ff5 av-gridrow-cell av_one_half no_margin  avia-builder-el-5  el_after_av_cell_one_half  avia-builder-el-last  avia-full-stretch'  ><div class='flex_cell_inner'><\/div><\/div><\/div>\n","protected":false},"excerpt":{"rendered":"","protected":false},"author":2,"featured_media":4748,"parent":0,"menu_order":0,"comment_status":"closed","ping_status":"closed","template":"","meta":{"footnotes":""},"_links":{"self":[{"href":"https:\/\/www.mundolingua.org\/ar\/wp-json\/wp\/v2\/pages\/2727"}],"collection":[{"href":"https:\/\/www.mundolingua.org\/ar\/wp-json\/wp\/v2\/pages"}],"about":[{"href":"https:\/\/www.mundolingua.org\/ar\/wp-json\/wp\/v2\/types\/page"}],"author":[{"embeddable":true,"href":"https:\/\/www.mundolingua.org\/ar\/wp-json\/wp\/v2\/users\/2"}],"replies":[{"embeddable":true,"href":"https:\/\/www.mundolingua.org\/ar\/wp-json\/wp\/v2\/comments?post=2727"}],"version-history":[{"count":3,"href":"https:\/\/www.mundolingua.org\/ar\/wp-json\/wp\/v2\/pages\/2727\/revisions"}],"predecessor-version":[{"id":2755,"href":"https:\/\/www.mundolingua.org\/ar\/wp-json\/wp\/v2\/pages\/2727\/revisions\/2755"}],"wp:featuredmedia":[{"embeddable":true,"href":"https:\/\/www.mundolingua.org\/ar\/wp-json\/wp\/v2\/media\/4748"}],"wp:attachment":[{"href":"https:\/\/www.mundolingua.org\/ar\/wp-json\/wp\/v2\/media?parent=2727"}],"curies":[{"name":"wp","href":"https:\/\/api.w.org\/{rel}","templated":true}]}}