{"id":2724,"date":"2018-07-03T11:00:56","date_gmt":"2018-07-03T10:00:56","guid":{"rendered":"http:\/\/www.mundolingua.org\/?page_id=2724"},"modified":"2018-07-03T11:00:56","modified_gmt":"2018-07-03T10:00:56","slug":"pour-les-enseignants","status":"publish","type":"page","link":"https:\/\/www.mundolingua.org\/ar\/pour-les-enseignants\/","title":{"rendered":"Pour les enseignants"},"content":{"rendered":"<div id='av-layout-grid-1'  class='av-layout-grid-container av-av_layout_row-47be469afe8b40b0e817c87181d3e528 entry-content-wrapper main_color av-flex-cells  avia-builder-el-0  el_before_av_layout_row  avia-builder-el-first   container_wrap sidebar_right'  >\n\n<style type=\"text\/css\" data-created_by=\"avia_inline_auto\" id=\"style-css-av-av_cell_one_half-f60e44786f42f92b959010b9f423c47a\">\n.flex_cell.av-av_cell_one_half-f60e44786f42f92b959010b9f423c47a{\nvertical-align:middle;\nheight:400px;\nmin-height:400px;\nbackground-color:#3f506c;\n}\n.responsive #top #wrap_all .flex_cell.av-av_cell_one_half-f60e44786f42f92b959010b9f423c47a{\npadding:80px 80px 80px 80px !important;\n}\n<\/style>\n<div class='flex_cell av-av_cell_one_half-f60e44786f42f92b959010b9f423c47a av-gridrow-cell av_one_half no_margin  avia-builder-el-1  el_before_av_cell_one_half  avia-builder-el-first '  ><div class='flex_cell_inner'><p>\n<style type=\"text\/css\" data-created_by=\"avia_inline_auto\" id=\"style-css-av-av_heading-b656725f246bc46eed35898f5191385f\">\n#top .av-special-heading.av-av_heading-b656725f246bc46eed35898f5191385f{\npadding-bottom:10px;\ncolor:#ffffff;\nfont-size:50px;\n}\nbody .av-special-heading.av-av_heading-b656725f246bc46eed35898f5191385f .av-special-heading-tag .heading-char{\nfont-size:25px;\n}\n#top #wrap_all .av-special-heading.av-av_heading-b656725f246bc46eed35898f5191385f .av-special-heading-tag{\nfont-size:50px;\n}\n.av-special-heading.av-av_heading-b656725f246bc46eed35898f5191385f .special-heading-inner-border{\nborder-color:#ffffff;\n}\n.av-special-heading.av-av_heading-b656725f246bc46eed35898f5191385f .av-subheading{\nfont-size:15px;\n}\n\n@media only screen and (min-width: 480px) and (max-width: 767px){ \n#top #wrap_all .av-special-heading.av-av_heading-b656725f246bc46eed35898f5191385f .av-special-heading-tag{\nfont-size:0.8em;\n}\n}\n\n@media only screen and (max-width: 479px){ \n#top #wrap_all .av-special-heading.av-av_heading-b656725f246bc46eed35898f5191385f .av-special-heading-tag{\nfont-size:0.8em;\n}\n}\n<\/style>\n<div  class='av-special-heading av-av_heading-b656725f246bc46eed35898f5191385f av-special-heading-h1 custom-color-heading blockquote modern-quote  avia-builder-el-2  el_before_av_textblock  avia-builder-el-first  av-inherit-size'><h1 class='av-special-heading-tag '  itemprop=\"headline\"  >Pour les enseignants<\/h1><div class=\"special-heading-border\"><div class=\"special-heading-inner-border\"><\/div><\/div><\/div><br \/>\n\n<style type=\"text\/css\" data-created_by=\"avia_inline_auto\" id=\"style-css-av-av_textblock-6e7e2b2a1f6157853a3c0f6fe66169da\">\n#top .av_textblock_section.av-av_textblock-6e7e2b2a1f6157853a3c0f6fe66169da .avia_textblock{\nfont-size:16px;\ncolor:#ffffff;\n}\n<\/style>\n<section  class='av_textblock_section av-av_textblock-6e7e2b2a1f6157853a3c0f6fe66169da '   itemscope=\"itemscope\" itemtype=\"https:\/\/schema.org\/CreativeWork\" ><div class='avia_textblock av_inherit_color'  itemprop=\"text\" ><p>Le mus\u00e9e Mundolingua souhaite susciter la curiosit\u00e9 des plus jeunes sur les questions du langage et des langues du monde.<\/p>\n<p>Pour ce faire, nous avons \u00e9labor\u00e9 un atelier ainsi qu&#8217;une documentation p\u00e9dagogique destin\u00e9e \u00e0 la visite autonome (disponible selon deux niveaux de difficult\u00e9). Par ailleurs, une visite guid\u00e9e, d\u2019environ une heure, est \u00e9galement possible.<\/p>\n<\/div><\/section><\/p>\n<\/div><\/div>\n<style type=\"text\/css\" data-created_by=\"avia_inline_auto\" id=\"style-css-av-av_cell_one_half-12c9d1de47968d95b67d56d8d7b772ca\">\n.flex_cell.av-av_cell_one_half-12c9d1de47968d95b67d56d8d7b772ca{\nvertical-align:top;\nheight:400px;\nmin-height:400px;\nbackground:url(https:\/\/www.mundolingua.org\/wp-content\/uploads\/2017\/07\/accueil-scolaires-1030x726.jpg) 50% 50% no-repeat scroll ;\n}\n.responsive #top #wrap_all .flex_cell.av-av_cell_one_half-12c9d1de47968d95b67d56d8d7b772ca{\npadding:30px 30px 30px 30px !important;\n}\n<\/style>\n<div class='flex_cell av-av_cell_one_half-12c9d1de47968d95b67d56d8d7b772ca av-gridrow-cell av_one_half no_margin  avia-builder-el-4  el_after_av_cell_one_half  avia-builder-el-last  avia-full-stretch'  ><div class='flex_cell_inner'><\/div><\/div><\/div><div id='av-layout-grid-2'  class='av-layout-grid-container av-av_layout_row-47be469afe8b40b0e817c87181d3e528 entry-content-wrapper main_color av-flex-cells  avia-builder-el-5  el_after_av_layout_row  el_before_av_layout_row  grid-row-not-first  container_wrap sidebar_right'  >\n\n<style type=\"text\/css\" data-created_by=\"avia_inline_auto\" id=\"style-css-av-av_cell_one_half-e5dc75d708c40f38f7619b5705e4cb44\">\n.flex_cell.av-av_cell_one_half-e5dc75d708c40f38f7619b5705e4cb44{\nvertical-align:middle;\nheight:400px;\nmin-height:400px;\nbackground:url(https:\/\/www.mundolingua.org\/wp-content\/uploads\/2017\/07\/ateliers-pedagogiques-mundolingua-1030x817.jpg) 50% 50% no-repeat scroll ;\n}\n.responsive #top #wrap_all .flex_cell.av-av_cell_one_half-e5dc75d708c40f38f7619b5705e4cb44{\npadding:0px 0px 0px 0px !important;\n}\n<\/style>\n<div class='flex_cell av-av_cell_one_half-e5dc75d708c40f38f7619b5705e4cb44 av-gridrow-cell av_one_half no_margin  avia-builder-el-6  el_before_av_cell_one_half  avia-builder-el-first  av-zero-padding avia-full-stretch'  ><div class='flex_cell_inner'><\/div><\/div>\n<style type=\"text\/css\" data-created_by=\"avia_inline_auto\" id=\"style-css-av-av_cell_one_half-23a48efec224d3710e2891a5a1b066ae\">\n.flex_cell.av-av_cell_one_half-23a48efec224d3710e2891a5a1b066ae{\nvertical-align:top;\nheight:400px;\nmin-height:400px;\n}\n.responsive #top #wrap_all .flex_cell.av-av_cell_one_half-23a48efec224d3710e2891a5a1b066ae{\npadding:80px 80px 80px 80px !important;\n}\n<\/style>\n<div class='flex_cell av-av_cell_one_half-23a48efec224d3710e2891a5a1b066ae av-gridrow-cell av_one_half no_margin  avia-builder-el-7  el_after_av_cell_one_half  avia-builder-el-last '  ><div class='flex_cell_inner'><p>\n<style type=\"text\/css\" data-created_by=\"avia_inline_auto\" id=\"style-css-av-av_heading-975afe7b679e0fdb7d12be46dca91009\">\n#top .av-special-heading.av-av_heading-975afe7b679e0fdb7d12be46dca91009{\npadding-bottom:10px;\nfont-size:50px;\n}\nbody .av-special-heading.av-av_heading-975afe7b679e0fdb7d12be46dca91009 .av-special-heading-tag .heading-char{\nfont-size:25px;\n}\n#top #wrap_all .av-special-heading.av-av_heading-975afe7b679e0fdb7d12be46dca91009 .av-special-heading-tag{\nfont-size:50px;\n}\n.av-special-heading.av-av_heading-975afe7b679e0fdb7d12be46dca91009 .av-subheading{\nfont-size:15px;\n}\n\n@media only screen and (min-width: 480px) and (max-width: 767px){ \n#top #wrap_all .av-special-heading.av-av_heading-975afe7b679e0fdb7d12be46dca91009 .av-special-heading-tag{\nfont-size:0.8em;\n}\n}\n\n@media only screen and (max-width: 479px){ \n#top #wrap_all .av-special-heading.av-av_heading-975afe7b679e0fdb7d12be46dca91009 .av-special-heading-tag{\nfont-size:0.8em;\n}\n}\n<\/style>\n<div  class='av-special-heading av-av_heading-975afe7b679e0fdb7d12be46dca91009 av-special-heading-h1 blockquote modern-quote  avia-builder-el-8  el_before_av_textblock  avia-builder-el-first  av-inherit-size'><h1 class='av-special-heading-tag '  itemprop=\"headline\"  >L\u2019atelier<\/h1><div class=\"special-heading-border\"><div class=\"special-heading-inner-border\"><\/div><\/div><\/div><br \/>\n\n<style type=\"text\/css\" data-created_by=\"avia_inline_auto\" id=\"style-css-av-av_textblock-694ee97da3aa4e1b7d45f9916144d358\">\n#top .av_textblock_section.av-av_textblock-694ee97da3aa4e1b7d45f9916144d358 .avia_textblock{\nfont-size:18px;\n}\n<\/style>\n<section  class='av_textblock_section av-av_textblock-694ee97da3aa4e1b7d45f9916144d358 '   itemscope=\"itemscope\" itemtype=\"https:\/\/schema.org\/CreativeWork\" ><div class='avia_textblock'  itemprop=\"text\" ><p><strong><a href=\"https:\/\/www.mundolingua.org\/wp-content\/uploads\/2014\/03\/%C2%AB-Articulation-et-diversit%C3%A9-sonore-des-langues-%C2%BB.pdf\">\u00ab La Linguadiversit\u00e9\u00a0\u00bb<\/a>\u00a0(contient un quiz collectif \u00ab Devinez d\u2019o\u00f9 vient le locuteur? \u00bb)<\/strong><strong>\u00a0<\/strong>(niveaux primaire, coll\u00e8ge, lyc\u00e9e)<\/p>\n<p><strong><em>Possibilit\u00e9 d&#8217;atelier sur mesure sur tous nos sujets.<\/em><\/strong><\/p>\n<p>Pour une classe d\u2019environ 24 \u00e0 32 \u00e9l\u00e8ves, nous les r\u00e9partissons en deux groupes.<\/p>\n<p>De cette fa\u00e7on, pendant que le premier groupe participe \u00e0 l\u2019atelier anim\u00e9 par l\u2019un de nos collaborateurs au rez-de-chauss\u00e9e, le second d\u00e9couvre l\u2019autre partie de l\u2019exposition au sous-sol, en autonomie \u00e0 l\u2019aide du questionnaire \u00e9labor\u00e9 par notre \u00e9quipe, que vous pouvez trouver ci-dessous.<\/p>\n<p>Au bout de 45 minutes environ, les groupes\u00a0changent d&#8217;\u00e9tage.<\/p>\n<p><a href=\"https:\/\/www.mundolingua.org\/wp-content\/uploads\/2014\/03\/Niveau-2.-3e-et-lyc%C3%A9e.docx\">Questionnaire du sous-sol, niveau 3e et lyc\u00e9e<\/a><\/p>\n<p><a href=\"https:\/\/www.mundolingua.org\/wp-content\/uploads\/2014\/03\/Niveau-1-6e-4e.docx\">Questionnaire du sous-sol, niveau 6e \u00e0 4e<\/a><\/p>\n<\/div><\/section><\/p>\n<\/div><\/div><\/div><div id='av-layout-grid-3'  class='av-layout-grid-container av-av_layout_row-47be469afe8b40b0e817c87181d3e528 entry-content-wrapper main_color av-flex-cells  avia-builder-el-10  el_after_av_layout_row  avia-builder-el-last  grid-row-not-first  container_wrap sidebar_right'  >\n\n<style type=\"text\/css\" data-created_by=\"avia_inline_auto\" id=\"style-css-av-av_cell_three_fifth-e3e8101d293aba7b1d3ae06ac8eecbd6\">\n.flex_cell.av-av_cell_three_fifth-e3e8101d293aba7b1d3ae06ac8eecbd6{\nvertical-align:middle;\nheight:400px;\nmin-height:400px;\n}\n.responsive #top #wrap_all .flex_cell.av-av_cell_three_fifth-e3e8101d293aba7b1d3ae06ac8eecbd6{\npadding:80px 80px 80px 80px !important;\n}\n<\/style>\n<div class='flex_cell av-av_cell_three_fifth-e3e8101d293aba7b1d3ae06ac8eecbd6 av-gridrow-cell av_three_fifth no_margin  avia-builder-el-11  el_before_av_cell_two_fifth  avia-builder-el-first '  ><div class='flex_cell_inner'><p>\n<style type=\"text\/css\" data-created_by=\"avia_inline_auto\" id=\"style-css-av-av_heading-a0e303a2914132b8a3d802baa0511224\">\n#top .av-special-heading.av-av_heading-a0e303a2914132b8a3d802baa0511224{\npadding-bottom:10px;\nfont-size:50px;\n}\nbody .av-special-heading.av-av_heading-a0e303a2914132b8a3d802baa0511224 .av-special-heading-tag .heading-char{\nfont-size:25px;\n}\n#top #wrap_all .av-special-heading.av-av_heading-a0e303a2914132b8a3d802baa0511224 .av-special-heading-tag{\nfont-size:50px;\n}\n.av-special-heading.av-av_heading-a0e303a2914132b8a3d802baa0511224 .av-subheading{\nfont-size:15px;\n}\n\n@media only screen and (min-width: 480px) and (max-width: 767px){ \n#top #wrap_all .av-special-heading.av-av_heading-a0e303a2914132b8a3d802baa0511224 .av-special-heading-tag{\nfont-size:0.8em;\n}\n}\n\n@media only screen and (max-width: 479px){ \n#top #wrap_all .av-special-heading.av-av_heading-a0e303a2914132b8a3d802baa0511224 .av-special-heading-tag{\nfont-size:0.8em;\n}\n}\n<\/style>\n<div  class='av-special-heading av-av_heading-a0e303a2914132b8a3d802baa0511224 av-special-heading-h1 blockquote modern-quote  avia-builder-el-12  el_before_av_textblock  avia-builder-el-first  av-inherit-size'><h1 class='av-special-heading-tag '  itemprop=\"headline\"  >Visite de classe autonome<\/h1><div class=\"special-heading-border\"><div class=\"special-heading-inner-border\"><\/div><\/div><\/div><br \/>\n\n<style type=\"text\/css\" data-created_by=\"avia_inline_auto\" id=\"style-css-av-av_textblock-d6f3a7f8d0236c0ef50c10f18642ed74\">\n#top .av_textblock_section.av-av_textblock-d6f3a7f8d0236c0ef50c10f18642ed74 .avia_textblock{\nfont-size:16px;\n}\n<\/style>\n<section  class='av_textblock_section av-av_textblock-d6f3a7f8d0236c0ef50c10f18642ed74 '   itemscope=\"itemscope\" itemtype=\"https:\/\/schema.org\/CreativeWork\" ><div class='avia_textblock'  itemprop=\"text\" ><p>Dans le cas d&#8217;une visite autonome, les \u00e9l\u00e8ves re\u00e7oivent un questionnaire qui englobe l\u2019ensemble du mus\u00e9e. Cela permet son exploration autour des diverses th\u00e9matiques puisque les r\u00e9ponses se trouvent dans le contenu de nos \u00e9crans.<\/p>\n<p>La dur\u00e9e conseill\u00e9e de la visite autonome est d\u20191h30.<\/p>\n<p><a href=\"https:\/\/www.mundolingua.org\/wp-content\/uploads\/2014\/03\/Questionnaire-tout-le-mus%C3%A9e-3e-et-lyc%C3%A9e.docx\">Questionnaire de tout le mus\u00e9e, niveau 3e et lyc\u00e9e<\/a><\/p>\n<p><a href=\"https:\/\/www.mundolingua.org\/wp-content\/uploads\/2014\/03\/Questionnaire-tout-le-mus%C3%A9e.-Niveau-1.-6e-%C3%A0-4e.docx\">Questionnaire de tout le mus\u00e9e, niveau 6e \u00e0 4e<\/a><\/p>\n<p>Nous avons aussi un questionnaire pour les \u00e9l\u00e8ves de maternelle, \u00e0 leur faire d\u00e9couvrir avant la visite.<\/p>\n<p><a href=\"https:\/\/www.mundolingua.org\/wp-content\/uploads\/2014\/03\/Questionnaire-avant-la-visite-au-mus%C3%A9e.pdf\">Questionnaire avant la visite au mus\u00e9e<\/a><\/p>\n<p><strong><em>NB: L&#8217;impression des questionnaires est \u00e0 la charge du professeur encadrant.<\/em><\/strong><\/p>\n<p>Nous restons \u00e0 votre disposition pour tout renseignement suppl\u00e9mentaire. Vous pouvez nous joindre par mail\u00a0:\u00a0<a href=\"mailto:contact@mundolingua.org\">contact@mundolingua.org<\/a>\u00a0ou par t\u00e9l\u00e9phone\u00a0: 01 56 81 65 79.<\/p>\n<\/div><\/section><\/p>\n<\/div><\/div>\n<style type=\"text\/css\" data-created_by=\"avia_inline_auto\" id=\"style-css-av-av_cell_two_fifth-c6da7fe87b7350b00a8fffa1434f79e6\">\n.flex_cell.av-av_cell_two_fifth-c6da7fe87b7350b00a8fffa1434f79e6{\nvertical-align:top;\nheight:400px;\nmin-height:400px;\nbackground:url(https:\/\/www.mundolingua.org\/wp-content\/uploads\/2017\/07\/img_6175-w1400.jpg) 50% 100% no-repeat scroll ;\n}\n.responsive #top #wrap_all .flex_cell.av-av_cell_two_fifth-c6da7fe87b7350b00a8fffa1434f79e6{\npadding:30px 30px 30px 30px !important;\n}\n<\/style>\n<div class='flex_cell av-av_cell_two_fifth-c6da7fe87b7350b00a8fffa1434f79e6 av-gridrow-cell av_two_fifth no_margin  avia-builder-el-14  el_after_av_cell_three_fifth  avia-builder-el-last  avia-full-stretch'  ><div class='flex_cell_inner'><\/div><\/div><\/div><\/p>\n","protected":false},"excerpt":{"rendered":"","protected":false},"author":2,"featured_media":5064,"parent":0,"menu_order":0,"comment_status":"closed","ping_status":"closed","template":"","meta":{"footnotes":""},"_links":{"self":[{"href":"https:\/\/www.mundolingua.org\/ar\/wp-json\/wp\/v2\/pages\/2724"}],"collection":[{"href":"https:\/\/www.mundolingua.org\/ar\/wp-json\/wp\/v2\/pages"}],"about":[{"href":"https:\/\/www.mundolingua.org\/ar\/wp-json\/wp\/v2\/types\/page"}],"author":[{"embeddable":true,"href":"https:\/\/www.mundolingua.org\/ar\/wp-json\/wp\/v2\/users\/2"}],"replies":[{"embeddable":true,"href":"https:\/\/www.mundolingua.org\/ar\/wp-json\/wp\/v2\/comments?post=2724"}],"version-history":[{"count":2,"href":"https:\/\/www.mundolingua.org\/ar\/wp-json\/wp\/v2\/pages\/2724\/revisions"}],"predecessor-version":[{"id":2726,"href":"https:\/\/www.mundolingua.org\/ar\/wp-json\/wp\/v2\/pages\/2724\/revisions\/2726"}],"wp:featuredmedia":[{"embeddable":true,"href":"https:\/\/www.mundolingua.org\/ar\/wp-json\/wp\/v2\/media\/5064"}],"wp:attachment":[{"href":"https:\/\/www.mundolingua.org\/ar\/wp-json\/wp\/v2\/media?parent=2724"}],"curies":[{"name":"wp","href":"https:\/\/api.w.org\/{rel}","templated":true}]}}