{"id":2721,"date":"2018-07-03T10:59:48","date_gmt":"2018-07-03T09:59:48","guid":{"rendered":"http:\/\/www.mundolingua.org\/?page_id=2721"},"modified":"2026-01-26T10:57:15","modified_gmt":"2026-01-26T09:57:15","slug":"informations-pratiques","status":"publish","type":"page","link":"https:\/\/www.mundolingua.org\/ar\/informations-pratiques\/","title":{"rendered":"Informations pratiques"},"content":{"rendered":"<div id='av-layout-grid-1'  class='av-layout-grid-container av-av_layout_row-28470ec218bd6fe0b164d5e38f3de341 entry-content-wrapper main_color av-flex-cells  avia-builder-el-0  el_before_av_layout_row  avia-builder-el-first   container_wrap sidebar_right'  >\n\n<style type=\"text\/css\" data-created_by=\"avia_inline_auto\" id=\"style-css-av-av_cell_one_half-f2c66b26facf4abb5274edb1617be028\">\n.flex_cell.av-av_cell_one_half-f2c66b26facf4abb5274edb1617be028{\nvertical-align:top;\nheight:300px;\nmin-height:300px;\nbackground-color:#780d14;\n}\n.responsive #top #wrap_all .flex_cell.av-av_cell_one_half-f2c66b26facf4abb5274edb1617be028{\npadding:80px 80px 0px 80px !important;\n}\n<\/style>\n<div class='flex_cell av-av_cell_one_half-f2c66b26facf4abb5274edb1617be028 av-gridrow-cell av_one_half no_margin  avia-builder-el-1  el_before_av_cell_one_half  avia-builder-el-first '  ><div class='flex_cell_inner'>\n<style type=\"text\/css\" data-created_by=\"avia_inline_auto\" id=\"style-css-av-av_heading-b2ce06018b718fc935200f91890755e6\">\n#top .av-special-heading.av-av_heading-b2ce06018b718fc935200f91890755e6{\npadding-bottom:10px;\ncolor:#ffffff;\nfont-size:50px;\n}\nbody .av-special-heading.av-av_heading-b2ce06018b718fc935200f91890755e6 .av-special-heading-tag .heading-char{\nfont-size:25px;\n}\n#top #wrap_all .av-special-heading.av-av_heading-b2ce06018b718fc935200f91890755e6 .av-special-heading-tag{\nfont-size:50px;\n}\n.av-special-heading.av-av_heading-b2ce06018b718fc935200f91890755e6 .special-heading-inner-border{\nborder-color:#ffffff;\n}\n.av-special-heading.av-av_heading-b2ce06018b718fc935200f91890755e6 .av-subheading{\nfont-size:20px;\n}\n\n@media only screen and (min-width: 480px) and (max-width: 767px){ \n#top #wrap_all .av-special-heading.av-av_heading-b2ce06018b718fc935200f91890755e6 .av-special-heading-tag{\nfont-size:0.8em;\n}\n}\n\n@media only screen and (max-width: 479px){ \n#top #wrap_all .av-special-heading.av-av_heading-b2ce06018b718fc935200f91890755e6 .av-special-heading-tag{\nfont-size:0.8em;\n}\n}\n<\/style>\n<div  class='av-special-heading av-av_heading-b2ce06018b718fc935200f91890755e6 av-special-heading-h1 custom-color-heading blockquote modern-quote  avia-builder-el-2  avia-builder-el-no-sibling  av-inherit-size'><div class='av_custom_color av-subheading av-subheading_above'><p>Les informations pratiques (horaires, acc\u00e8s &#038; tarifs)<\/p>\n<\/div><h1 class='av-special-heading-tag '  itemprop=\"headline\"  >Pr\u00e9parez votre visite<\/h1><div class=\"special-heading-border\"><div class=\"special-heading-inner-border\"><\/div><\/div><\/div>\n<\/div><\/div>\n<style type=\"text\/css\" data-created_by=\"avia_inline_auto\" id=\"style-css-av-av_cell_one_half-ad2c8bfa7b4bef06dc10518204719a11\">\n.flex_cell.av-av_cell_one_half-ad2c8bfa7b4bef06dc10518204719a11{\nvertical-align:top;\nheight:300px;\nmin-height:300px;\nbackground:url(https:\/\/www.mundolingua.org\/wp-content\/uploads\/2017\/05\/20170623_0847021-845x684.jpg) 50% 50% no-repeat scroll #780d14;\n}\n.responsive #top #wrap_all .flex_cell.av-av_cell_one_half-ad2c8bfa7b4bef06dc10518204719a11{\npadding:0px 0px 0px 0px !important;\n}\n<\/style>\n<div class='flex_cell av-av_cell_one_half-ad2c8bfa7b4bef06dc10518204719a11 av-gridrow-cell av_one_half no_margin  avia-builder-el-3  el_after_av_cell_one_half  avia-builder-el-last  av-zero-padding avia-full-stretch'  ><div class='flex_cell_inner'><\/div><\/div>\n<\/div>\n<div id='av-layout-grid-2'  class='av-layout-grid-container av-av_layout_row-47be469afe8b40b0e817c87181d3e528 entry-content-wrapper main_color av-flex-cells  avia-builder-el-4  el_after_av_layout_row  el_before_av_layout_row  grid-row-not-first  container_wrap sidebar_right'  >\n\n<style type=\"text\/css\" data-created_by=\"avia_inline_auto\" id=\"style-css-av-av_cell_one_half-a15f6bc32c0fb1c8e22741cf23b16e8e\">\n.flex_cell.av-av_cell_one_half-a15f6bc32c0fb1c8e22741cf23b16e8e{\nvertical-align:top;\nheight:400px;\nmin-height:400px;\n}\n.responsive #top #wrap_all .flex_cell.av-av_cell_one_half-a15f6bc32c0fb1c8e22741cf23b16e8e{\npadding:0px 0px 0px 0px !important;\n}\n<\/style>\n<div class='flex_cell av-av_cell_one_half-a15f6bc32c0fb1c8e22741cf23b16e8e av-gridrow-cell av_one_half no_margin  avia-builder-el-5  el_before_av_cell_one_half  avia-builder-el-first  av-zero-padding'  ><div class='flex_cell_inner'><div  class='av_gmaps_sc_main_wrap av_gmaps_main_wrap '><div id='av_gmap_0' class='avia-google-map-container avia-google-map-sc av_gmaps_show_unconditionally av-no-fallback-img ' data-mapid='av_gmap_0'  style='height: 560px;'><a class=\"av_gmaps_browser_disabled av_text_confirm_link av_text_confirm_link_visible\" href=\"https:\/\/www.google.com\/maps\/search\/?api=1&#038;query=10%20rue%20Servandoni%20\u2013%2075006%20Paris%20%20Paris%20%20France\" target=\"_blank\" rel=\"noopener\">Maps were disabled by the visitor on this site. Click to open the map in a new window.<\/a><\/div><\/div>\n<\/div><\/div>\n<style type=\"text\/css\" data-created_by=\"avia_inline_auto\" id=\"style-css-av-av_cell_one_half-0262edf768b13343a42b077dee754add\">\n.flex_cell.av-av_cell_one_half-0262edf768b13343a42b077dee754add{\nvertical-align:top;\nheight:400px;\nmin-height:400px;\n}\n.responsive #top #wrap_all .flex_cell.av-av_cell_one_half-0262edf768b13343a42b077dee754add{\npadding:30px 30px 30px 30px !important;\n}\n<\/style>\n<div class='flex_cell av-av_cell_one_half-0262edf768b13343a42b077dee754add av-gridrow-cell av_one_half no_margin  avia-builder-el-7  el_after_av_cell_one_half  avia-builder-el-last  avia-full-contain'  ><div class='flex_cell_inner'><p>\n<style type=\"text\/css\" data-created_by=\"avia_inline_auto\" id=\"style-css-av-av_heading-25fda2e287b1f6f8f2f5617bb5e03314\">\n#top .av-special-heading.av-av_heading-25fda2e287b1f6f8f2f5617bb5e03314{\npadding-bottom:10px;\nfont-size:40px;\n}\nbody .av-special-heading.av-av_heading-25fda2e287b1f6f8f2f5617bb5e03314 .av-special-heading-tag .heading-char{\nfont-size:25px;\n}\n#top #wrap_all .av-special-heading.av-av_heading-25fda2e287b1f6f8f2f5617bb5e03314 .av-special-heading-tag{\nfont-size:40px;\n}\n.av-special-heading.av-av_heading-25fda2e287b1f6f8f2f5617bb5e03314 .av-subheading{\nfont-size:15px;\n}\n\n@media only screen and (min-width: 480px) and (max-width: 767px){ \n#top #wrap_all .av-special-heading.av-av_heading-25fda2e287b1f6f8f2f5617bb5e03314 .av-special-heading-tag{\nfont-size:0.8em;\n}\n}\n\n@media only screen and (max-width: 479px){ \n#top #wrap_all .av-special-heading.av-av_heading-25fda2e287b1f6f8f2f5617bb5e03314 .av-special-heading-tag{\nfont-size:0.8em;\n}\n}\n<\/style>\n<div  class='av-special-heading av-av_heading-25fda2e287b1f6f8f2f5617bb5e03314 av-special-heading-h2 blockquote modern-quote modern-centered  avia-builder-el-8  el_before_av_textblock  avia-builder-el-first  av-inherit-size'><h2 class='av-special-heading-tag '  itemprop=\"headline\"  >Horaires <span class='special_amp'>&amp;<\/span> Acc\u00e8s<\/h2><div class=\"special-heading-border\"><div class=\"special-heading-inner-border\"><\/div><\/div><\/div><br \/>\n<section  class='av_textblock_section av-av_textblock-51fce3458189a8d116edb782df38bca4 '   itemscope=\"itemscope\" itemtype=\"https:\/\/schema.org\/CreativeWork\" ><div class='avia_textblock'  itemprop=\"text\" ><p>Ouvert tous les jours de 10h &#8211; 19h<\/p>\n<p><strong>NOTRE ADRESSE :<\/strong> \u00a010 rue Servandoni \u2013 75006 Paris<\/p>\n<p><strong>METRO\/RER \u00a0<\/strong><\/p>\n<ul>\n<li>Saint Sulpice \u2013 Ligne 4<\/li>\n<li>Mabillon \u2013 Ligne 10<\/li>\n<li>Od\u00e9on \u2013 Lignes 4 et 10<\/li>\n<li>S\u00e8vres-Babylone \u2013 Ligne 12<\/li>\n<li>Luxembourg \u2013 RER B<\/li>\n<\/ul>\n<p><strong>BUS \u00a0<\/strong><\/p>\n<ul>\n<li>Arr\u00eat S\u00e9nat\u00a0: Lignes 58, 84 et 89<\/li>\n<li>Arr\u00eat Eglise Saint Sulpice\u00a0: Lignes 63, 70, 86, 87 et 96<\/li>\n<\/ul>\n<p><strong>VELIB<\/strong><\/p>\n<ul>\n<li>Station N\u00b06022 \u2013 17 rue Lobineau<\/li>\n<li>Station N\u00b06017 \u2013 34 rue de Cond\u00e9<\/li>\n<\/ul>\n<\/div><\/section><\/p>\n<\/div><\/div>\n<\/div>\n<div id='av-layout-grid-3'  class='av-layout-grid-container av-av_layout_row-47be469afe8b40b0e817c87181d3e528 entry-content-wrapper main_color av-flex-cells  avia-builder-el-10  el_after_av_layout_row  avia-builder-el-last  grid-row-not-first  container_wrap sidebar_right'  >\n\n<style type=\"text\/css\" data-created_by=\"avia_inline_auto\" id=\"style-css-av-av_cell_one_half-bdcf2334a2d97418c29afd148b85bf37\">\n.flex_cell.av-av_cell_one_half-bdcf2334a2d97418c29afd148b85bf37{\nvertical-align:top;\nheight:400px;\nmin-height:400px;\nbackground-color:#c0d2e2;\n}\n.responsive #top #wrap_all .flex_cell.av-av_cell_one_half-bdcf2334a2d97418c29afd148b85bf37{\npadding:30px 30px 30px 30px !important;\n}\n<\/style>\n<div class='flex_cell av-av_cell_one_half-bdcf2334a2d97418c29afd148b85bf37 av-gridrow-cell av_one_half no_margin  avia-builder-el-11  el_before_av_cell_one_half  avia-builder-el-first '  ><div class='flex_cell_inner'><p>\n<style type=\"text\/css\" data-created_by=\"avia_inline_auto\" id=\"style-css-av-av_heading-cd8ce4a4fa0361f4898ca31f0c88e76d\">\n#top .av-special-heading.av-av_heading-cd8ce4a4fa0361f4898ca31f0c88e76d{\npadding-bottom:10px;\nfont-size:40px;\n}\nbody .av-special-heading.av-av_heading-cd8ce4a4fa0361f4898ca31f0c88e76d .av-special-heading-tag .heading-char{\nfont-size:25px;\n}\n#top #wrap_all .av-special-heading.av-av_heading-cd8ce4a4fa0361f4898ca31f0c88e76d .av-special-heading-tag{\nfont-size:40px;\n}\n.av-special-heading.av-av_heading-cd8ce4a4fa0361f4898ca31f0c88e76d .av-subheading{\nfont-size:15px;\n}\n\n@media only screen and (min-width: 480px) and (max-width: 767px){ \n#top #wrap_all .av-special-heading.av-av_heading-cd8ce4a4fa0361f4898ca31f0c88e76d .av-special-heading-tag{\nfont-size:0.8em;\n}\n}\n\n@media only screen and (max-width: 479px){ \n#top #wrap_all .av-special-heading.av-av_heading-cd8ce4a4fa0361f4898ca31f0c88e76d .av-special-heading-tag{\nfont-size:0.8em;\n}\n}\n<\/style>\n<div  class='av-special-heading av-av_heading-cd8ce4a4fa0361f4898ca31f0c88e76d av-special-heading-h2 blockquote modern-quote modern-centered  avia-builder-el-12  el_before_av_textblock  avia-builder-el-first  av-inherit-size'><h2 class='av-special-heading-tag '  itemprop=\"headline\"  >Tarifs<\/h2><div class=\"special-heading-border\"><div class=\"special-heading-inner-border\"><\/div><\/div><\/div><br \/>\n<section  class='av_textblock_section av-mkuzu1yn-9b5a71a70e1480dffb2b5ad69812c0ca '   itemscope=\"itemscope\" itemtype=\"https:\/\/schema.org\/CreativeWork\" ><div class='avia_textblock'  itemprop=\"text\" ><p><strong>CONDITIONS ET TARIFS<\/strong><\/p>\n<ul>\n<li>ADULTE :\u00a0 10\u20ac<\/li>\n<li>ENFANT (4 \u00e0 12 ANS) : 7\u20ac<\/li>\n<li>TARIF R\u00c9DUIT* :\u00a0 8\u20ac<\/li>\n<li>GRATUITE\u00a0: \u00a0Enfant de moins de 4 ans<\/li>\n<\/ul>\n<p>*Etudiants (jusqu\u2019\u00e0 25 ans), seniors (plus de 65 ans) et ch\u00f4meurs, sur pr\u00e9sentation d\u2019un justificatif.<\/p>\n<p><strong>CONDITIONS GROUPES<\/strong><\/p>\n<p>Visites autonomes<\/p>\n<ul>\n<li>\u00a0Tarif r\u00e9duit 6\u20ac\/pers. \u00e0 partir de 10 personnes.<\/li>\n<\/ul>\n<p>Visites guid\u00e9es<\/p>\n<ul>\n<li>A partir de 10 personnes, avec un suppl\u00e9ment de 3\u20ac\/pers. \u00a0Gratuit\u00e9 pour les accompagnateurs des groupes scolaires.<\/li>\n<\/ul>\n<p><strong>PASS MUNDOLINGUA PASSION<\/strong><\/p>\n<p>Le Pass Mundolingua Passion vous donne un acc\u00e8s illimit\u00e9 \u00e0 Mundolingua, pendant un an (\u00e0 compter de la date d\u2019achat) et vous informe de nos \u00e9v\u00e9nements,\u00a0en avant-premi\u00e8re, pour lesquels vous pourrez b\u00e9n\u00e9ficier de r\u00e9ductions (annonce de la r\u00e9duction lors de l\u2019\u00e9v\u00e9nement). \u00a0Le Pass est personnel et non cessible.<\/p>\n<ul>\n<li>PASS ADULTE : 30 \u20ac<\/li>\n<li>PASS ENFANT (4\/12 ANS) : 20 \u20ac<\/li>\n<li>PASS DUO : 50\u20ac (Une personne nominative et un\/e invit\u00e9\/e.)<\/li>\n<\/ul>\n<\/div><\/section><\/p>\n<\/div><\/div>\n<style type=\"text\/css\" data-created_by=\"avia_inline_auto\" id=\"style-css-av-av_cell_one_half-43670ca804baac614e0d082e279fec33\">\n.flex_cell.av-av_cell_one_half-43670ca804baac614e0d082e279fec33{\nvertical-align:top;\nheight:400px;\nmin-height:400px;\nbackground:url(https:\/\/www.mundolingua.org\/wp-content\/uploads\/2017\/05\/20170622_104252w1400-1030x580.jpg) 50% 50% no-repeat scroll ;\n}\n.responsive #top #wrap_all .flex_cell.av-av_cell_one_half-43670ca804baac614e0d082e279fec33{\npadding:30px 30px 30px 30px !important;\n}\n<\/style>\n<div class='flex_cell av-av_cell_one_half-43670ca804baac614e0d082e279fec33 av-gridrow-cell av_one_half no_margin  avia-builder-el-14  el_after_av_cell_one_half  avia-builder-el-last  avia-full-stretch'  ><div class='flex_cell_inner'><\/div><\/div><\/div>\n","protected":false},"excerpt":{"rendered":"","protected":false},"author":2,"featured_media":0,"parent":0,"menu_order":0,"comment_status":"closed","ping_status":"closed","template":"","meta":{"footnotes":""},"_links":{"self":[{"href":"https:\/\/www.mundolingua.org\/ar\/wp-json\/wp\/v2\/pages\/2721"}],"collection":[{"href":"https:\/\/www.mundolingua.org\/ar\/wp-json\/wp\/v2\/pages"}],"about":[{"href":"https:\/\/www.mundolingua.org\/ar\/wp-json\/wp\/v2\/types\/page"}],"author":[{"embeddable":true,"href":"https:\/\/www.mundolingua.org\/ar\/wp-json\/wp\/v2\/users\/2"}],"replies":[{"embeddable":true,"href":"https:\/\/www.mundolingua.org\/ar\/wp-json\/wp\/v2\/comments?post=2721"}],"version-history":[{"count":4,"href":"https:\/\/www.mundolingua.org\/ar\/wp-json\/wp\/v2\/pages\/2721\/revisions"}],"predecessor-version":[{"id":7055,"href":"https:\/\/www.mundolingua.org\/ar\/wp-json\/wp\/v2\/pages\/2721\/revisions\/7055"}],"wp:attachment":[{"href":"https:\/\/www.mundolingua.org\/ar\/wp-json\/wp\/v2\/media?parent=2721"}],"curies":[{"name":"wp","href":"https:\/\/api.w.org\/{rel}","templated":true}]}}